{"id":31046,"date":"2024-08-19T17:23:05","date_gmt":"2024-08-24T13:28:39","guid":{"rendered":"https:\/\/staging.nbg.eu\/product\/admin-dapper-pouch\/"},"modified":"2024-09-02T13:29:04","modified_gmt":"2024-09-02T13:29:04","slug":"pochette-admin-dapper","status":"publish","type":"product","link":"https:\/\/staging.nbg.eu\/fr\/produit\/pochette-admin-dapper\/","title":{"rendered":"Pochette Admin Dapper"},"content":{"rendered":"<div class=\"product-description\">\n<h2>Pochette Administrative Dapper de BlueForceGear<\/h2>\n<p>Organisez vos essentiels avec la polyvalente pochette administrative Dapper de BlueForceGear. Cette pochette compacte et l\u00e9g\u00e8re propose :<\/p>\n<ul>\n<li>Une construction durable en Cordura 500D<\/li>\n<li>Plusieurs poches internes pour un rangement efficace<\/li>\n<li>Des boucles \u00e9lastiques pour une r\u00e9tention s\u00fbre des objets<\/li>\n<li>Une fermeture \u00e0 glissi\u00e8re YKK pour un acc\u00e8s rapide<\/li>\n<\/ul>\n<p>Parfaite pour les militaires, les forces de l&rsquo;ordre ou pour un usage quotidien, la pochette administrative Dapper garde votre \u00e9quipement organis\u00e9 et accessible. Disponible en plusieurs couleurs pour s&rsquo;adapter \u00e0 votre kit ou \u00e0 vos pr\u00e9f\u00e9rences.<\/p>\n<\/div>\n","protected":false},"excerpt":{"rendered":"<p>Pochette administrative compacte et polyvalente pour les essentiels quotidiens. Durable et \u00e9l\u00e9gante.<\/p>\n","protected":false},"featured_media":22407,"template":"","meta":{"_acf_changed":false},"product_brand":[11128],"product_cat":[12160,12151],"product_tag":[],"class_list":{"0":"post-31046","1":"product","2":"type-product","3":"status-publish","4":"has-post-thumbnail","6":"product_brand-blue-force-gear","7":"product_cat-equipement","8":"product_cat-pochettes","10":"first","11":"instock","12":"taxable","13":"shipping-taxable","14":"purchasable","15":"product-type-simple"},"acf":[],"_links":{"self":[{"href":"https:\/\/staging.nbg.eu\/fr\/wp-json\/wp\/v2\/product\/31046","targetHints":{"allow":["GET"]}}],"collection":[{"href":"https:\/\/staging.nbg.eu\/fr\/wp-json\/wp\/v2\/product"}],"about":[{"href":"https:\/\/staging.nbg.eu\/fr\/wp-json\/wp\/v2\/types\/product"}],"wp:featuredmedia":[{"embeddable":true,"href":"https:\/\/staging.nbg.eu\/fr\/wp-json\/wp\/v2\/media\/22407"}],"wp:attachment":[{"href":"https:\/\/staging.nbg.eu\/fr\/wp-json\/wp\/v2\/media?parent=31046"}],"wp:term":[{"taxonomy":"product_brand","embeddable":true,"href":"https:\/\/staging.nbg.eu\/fr\/wp-json\/wp\/v2\/product_brand?post=31046"},{"taxonomy":"product_cat","embeddable":true,"href":"https:\/\/staging.nbg.eu\/fr\/wp-json\/wp\/v2\/product_cat?post=31046"},{"taxonomy":"product_tag","embeddable":true,"href":"https:\/\/staging.nbg.eu\/fr\/wp-json\/wp\/v2\/product_tag?post=31046"}],"curies":[{"name":"wp","href":"https:\/\/api.w.org\/{rel}","templated":true}]}}