{"id":290462,"date":"2025-03-02T06:50:24","date_gmt":"2025-03-27T10:27:56","guid":{"rendered":"https:\/\/staging.nbg.eu\/prodcut\/area-419-railchanger-shmedium-from-armageddon-gear\/"},"modified":"2025-03-27T10:30:19","modified_gmt":"2025-03-27T10:30:19","slug":"area-419-railchanger-shmedium-de-armageddon-gear","status":"publish","type":"product","link":"https:\/\/staging.nbg.eu\/fr\/produit\/area-419-railchanger-shmedium-de-armageddon-gear\/","title":{"rendered":"Area 419 &#8211; RailChanger Shmedium de Armageddon Gear"},"content":{"rendered":"<h2>Area 419 &#8211; RailChanger Shmedium<\/h2>\n<h2>par Armageddon Gear<\/h2>\n<p>Le RailChanger Shmedium est un accessoire de tir de pr\u00e9cision. Ce GameChanger a une taille moyenne et un remplissage dense, le rendant utile pour les sessions de tir.<\/p>\n<ul>\n<li><strong>Conception :<\/strong> Panneaux d\u00e9coup\u00e9s au laser sur le dessus et le c\u00f4t\u00e9 pour fixation au RCX<\/li>\n<li><strong>Dimensions :<\/strong> 20,3 \u00d7 15,2 \u00d7 15,2 cm<\/li>\n<li><strong>Poids :<\/strong> 3,2 kg<\/li>\n<li><strong>Fabrication :<\/strong> Produit par Armageddon Gear<\/li>\n<\/ul>\n<p>Le RailChanger Shmedium est un sac utilis\u00e9 sur les champs de tir. Il combine fonctionnalit\u00e9 et design.<\/p>\n","protected":false},"excerpt":{"rendered":"<p>GameChanger compact pour RCX \u00e0 remplissage dense. Compagnon parfait pour le stand de tir.<\/p>\n","protected":false},"featured_media":233493,"template":"","meta":{"_acf_changed":false},"product_brand":[11038],"product_cat":[12193,390],"product_tag":[],"class_list":{"0":"post-290462","1":"product","2":"type-product","3":"status-publish","4":"has-post-thumbnail","6":"product_brand-area-419","7":"product_cat-fusil","8":"product_cat-aiming","10":"first","11":"instock","12":"taxable","13":"shipping-taxable","14":"purchasable","15":"product-type-simple"},"acf":[],"_links":{"self":[{"href":"https:\/\/staging.nbg.eu\/fr\/wp-json\/wp\/v2\/product\/290462","targetHints":{"allow":["GET"]}}],"collection":[{"href":"https:\/\/staging.nbg.eu\/fr\/wp-json\/wp\/v2\/product"}],"about":[{"href":"https:\/\/staging.nbg.eu\/fr\/wp-json\/wp\/v2\/types\/product"}],"wp:featuredmedia":[{"embeddable":true,"href":"https:\/\/staging.nbg.eu\/fr\/wp-json\/wp\/v2\/media\/233493"}],"wp:attachment":[{"href":"https:\/\/staging.nbg.eu\/fr\/wp-json\/wp\/v2\/media?parent=290462"}],"wp:term":[{"taxonomy":"product_brand","embeddable":true,"href":"https:\/\/staging.nbg.eu\/fr\/wp-json\/wp\/v2\/product_brand?post=290462"},{"taxonomy":"product_cat","embeddable":true,"href":"https:\/\/staging.nbg.eu\/fr\/wp-json\/wp\/v2\/product_cat?post=290462"},{"taxonomy":"product_tag","embeddable":true,"href":"https:\/\/staging.nbg.eu\/fr\/wp-json\/wp\/v2\/product_tag?post=290462"}],"curies":[{"name":"wp","href":"https:\/\/api.w.org\/{rel}","templated":true}]}}