{"id":290332,"date":"2025-03-02T06:33:52","date_gmt":"2025-03-27T10:02:33","guid":{"rendered":"https:\/\/staging.nbg.eu\/prodcut\/area-419-railchanger-og-bag\/"},"modified":"2025-03-27T10:04:58","modified_gmt":"2025-03-27T10:04:58","slug":"area-419-sac-railchanger-og","status":"publish","type":"product","link":"https:\/\/staging.nbg.eu\/fr\/produit\/area-419-sac-railchanger-og\/","title":{"rendered":"Area 419 &#8211; Sac RailChanger OG"},"content":{"rendered":"<h2>Area 419 &#8211; Sac RailChanger OG<\/h2>\n<p>Le RailChanger OG d&rsquo;Armageddon Gear est con\u00e7u pour le syst\u00e8me RCX. Ce sac OG GameChanger de taille standard comprend des panneaux d\u00e9coup\u00e9s au laser sur le dessus et le c\u00f4t\u00e9, permettant une int\u00e9gration avec votre configuration RCX.<\/p>\n<h2>Caract\u00e9ristiques principales :<\/h2>\n<ul>\n<li>Con\u00e7u pour le syst\u00e8me RCX<\/li>\n<li>Panneaux d\u00e9coup\u00e9s au laser pour fixation<\/li>\n<li>Design OG GameChanger de taille standard<\/li>\n<li>Construction durable<\/li>\n<\/ul>\n<h2>Sp\u00e9cifications :<\/h2>\n<ul>\n<li>Poids : 3,2 kg<\/li>\n<li>Dimensions : 25,4 \u00d7 17,8 \u00d7 15,2 cm<\/li>\n<li>Couleurs disponibles : Noir, Beige<\/li>\n<\/ul>\n<p>Le RailChanger OG est le sac con\u00e7u pour le syst\u00e8me RCX.<\/p>\n","protected":false},"excerpt":{"rendered":"<p>Sac GameChanger personnalis\u00e9 pour RCX : panneaux d\u00e9coup\u00e9s au laser, taille standard, polyvalent.<\/p>\n","protected":false},"featured_media":233468,"template":"","meta":{"_acf_changed":false},"product_brand":[11038],"product_cat":[12193],"product_tag":[],"class_list":{"0":"post-290332","1":"product","2":"type-product","3":"status-publish","4":"has-post-thumbnail","6":"product_brand-area-419","7":"product_cat-fusil","9":"first","10":"outofstock","11":"taxable","12":"shipping-taxable","13":"purchasable","14":"product-type-variable","15":"wvs-archive-product-wrapper"},"acf":[],"_links":{"self":[{"href":"https:\/\/staging.nbg.eu\/fr\/wp-json\/wp\/v2\/product\/290332","targetHints":{"allow":["GET"]}}],"collection":[{"href":"https:\/\/staging.nbg.eu\/fr\/wp-json\/wp\/v2\/product"}],"about":[{"href":"https:\/\/staging.nbg.eu\/fr\/wp-json\/wp\/v2\/types\/product"}],"wp:featuredmedia":[{"embeddable":true,"href":"https:\/\/staging.nbg.eu\/fr\/wp-json\/wp\/v2\/media\/233468"}],"wp:attachment":[{"href":"https:\/\/staging.nbg.eu\/fr\/wp-json\/wp\/v2\/media?parent=290332"}],"wp:term":[{"taxonomy":"product_brand","embeddable":true,"href":"https:\/\/staging.nbg.eu\/fr\/wp-json\/wp\/v2\/product_brand?post=290332"},{"taxonomy":"product_cat","embeddable":true,"href":"https:\/\/staging.nbg.eu\/fr\/wp-json\/wp\/v2\/product_cat?post=290332"},{"taxonomy":"product_tag","embeddable":true,"href":"https:\/\/staging.nbg.eu\/fr\/wp-json\/wp\/v2\/product_tag?post=290332"}],"curies":[{"name":"wp","href":"https:\/\/api.w.org\/{rel}","templated":true}]}}