{"id":289889,"date":"2025-03-01T16:08:15","date_gmt":"2025-03-26T21:40:28","guid":{"rendered":"https:\/\/staging.nbg.eu\/prodcut\/area-419-arcalock-barricade-stop\/"},"modified":"2025-03-26T21:42:54","modified_gmt":"2025-03-26T21:42:54","slug":"area-419-butee-de-barricade-arcalock","status":"publish","type":"product","link":"https:\/\/staging.nbg.eu\/fr\/produit\/area-419-butee-de-barricade-arcalock\/","title":{"rendered":"Area 419 &#8211; But\u00e9e de Barricade ARCALOCK"},"content":{"rendered":"<h2>Area 419 &#8211; But\u00e9e de barricade ARCALOCK<\/h2>\n<p>Am\u00e9liorez votre syst\u00e8me ARCALOCK avec cette but\u00e9e de barricade suppl\u00e9mentaire, con\u00e7ue pour la stabilit\u00e9 et la pr\u00e9cision.<\/p>\n<h2>Caract\u00e9ristiques principales :<\/h2>\n<ul>\n<li>Mod\u00e8le de boulon compatible avec le bipied Atlas<\/li>\n<li>Installation polyvalente : entre la pince et le bipied ou utilisable seul<\/li>\n<li>Dents avant pour une meilleure adh\u00e9rence sur les barricades<\/li>\n<li>Usin\u00e9 en interne \u00e0 partir d&rsquo;aluminium 6061-T6<\/li>\n<li>Poids de 0,23 kg<\/li>\n<li>Dimensions : 15,24 cm \u00d7 8,89 cm \u00d7 5,08 cm<\/li>\n<\/ul>\n<p><strong>Note :<\/strong> But\u00e9e de barricade uniquement ; pince et bipied non inclus. Non compatible avec le bipied Harris sans notre extension.<\/p>\n<p>La but\u00e9e de barricade ARCALOCK d&rsquo;Area 419 est un accessoire pour la stabilit\u00e9 lors du tir.<\/p>\n","protected":false},"excerpt":{"rendered":"<p>But\u00e9e de barricade ARCALOCK Area 419 : Prise s\u00fbre pour un tir de pr\u00e9cision.<\/p>\n","protected":false},"featured_media":233038,"template":"","meta":{"_acf_changed":false},"product_brand":[11038],"product_cat":[12193,12164,12141,12142],"product_tag":[],"class_list":{"0":"post-289889","1":"product","2":"type-product","3":"status-publish","4":"has-post-thumbnail","6":"product_brand-area-419","7":"product_cat-fusil","8":"product_cat-poignees-carabine","9":"product_cat-rails","10":"product_cat-tuning-carabine","12":"first","13":"instock","14":"taxable","15":"shipping-taxable","16":"purchasable","17":"product-type-simple"},"acf":[],"_links":{"self":[{"href":"https:\/\/staging.nbg.eu\/fr\/wp-json\/wp\/v2\/product\/289889","targetHints":{"allow":["GET"]}}],"collection":[{"href":"https:\/\/staging.nbg.eu\/fr\/wp-json\/wp\/v2\/product"}],"about":[{"href":"https:\/\/staging.nbg.eu\/fr\/wp-json\/wp\/v2\/types\/product"}],"wp:featuredmedia":[{"embeddable":true,"href":"https:\/\/staging.nbg.eu\/fr\/wp-json\/wp\/v2\/media\/233038"}],"wp:attachment":[{"href":"https:\/\/staging.nbg.eu\/fr\/wp-json\/wp\/v2\/media?parent=289889"}],"wp:term":[{"taxonomy":"product_brand","embeddable":true,"href":"https:\/\/staging.nbg.eu\/fr\/wp-json\/wp\/v2\/product_brand?post=289889"},{"taxonomy":"product_cat","embeddable":true,"href":"https:\/\/staging.nbg.eu\/fr\/wp-json\/wp\/v2\/product_cat?post=289889"},{"taxonomy":"product_tag","embeddable":true,"href":"https:\/\/staging.nbg.eu\/fr\/wp-json\/wp\/v2\/product_tag?post=289889"}],"curies":[{"name":"wp","href":"https:\/\/api.w.org\/{rel}","templated":true}]}}