{"id":289762,"date":"2025-03-01T16:03:10","date_gmt":"2025-03-26T21:35:22","guid":{"rendered":"https:\/\/staging.nbg.eu\/prodcut\/area-419-arcalock-8-universal-dovetail-rail\/"},"modified":"2025-03-26T21:37:49","modified_gmt":"2025-03-26T21:37:49","slug":"area-419-rail-queue-daronde-universel-arcalock-8","status":"publish","type":"product","link":"https:\/\/staging.nbg.eu\/fr\/produit\/area-419-rail-queue-daronde-universel-arcalock-8\/","title":{"rendered":"Area 419 &#8211; Rail Queue d&rsquo;Aronde Universel ARCALOCK 8&Prime;"},"content":{"rendered":"<div class=\"product-description\">\n<h2>Area 419 &#8211; Rail en queue d&rsquo;aronde universel ARCALOCK 8&Prime;<\/h2>\n<p>Le rail universel en queue d&rsquo;aronde ARCALOCK 8&Prime; d&rsquo;Area 419 pr\u00e9sente les caract\u00e9ristiques suivantes :<\/p>\n<ul>\n<li>C\u00f4t\u00e9s dentel\u00e9s pour le verrouillage m\u00e9canique avec les pinces Area 419<\/li>\n<li>Compatibilit\u00e9 avec les accessoires ARCA standard<\/li>\n<li>Longueur de 8&Prime; pour une couverture compl\u00e8te du f\u00fbt<\/li>\n<li>Conception l\u00e9g\u00e8re de 3 oz<\/li>\n<li>Conforme \u00e0 la norme RRS 1.5&Prime; en queue d&rsquo;aronde<\/li>\n<li>Bords arrondis<\/li>\n<li>Finition anodis\u00e9e dure de type 3<\/li>\n<li>Fabriqu\u00e9 aux \u00c9tats-Unis en aluminium 6061-T6<\/li>\n<\/ul>\n<p>Le syst\u00e8me de rail ARCALOCK est con\u00e7u pour am\u00e9liorer la stabilit\u00e9 et la polyvalence.<\/p>\n<\/div>\n","protected":false},"excerpt":{"rendered":"<p>ARCALOCK d&rsquo;Area 419 : rail \u00e0 queue d&rsquo;aronde verrouillable de 20 cm pour fusils de pr\u00e9cision.<\/p>\n","protected":false},"featured_media":232888,"template":"","meta":{"_acf_changed":false},"product_brand":[11038],"product_cat":[12193,12141,390],"product_tag":[],"class_list":{"0":"post-289762","1":"product","2":"type-product","3":"status-publish","4":"has-post-thumbnail","6":"product_brand-area-419","7":"product_cat-fusil","8":"product_cat-rails","9":"product_cat-aiming","11":"first","12":"instock","13":"taxable","14":"shipping-taxable","15":"purchasable","16":"product-type-simple"},"acf":[],"_links":{"self":[{"href":"https:\/\/staging.nbg.eu\/fr\/wp-json\/wp\/v2\/product\/289762","targetHints":{"allow":["GET"]}}],"collection":[{"href":"https:\/\/staging.nbg.eu\/fr\/wp-json\/wp\/v2\/product"}],"about":[{"href":"https:\/\/staging.nbg.eu\/fr\/wp-json\/wp\/v2\/types\/product"}],"wp:featuredmedia":[{"embeddable":true,"href":"https:\/\/staging.nbg.eu\/fr\/wp-json\/wp\/v2\/media\/232888"}],"wp:attachment":[{"href":"https:\/\/staging.nbg.eu\/fr\/wp-json\/wp\/v2\/media?parent=289762"}],"wp:term":[{"taxonomy":"product_brand","embeddable":true,"href":"https:\/\/staging.nbg.eu\/fr\/wp-json\/wp\/v2\/product_brand?post=289762"},{"taxonomy":"product_cat","embeddable":true,"href":"https:\/\/staging.nbg.eu\/fr\/wp-json\/wp\/v2\/product_cat?post=289762"},{"taxonomy":"product_tag","embeddable":true,"href":"https:\/\/staging.nbg.eu\/fr\/wp-json\/wp\/v2\/product_tag?post=289762"}],"curies":[{"name":"wp","href":"https:\/\/api.w.org\/{rel}","templated":true}]}}