{"id":289556,"date":"2025-03-01T14:21:59","date_gmt":"2025-03-26T21:27:51","guid":{"rendered":"https:\/\/staging.nbg.eu\/prodcut\/area-419-arcalock-10%e2%80%b3-universal-dovetail-rail\/"},"modified":"2025-03-26T21:30:23","modified_gmt":"2025-03-26T21:30:23","slug":"area-419-rail-queue-daronde-universel-arcalock-10","status":"publish","type":"product","link":"https:\/\/staging.nbg.eu\/fr\/produit\/area-419-rail-queue-daronde-universel-arcalock-10\/","title":{"rendered":"Area 419 &#8211; Rail Queue d&rsquo;Aronde Universel ARCALOCK 10&Prime;"},"content":{"rendered":"<div class=\"product-description\">\n<h2>Area 419 &#8211; Rail \u00e0 queue d&rsquo;aronde universel ARCALOCK 10&Prime;<\/h2>\n<p>Rail ARCALOCK 10&Prime; universel \u00e0 queue d&rsquo;aronde d&rsquo;Area 419. Ce rail pr\u00e9sente :<\/p>\n<ul>\n<li>C\u00f4t\u00e9s dentel\u00e9s pour verrouillage m\u00e9canique avec les pinces Area 419<\/li>\n<li>Compatibilit\u00e9 avec les accessoires Arca standard<\/li>\n<li>Poids de 116 grammes<\/li>\n<li>Conforme \u00e0 la norme RRS 1.5&Prime; \u00e0 queue d&rsquo;aronde<\/li>\n<li>Bords chanfrein\u00e9s<\/li>\n<li>Construction en aluminium 6061-T6 anodis\u00e9 dur de Type 3<\/li>\n<li>Fabriqu\u00e9 aux \u00c9tats-Unis<\/li>\n<li>Emplacements M-LOK pour montage d&rsquo;accessoires suppl\u00e9mentaires<\/li>\n<\/ul>\n<p><strong>Note :<\/strong> N\u00e9cessite 6 emplacements MLOK cons\u00e9cutifs pour la fixation. Pour les crosses avec moins d&#8217;emplacements, consid\u00e9rez le rail universel de 12&Prime;.<\/p>\n<p>Rail \u00e0 queue d&rsquo;aronde ARCALOCK.<\/p>\n<\/div>\n","protected":false},"excerpt":{"rendered":"<p>Rail \u00e0 queue d&rsquo;aronde universel ARCALOCK 10&#8243; : Fixation MLOK s\u00fbre et polyvalente pour fusils de pr\u00e9cision.<\/p>\n","protected":false},"featured_media":232422,"template":"","meta":{"_acf_changed":false},"product_brand":[11038],"product_cat":[12193,12141,390],"product_tag":[],"class_list":{"0":"post-289556","1":"product","2":"type-product","3":"status-publish","4":"has-post-thumbnail","6":"product_brand-area-419","7":"product_cat-fusil","8":"product_cat-rails","9":"product_cat-aiming","11":"first","12":"instock","13":"taxable","14":"shipping-taxable","15":"purchasable","16":"product-type-simple"},"acf":[],"_links":{"self":[{"href":"https:\/\/staging.nbg.eu\/fr\/wp-json\/wp\/v2\/product\/289556","targetHints":{"allow":["GET"]}}],"collection":[{"href":"https:\/\/staging.nbg.eu\/fr\/wp-json\/wp\/v2\/product"}],"about":[{"href":"https:\/\/staging.nbg.eu\/fr\/wp-json\/wp\/v2\/types\/product"}],"wp:featuredmedia":[{"embeddable":true,"href":"https:\/\/staging.nbg.eu\/fr\/wp-json\/wp\/v2\/media\/232422"}],"wp:attachment":[{"href":"https:\/\/staging.nbg.eu\/fr\/wp-json\/wp\/v2\/media?parent=289556"}],"wp:term":[{"taxonomy":"product_brand","embeddable":true,"href":"https:\/\/staging.nbg.eu\/fr\/wp-json\/wp\/v2\/product_brand?post=289556"},{"taxonomy":"product_cat","embeddable":true,"href":"https:\/\/staging.nbg.eu\/fr\/wp-json\/wp\/v2\/product_cat?post=289556"},{"taxonomy":"product_tag","embeddable":true,"href":"https:\/\/staging.nbg.eu\/fr\/wp-json\/wp\/v2\/product_tag?post=289556"}],"curies":[{"name":"wp","href":"https:\/\/api.w.org\/{rel}","templated":true}]}}