{"id":289412,"date":"2025-03-01T15:46:12","date_gmt":"2025-03-26T21:23:40","guid":{"rendered":"https:\/\/staging.nbg.eu\/prodcut\/area-419-arcalock-14-universal-dovetail-rail\/"},"modified":"2025-03-26T21:26:10","modified_gmt":"2025-03-26T21:26:10","slug":"area-419-rail-queue-daronde-universel-arcalock-14","status":"publish","type":"product","link":"https:\/\/staging.nbg.eu\/fr\/produit\/area-419-rail-queue-daronde-universel-arcalock-14\/","title":{"rendered":"Area 419 &#8211; Rail Queue d&rsquo;Aronde Universel ARCALOCK 14&Prime;"},"content":{"rendered":"<h2>Area 419 &#8211; Rail \u00e0 queue d&rsquo;aronde universel ARCALOCK 14&Prime;<\/h2>\n<p>Le rail \u00e0 queue d&rsquo;aronde universel ARCALOCK 14&Prime; d&rsquo;Area 419 pr\u00e9sente les caract\u00e9ristiques suivantes :<\/p>\n<ul>\n<li>C\u00f4t\u00e9s dentel\u00e9s pour verrouillage m\u00e9canique avec les pinces Area 419<\/li>\n<li>65 positions de verrouillage sur le rail de 14&Prime;<\/li>\n<li>Compatibilit\u00e9 avec les accessoires Arca standard<\/li>\n<li>But\u00e9e de barricade arri\u00e8re fixe dentel\u00e9e avec bouchon d&rsquo;extension<\/li>\n<li>Conception l\u00e9g\u00e8re pesant 158,7 grammes<\/li>\n<li>Conforme \u00e0 la norme RRS 1,5&Prime; pour queue d&rsquo;aronde<\/li>\n<li>Coins arrondis et bords chanfrein\u00e9s pour le confort<\/li>\n<li>Construction en aluminium 6061-T6 anodis\u00e9 dur de type 3<\/li>\n<li>Fabriqu\u00e9 aux \u00c9tats-Unis<\/li>\n<\/ul>\n<p>Le syst\u00e8me de rail ARCALOCK est con\u00e7u pour la pr\u00e9cision et la performance.<\/p>\n","protected":false},"excerpt":{"rendered":"<p>\u00ab\u00a0Rail ARCA verrouillable pour fusils de pr\u00e9cision. 35,5 cm, 65 positions, 159 grammes.\u00a0\u00bb<\/p>\n","protected":false},"featured_media":232585,"template":"","meta":{"_acf_changed":false},"product_brand":[11038],"product_cat":[12193,12141,390],"product_tag":[],"class_list":{"0":"post-289412","1":"product","2":"type-product","3":"status-publish","4":"has-post-thumbnail","6":"product_brand-area-419","7":"product_cat-fusil","8":"product_cat-rails","9":"product_cat-aiming","11":"first","12":"instock","13":"taxable","14":"shipping-taxable","15":"purchasable","16":"product-type-simple"},"acf":[],"_links":{"self":[{"href":"https:\/\/staging.nbg.eu\/fr\/wp-json\/wp\/v2\/product\/289412","targetHints":{"allow":["GET"]}}],"collection":[{"href":"https:\/\/staging.nbg.eu\/fr\/wp-json\/wp\/v2\/product"}],"about":[{"href":"https:\/\/staging.nbg.eu\/fr\/wp-json\/wp\/v2\/types\/product"}],"wp:featuredmedia":[{"embeddable":true,"href":"https:\/\/staging.nbg.eu\/fr\/wp-json\/wp\/v2\/media\/232585"}],"wp:attachment":[{"href":"https:\/\/staging.nbg.eu\/fr\/wp-json\/wp\/v2\/media?parent=289412"}],"wp:term":[{"taxonomy":"product_brand","embeddable":true,"href":"https:\/\/staging.nbg.eu\/fr\/wp-json\/wp\/v2\/product_brand?post=289412"},{"taxonomy":"product_cat","embeddable":true,"href":"https:\/\/staging.nbg.eu\/fr\/wp-json\/wp\/v2\/product_cat?post=289412"},{"taxonomy":"product_tag","embeddable":true,"href":"https:\/\/staging.nbg.eu\/fr\/wp-json\/wp\/v2\/product_tag?post=289412"}],"curies":[{"name":"wp","href":"https:\/\/api.w.org\/{rel}","templated":true}]}}