{"id":289084,"date":"2025-03-05T07:17:43","date_gmt":"2025-03-26T19:44:19","guid":{"rendered":"https:\/\/staging.nbg.eu\/prodcut\/magpul-ctr-carbine-stock-for-ar15-m4\/"},"modified":"2025-03-26T19:46:50","modified_gmt":"2025-03-26T19:46:50","slug":"magpul-crosse-carabine-ctr-pour-ar15-m4","status":"publish","type":"product","link":"https:\/\/staging.nbg.eu\/fr\/produit\/magpul-crosse-carabine-ctr-pour-ar15-m4\/","title":{"rendered":"Magpul &#8211; Crosse Carabine CTR\u2122 pour AR15 \/ M4"},"content":{"rendered":"<div class=\"product-description\">\n<h2>Crosse Magpul CTR\u2122 pour carabine AR15 \/ M4<\/h2>\n<p>La Magpul CTR (Compact\/Type Restricted) &#8211; mod\u00e8le Mil-Spec est une crosse de remplacement pour carabine AR15 \/ M16. Elle pr\u00e9sente les caract\u00e9ristiques suivantes :<\/p>\n<ul>\n<li>Profil en A pour \u00e9viter les accrochages<\/li>\n<li>Loquet de d\u00e9verrouillage prot\u00e9g\u00e9 pour \u00e9viter une activation accidentelle<\/li>\n<li>Syst\u00e8me de verrouillage par friction suppl\u00e9mentaire pour am\u00e9liorer la stabilit\u00e9<\/li>\n<li>Fixation de sangle QD ambidextre compatible avec les \u00e9merillons \u00e0 bouton-poussoir<\/li>\n<li>Plaque de couche en caoutchouc de 0,3 pouce d&rsquo;\u00e9paisseur<\/li>\n<\/ul>\n<p>Compatible avec les tubes de r\u00e9ception de taille Mil-Spec, cette crosse fabriqu\u00e9e aux \u00c9tats-Unis offre une plage de r\u00e9glage de la longueur de 3,3 pouces. Avec une longueur maximale de 7,0 pouces et un poids de 8,9 oz, la crosse CTR offre un \u00e9quilibre entre fonctionnalit\u00e9 et confort pour votre carabine.<\/p>\n<p><strong>Remarque :<\/strong> Compatible uniquement avec les extensions de r\u00e9cepteur Mil-Spec. Assurez-vous que votre carabine a le tube correct avant l&rsquo;achat.<\/p>\n<\/div>\n","protected":false},"excerpt":{"rendered":"<p>Crosse compacte pour AR15\/M4. Profil\u00e9e, stable, avec fixation rapide pour sangle.<\/p>\n","protected":false},"featured_media":237493,"template":"","meta":{"_acf_changed":false},"product_brand":[11544],"product_cat":[12153,12193,12142],"product_tag":[],"class_list":{"0":"post-289084","1":"product","2":"type-product","3":"status-publish","4":"has-post-thumbnail","6":"product_brand-magpul","7":"product_cat-crosses-de-carabine","8":"product_cat-fusil","9":"product_cat-tuning-carabine","11":"first","12":"instock","13":"taxable","14":"shipping-taxable","15":"purchasable","16":"product-type-simple"},"acf":[],"_links":{"self":[{"href":"https:\/\/staging.nbg.eu\/fr\/wp-json\/wp\/v2\/product\/289084","targetHints":{"allow":["GET"]}}],"collection":[{"href":"https:\/\/staging.nbg.eu\/fr\/wp-json\/wp\/v2\/product"}],"about":[{"href":"https:\/\/staging.nbg.eu\/fr\/wp-json\/wp\/v2\/types\/product"}],"wp:featuredmedia":[{"embeddable":true,"href":"https:\/\/staging.nbg.eu\/fr\/wp-json\/wp\/v2\/media\/237493"}],"wp:attachment":[{"href":"https:\/\/staging.nbg.eu\/fr\/wp-json\/wp\/v2\/media?parent=289084"}],"wp:term":[{"taxonomy":"product_brand","embeddable":true,"href":"https:\/\/staging.nbg.eu\/fr\/wp-json\/wp\/v2\/product_brand?post=289084"},{"taxonomy":"product_cat","embeddable":true,"href":"https:\/\/staging.nbg.eu\/fr\/wp-json\/wp\/v2\/product_cat?post=289084"},{"taxonomy":"product_tag","embeddable":true,"href":"https:\/\/staging.nbg.eu\/fr\/wp-json\/wp\/v2\/product_tag?post=289084"}],"curies":[{"name":"wp","href":"https:\/\/api.w.org\/{rel}","templated":true}]}}