{"id":288851,"date":"2025-03-05T10:45:22","date_gmt":"2025-03-05T10:45:22","guid":{"rendered":"https:\/\/staging.nbg.eu\/prodcut\/magpul-pmag-ar-m4-gen-m3-10rds\/"},"modified":"2025-03-26T19:10:17","modified_gmt":"2025-03-26T19:10:17","slug":"magpul-pmag-arm4-gen-m3","status":"publish","type":"product","link":"https:\/\/staging.nbg.eu\/fr\/produit\/magpul-pmag-arm4-gen-m3\/","title":{"rendered":"Magpul &#8211; PMAG\u00ae AR\/M4 GEN M3\u2122"},"content":{"rendered":"<h2>Magpul &#8211; PMAG\u00ae AR\/M4 GEN M3\u2122<\/h2>\n<p>Le PMAG 10 GEN M3 est un chargeur en polym\u00e8re de 10 cartouches pour les armes compatibles AR15\/M4. Il offre :<\/p>\n<ul>\n<li>Une construction en polym\u00e8re avanc\u00e9 pour plus de r\u00e9sistance<\/li>\n<li>Une compatibilit\u00e9 avec diff\u00e9rentes plateformes, dont HK\u00ae 416 et FN\u00ae SCAR\u2122 MK 16\/16S<\/li>\n<li>Un syst\u00e8me anti-basculement \u00e0 quatre directions pour l&rsquo;alimentation<\/li>\n<li>Un d\u00e9montage facile et une protection am\u00e9lior\u00e9e contre les chutes gr\u00e2ce \u00e0 une base \u00e9vas\u00e9e<\/li>\n<li>Une g\u00e9om\u00e9trie interne \u00e0 courbe constante pour un fonctionnement fluide<\/li>\n<li>Une surface nervur\u00e9e et textur\u00e9e pour une meilleure prise en main<\/li>\n<\/ul>\n<p>Fabriqu\u00e9 aux \u00c9tats-Unis, le PMAG 10 GEN M3 est compact, adapt\u00e9 au tir couch\u00e9 et \u00e0 diverses utilisations tactiques.<\/p>\n","protected":false},"excerpt":{"rendered":"<p>Chargeur AR15\/M4 durable de 10 coups avec des caract\u00e9ristiques am\u00e9lior\u00e9es et une compatibilit\u00e9 accrue.<\/p>\n","protected":false},"featured_media":239088,"template":"","meta":{"_acf_changed":false},"product_brand":[11544],"product_cat":[12176,12193],"product_tag":[],"class_list":{"0":"post-288851","1":"product","2":"type-product","3":"status-publish","4":"has-post-thumbnail","6":"product_brand-magpul","7":"product_cat-chargeurs-de-fusil","8":"product_cat-fusil","10":"first","11":"instock","12":"taxable","13":"shipping-taxable","14":"product-type-variable","15":"wvs-archive-product-wrapper"},"acf":[],"_links":{"self":[{"href":"https:\/\/staging.nbg.eu\/fr\/wp-json\/wp\/v2\/product\/288851","targetHints":{"allow":["GET"]}}],"collection":[{"href":"https:\/\/staging.nbg.eu\/fr\/wp-json\/wp\/v2\/product"}],"about":[{"href":"https:\/\/staging.nbg.eu\/fr\/wp-json\/wp\/v2\/types\/product"}],"wp:featuredmedia":[{"embeddable":true,"href":"https:\/\/staging.nbg.eu\/fr\/wp-json\/wp\/v2\/media\/239088"}],"wp:attachment":[{"href":"https:\/\/staging.nbg.eu\/fr\/wp-json\/wp\/v2\/media?parent=288851"}],"wp:term":[{"taxonomy":"product_brand","embeddable":true,"href":"https:\/\/staging.nbg.eu\/fr\/wp-json\/wp\/v2\/product_brand?post=288851"},{"taxonomy":"product_cat","embeddable":true,"href":"https:\/\/staging.nbg.eu\/fr\/wp-json\/wp\/v2\/product_cat?post=288851"},{"taxonomy":"product_tag","embeddable":true,"href":"https:\/\/staging.nbg.eu\/fr\/wp-json\/wp\/v2\/product_tag?post=288851"}],"curies":[{"name":"wp","href":"https:\/\/api.w.org\/{rel}","templated":true}]}}