{"id":288694,"date":"2025-03-05T08:15:00","date_gmt":"2025-03-26T18:11:09","guid":{"rendered":"https:\/\/staging.nbg.eu\/prodcut\/magpul-prs-lite-precision-adjustable-stock\/"},"modified":"2025-03-26T18:13:42","modified_gmt":"2025-03-26T18:13:42","slug":"magpul-crosse-de-precision-ajustable-prs-lite","status":"publish","type":"product","link":"https:\/\/staging.nbg.eu\/fr\/produit\/magpul-crosse-de-precision-ajustable-prs-lite\/","title":{"rendered":"Magpul &#8211; Crosse de Pr\u00e9cision Ajustable PRS Lite"},"content":{"rendered":"<div class=\"product-description\">\n<h2>Crosse ajustable de pr\u00e9cision Magpul PRS Lite<\/h2>\n<p>La Magpul PRS Lite offre une ajustabilit\u00e9 de pr\u00e9cision dans un ensemble l\u00e9ger, pesant 530 g. Compatible avec les tubes d&rsquo;extension Mil-Spec USGI carbine\/SR25 r\u00e9tractables\/A5 pour les fusils de calibre .223 et .308.<\/p>\n<h3>Caract\u00e9ristiques principales :<\/h3>\n<ul>\n<li>Construction en polym\u00e8re et m\u00e9tal l\u00e9ger<\/li>\n<li>Hauteur de busc r\u00e9glable (0-20,3 mm par incr\u00e9ments de 2,54 mm)<\/li>\n<li>Longueur de crosse r\u00e9glable (351,8-387,4 mm par incr\u00e9ments de 3,56 mm)<\/li>\n<li>Plaque de couche en caoutchouc antid\u00e9rapante r\u00e9glable en hauteur et en inclinaison<\/li>\n<li>Plusieurs options de fixation pour la sangle<\/li>\n<\/ul>\n<p>Con\u00e7ue selon les normes militaires, la PRS Lite fournit une interface optimis\u00e9e pour le tireur \u00e0 pr\u00e8s de la moiti\u00e9 du prix de son homologue complet. La crosse comprend une plaque de couche en caoutchouc \u00e0 profil bas pour la stabilit\u00e9 et diverses options de montage de sangle pour la polyvalence.<\/p>\n<p><strong>Fabriqu\u00e9 aux \u00c9tats-Unis<\/strong><\/p>\n<\/div>\n","protected":false},"excerpt":{"rendered":"<p>Crosse AR l\u00e9g\u00e8re et ajustable. Contr\u00f4le pr\u00e9cis du busc et de la longueur de crosse.<\/p>\n","protected":false},"featured_media":238453,"template":"","meta":{"_acf_changed":false},"product_brand":[11544],"product_cat":[12153,12193,12142],"product_tag":[],"class_list":{"0":"post-288694","1":"product","2":"type-product","3":"status-publish","4":"has-post-thumbnail","6":"product_brand-magpul","7":"product_cat-crosses-de-carabine","8":"product_cat-fusil","9":"product_cat-tuning-carabine","11":"first","12":"instock","13":"taxable","14":"shipping-taxable","15":"purchasable","16":"product-type-variable","17":"wvs-archive-product-wrapper"},"acf":[],"_links":{"self":[{"href":"https:\/\/staging.nbg.eu\/fr\/wp-json\/wp\/v2\/product\/288694","targetHints":{"allow":["GET"]}}],"collection":[{"href":"https:\/\/staging.nbg.eu\/fr\/wp-json\/wp\/v2\/product"}],"about":[{"href":"https:\/\/staging.nbg.eu\/fr\/wp-json\/wp\/v2\/types\/product"}],"wp:featuredmedia":[{"embeddable":true,"href":"https:\/\/staging.nbg.eu\/fr\/wp-json\/wp\/v2\/media\/238453"}],"wp:attachment":[{"href":"https:\/\/staging.nbg.eu\/fr\/wp-json\/wp\/v2\/media?parent=288694"}],"wp:term":[{"taxonomy":"product_brand","embeddable":true,"href":"https:\/\/staging.nbg.eu\/fr\/wp-json\/wp\/v2\/product_brand?post=288694"},{"taxonomy":"product_cat","embeddable":true,"href":"https:\/\/staging.nbg.eu\/fr\/wp-json\/wp\/v2\/product_cat?post=288694"},{"taxonomy":"product_tag","embeddable":true,"href":"https:\/\/staging.nbg.eu\/fr\/wp-json\/wp\/v2\/product_tag?post=288694"}],"curies":[{"name":"wp","href":"https:\/\/api.w.org\/{rel}","templated":true}]}}