{"id":288162,"date":"2025-03-06T10:17:52","date_gmt":"2025-03-26T17:21:39","guid":{"rendered":"https:\/\/staging.nbg.eu\/prodcut\/ftcs-dong-handguard-m-lok-akm\/"},"modified":"2025-03-26T17:24:04","modified_gmt":"2025-03-26T17:24:04","slug":"ftcs-garde-main-dong-m-lok-akm","status":"publish","type":"product","link":"https:\/\/staging.nbg.eu\/fr\/produit\/ftcs-garde-main-dong-m-lok-akm\/","title":{"rendered":"FTCS &#8211; Garde-main \u00ab\u00a0Dong\u00a0\u00bb &#8211; M-LOK &#8211; AKM"},"content":{"rendered":"<div class=\"product-description\">\n<h2>FTCS &#8211; Garde-main \u00ab\u00a0Dong\u00a0\u00bb &#8211; M-LOK &#8211; AKM<\/h2>\n<p>Garde-main FTCS \u00ab\u00a0Dong\u00a0\u00bb pour fusils AKM\/AKMS. Ce garde-main de style AIMS comprend :<\/p>\n<ul>\n<li>Construction en bois l\u00e9g\u00e8re<\/li>\n<li>Poign\u00e9e avant int\u00e9gr\u00e9e<\/li>\n<li>Emplacements M-LOK pour le montage d&rsquo;accessoires<\/li>\n<li>Compatible avec les crosses repliables<\/li>\n<li>Finition Cerakote noir graphite<\/li>\n<\/ul>\n<p>Pesant 141g et mesurant 160x120x35mm, ce garde-main offre une ergonomie am\u00e9lior\u00e9e. Les rails M-LOK lat\u00e9raux permettent la fixation de lampes, lasers et autres accessoires tout en conservant l&rsquo;aspect du bois.<\/p>\n<p>Le garde-main FTCS \u00ab\u00a0Dong\u00a0\u00bb est disponible pour votre AKM.<\/p>\n<\/div>\n","protected":false},"excerpt":{"rendered":"<p>Garde-main en bois classique de style AIMS pour AKM avec rails M-LOK.<\/p>\n","protected":false},"featured_media":240993,"template":"","meta":{"_acf_changed":false},"product_brand":[11308],"product_cat":[12164,12127,12142],"product_tag":[],"class_list":{"0":"post-288162","1":"product","2":"type-product","3":"status-publish","4":"has-post-thumbnail","6":"product_brand-ftcs","7":"product_cat-poignees-carabine","8":"product_cat-tuning-ak","9":"product_cat-tuning-carabine","11":"first","12":"instock","13":"taxable","14":"shipping-taxable","15":"purchasable","16":"product-type-simple"},"acf":[],"_links":{"self":[{"href":"https:\/\/staging.nbg.eu\/fr\/wp-json\/wp\/v2\/product\/288162","targetHints":{"allow":["GET"]}}],"collection":[{"href":"https:\/\/staging.nbg.eu\/fr\/wp-json\/wp\/v2\/product"}],"about":[{"href":"https:\/\/staging.nbg.eu\/fr\/wp-json\/wp\/v2\/types\/product"}],"wp:featuredmedia":[{"embeddable":true,"href":"https:\/\/staging.nbg.eu\/fr\/wp-json\/wp\/v2\/media\/240993"}],"wp:attachment":[{"href":"https:\/\/staging.nbg.eu\/fr\/wp-json\/wp\/v2\/media?parent=288162"}],"wp:term":[{"taxonomy":"product_brand","embeddable":true,"href":"https:\/\/staging.nbg.eu\/fr\/wp-json\/wp\/v2\/product_brand?post=288162"},{"taxonomy":"product_cat","embeddable":true,"href":"https:\/\/staging.nbg.eu\/fr\/wp-json\/wp\/v2\/product_cat?post=288162"},{"taxonomy":"product_tag","embeddable":true,"href":"https:\/\/staging.nbg.eu\/fr\/wp-json\/wp\/v2\/product_tag?post=288162"}],"curies":[{"name":"wp","href":"https:\/\/api.w.org\/{rel}","templated":true}]}}