{"id":287703,"date":"2025-03-05T11:14:35","date_gmt":"2025-03-05T11:14:35","guid":{"rendered":"https:\/\/staging.nbg.eu\/prodcut\/clawgear-ak47-long-slick-handguard-m-lok\/"},"modified":"2025-03-26T12:38:19","modified_gmt":"2025-03-26T12:38:19","slug":"clawgear-ak47-garde-main-slick-long-m-lok","status":"publish","type":"product","link":"https:\/\/staging.nbg.eu\/fr\/produit\/clawgear-ak47-garde-main-slick-long-m-lok\/","title":{"rendered":"Clawgear AK47 Garde-main Slick Long M-LOK"},"content":{"rendered":"<div class=\"product-description\">\n<h2>Garde-main long AK47 M-LOK Clawgear<\/h2>\n<p>Garde-main pour AK47 de Clawgear. Caract\u00e9ristiques :<\/p>\n<ul>\n<li>Rev\u00eatement noir mat pour r\u00e9duire les reflets<\/li>\n<li>Point d&rsquo;attache pour sangle QD \u00e0 l&rsquo;arri\u00e8re<\/li>\n<li>Syst\u00e8me de montage M-LOK pour accessoires<\/li>\n<li>Compatible avec les bo\u00eetiers emboutis et usin\u00e9s<\/li>\n<li>Aluminium 6061 avec finition anodis\u00e9e de type III selon les sp\u00e9cifications militaires<\/li>\n<\/ul>\n<p>Dimensions : 37,2 cm (L) x 4,8 cm (l) x 4,8 cm (H)<\/p>\n<p>Poids : 0,25 kg<\/p>\n<p>Garde-main pour AK47 con\u00e7u pour la personnalisation.<\/p>\n<\/div>\n","protected":false},"excerpt":{"rendered":"<p>Garde-main AK47 M-LOK \u00e9l\u00e9gant : l\u00e9ger, polyvalent, pr\u00eat pour sangle \u00e0 d\u00e9connexion rapide.<\/p>\n","protected":false},"featured_media":239367,"template":"","meta":{"_acf_changed":false},"product_brand":[11224],"product_cat":[12193,12141,12127,12142],"product_tag":[],"class_list":{"0":"post-287703","1":"product","2":"type-product","3":"status-publish","4":"has-post-thumbnail","6":"product_brand-clawgear","7":"product_cat-fusil","8":"product_cat-rails","9":"product_cat-tuning-ak","10":"product_cat-tuning-carabine","12":"first","13":"instock","14":"taxable","15":"shipping-taxable","16":"purchasable","17":"product-type-simple"},"acf":[],"_links":{"self":[{"href":"https:\/\/staging.nbg.eu\/fr\/wp-json\/wp\/v2\/product\/287703","targetHints":{"allow":["GET"]}}],"collection":[{"href":"https:\/\/staging.nbg.eu\/fr\/wp-json\/wp\/v2\/product"}],"about":[{"href":"https:\/\/staging.nbg.eu\/fr\/wp-json\/wp\/v2\/types\/product"}],"wp:featuredmedia":[{"embeddable":true,"href":"https:\/\/staging.nbg.eu\/fr\/wp-json\/wp\/v2\/media\/239367"}],"wp:attachment":[{"href":"https:\/\/staging.nbg.eu\/fr\/wp-json\/wp\/v2\/media?parent=287703"}],"wp:term":[{"taxonomy":"product_brand","embeddable":true,"href":"https:\/\/staging.nbg.eu\/fr\/wp-json\/wp\/v2\/product_brand?post=287703"},{"taxonomy":"product_cat","embeddable":true,"href":"https:\/\/staging.nbg.eu\/fr\/wp-json\/wp\/v2\/product_cat?post=287703"},{"taxonomy":"product_tag","embeddable":true,"href":"https:\/\/staging.nbg.eu\/fr\/wp-json\/wp\/v2\/product_tag?post=287703"}],"curies":[{"name":"wp","href":"https:\/\/api.w.org\/{rel}","templated":true}]}}