{"id":287682,"date":"2025-03-05T11:33:07","date_gmt":"2025-03-05T11:33:07","guid":{"rendered":"https:\/\/staging.nbg.eu\/prodcut\/clawgear-ak47-medium-slick-handguard-m-lok\/"},"modified":"2025-03-26T12:49:02","modified_gmt":"2025-03-26T12:49:02","slug":"clawgear-ak47-garde-main-slick-moyen-m-lok","status":"publish","type":"product","link":"https:\/\/staging.nbg.eu\/fr\/produit\/clawgear-ak47-garde-main-slick-moyen-m-lok\/","title":{"rendered":"Clawgear AK47 Garde-main Slick Moyen M-LOK"},"content":{"rendered":"<div class=\"product-description\">\n<h2>Garde-main moyen AK47 M-LOK de Clawgear<\/h2>\n<p>Garde-main pour AK47 de Clawgear. Surface noire mate pour r\u00e9duire les reflets. Syst\u00e8me de montage M-LOK pour accessoires. Point d&rsquo;attache pour sangle \u00e0 d\u00e9tachement rapide.<\/p>\n<ul>\n<li>Compatible avec les bo\u00eetiers emboutis et usin\u00e9s<\/li>\n<li>Fabriqu\u00e9 en aluminium 6061<\/li>\n<li>Finition anodis\u00e9e de type III selon les normes militaires<\/li>\n<li>Poids : 0,15 kg<\/li>\n<li>Dimensions : 26,2 cm (L) x 4,3 cm (l) x 4,3 cm (H)<\/li>\n<\/ul>\n<p>Garde-main pour am\u00e9liorer la fonctionnalit\u00e9 et l&rsquo;apparence de votre AK47.<\/p>\n<\/div>\n","protected":false},"excerpt":{"rendered":"<p>Garde-main l\u00e9ger M-LOK pour AK47 avec point d&rsquo;attache QD pour sangle et finition mate.<\/p>\n","protected":false},"featured_media":239645,"template":"","meta":{"_acf_changed":false},"product_brand":[11224],"product_cat":[12193,12141,12127,12142],"product_tag":[],"class_list":{"0":"post-287682","1":"product","2":"type-product","3":"status-publish","4":"has-post-thumbnail","6":"product_brand-clawgear","7":"product_cat-fusil","8":"product_cat-rails","9":"product_cat-tuning-ak","10":"product_cat-tuning-carabine","12":"first","13":"instock","14":"taxable","15":"shipping-taxable","16":"purchasable","17":"product-type-simple"},"acf":[],"_links":{"self":[{"href":"https:\/\/staging.nbg.eu\/fr\/wp-json\/wp\/v2\/product\/287682","targetHints":{"allow":["GET"]}}],"collection":[{"href":"https:\/\/staging.nbg.eu\/fr\/wp-json\/wp\/v2\/product"}],"about":[{"href":"https:\/\/staging.nbg.eu\/fr\/wp-json\/wp\/v2\/types\/product"}],"wp:featuredmedia":[{"embeddable":true,"href":"https:\/\/staging.nbg.eu\/fr\/wp-json\/wp\/v2\/media\/239645"}],"wp:attachment":[{"href":"https:\/\/staging.nbg.eu\/fr\/wp-json\/wp\/v2\/media?parent=287682"}],"wp:term":[{"taxonomy":"product_brand","embeddable":true,"href":"https:\/\/staging.nbg.eu\/fr\/wp-json\/wp\/v2\/product_brand?post=287682"},{"taxonomy":"product_cat","embeddable":true,"href":"https:\/\/staging.nbg.eu\/fr\/wp-json\/wp\/v2\/product_cat?post=287682"},{"taxonomy":"product_tag","embeddable":true,"href":"https:\/\/staging.nbg.eu\/fr\/wp-json\/wp\/v2\/product_tag?post=287682"}],"curies":[{"name":"wp","href":"https:\/\/api.w.org\/{rel}","templated":true}]}}