{"id":285385,"date":"2025-03-04T19:02:48","date_gmt":"2025-03-25T14:27:27","guid":{"rendered":"https:\/\/staging.nbg.eu\/product\/magpul-ctr-moe-cheek-riser-0-75\/"},"modified":"2025-03-25T14:29:53","modified_gmt":"2025-03-25T14:29:53","slug":"magpul-rehausse-de-joue-ctr-moe-075","status":"publish","type":"product","link":"https:\/\/staging.nbg.eu\/fr\/produit\/magpul-rehausse-de-joue-ctr-moe-075\/","title":{"rendered":"Magpul &#8211; Rehausse de Joue CTR \/ MOE &#8211; 0.75&Prime;"},"content":{"rendered":"<div class=\"product-description\">\n<h2>Magpul &#8211; Rehausseur de joue CTR \/ MOE &#8211; 1,9 cm<\/h2>\n<p>Le rehausseur de joue Magpul CTR \/ MOE est un accessoire \u00e0 clipser con\u00e7u pour \u00e9lever votre appui-joue de 1,9 cm, am\u00e9liorant le confort et l&rsquo;alignement de la vis\u00e9e pour diverses applications d&rsquo;armes \u00e0 feu.<\/p>\n<ul>\n<li>Compatible avec les crosses CTR, MOE\u00ae, DT et PR Carbine<\/li>\n<li>Adapt\u00e9 aux configurations autres que AR15\/M4, comme les conversions de crosse de carabine M14<\/li>\n<li>Installation facile par clippage<\/li>\n<li>Fabriqu\u00e9 aux \u00c9tats-Unis<\/li>\n<li>NSN : MAG327-BLK 1005-01-591-6041<\/li>\n<\/ul>\n<p><strong>Remarque :<\/strong> Peut interf\u00e9rer avec le fonctionnement de la poign\u00e9e de chargement sur les plateformes AR15\/M4 sauf si la crosse est compl\u00e8tement d\u00e9ploy\u00e9e.<\/p>\n<\/div>\n","protected":false},"excerpt":{"rendered":"<p>&#8220;Rehausseur de joue clip-on de 1,9 cm pour un confort et une pr\u00e9cision accrus.&#8221;<\/p>\n","protected":false},"featured_media":237149,"template":"","meta":{"_acf_changed":false},"product_brand":[11544],"product_cat":[12153,12193,12142],"product_tag":[],"class_list":{"0":"post-285385","1":"product","2":"type-product","3":"status-publish","4":"has-post-thumbnail","6":"product_brand-magpul","7":"product_cat-crosses-de-carabine","8":"product_cat-fusil","9":"product_cat-tuning-carabine","11":"first","12":"instock","13":"taxable","14":"shipping-taxable","15":"purchasable","16":"product-type-variable","17":"wvs-archive-product-wrapper"},"acf":[],"_links":{"self":[{"href":"https:\/\/staging.nbg.eu\/fr\/wp-json\/wp\/v2\/product\/285385","targetHints":{"allow":["GET"]}}],"collection":[{"href":"https:\/\/staging.nbg.eu\/fr\/wp-json\/wp\/v2\/product"}],"about":[{"href":"https:\/\/staging.nbg.eu\/fr\/wp-json\/wp\/v2\/types\/product"}],"wp:featuredmedia":[{"embeddable":true,"href":"https:\/\/staging.nbg.eu\/fr\/wp-json\/wp\/v2\/media\/237149"}],"wp:attachment":[{"href":"https:\/\/staging.nbg.eu\/fr\/wp-json\/wp\/v2\/media?parent=285385"}],"wp:term":[{"taxonomy":"product_brand","embeddable":true,"href":"https:\/\/staging.nbg.eu\/fr\/wp-json\/wp\/v2\/product_brand?post=285385"},{"taxonomy":"product_cat","embeddable":true,"href":"https:\/\/staging.nbg.eu\/fr\/wp-json\/wp\/v2\/product_cat?post=285385"},{"taxonomy":"product_tag","embeddable":true,"href":"https:\/\/staging.nbg.eu\/fr\/wp-json\/wp\/v2\/product_tag?post=285385"}],"curies":[{"name":"wp","href":"https:\/\/api.w.org\/{rel}","templated":true}]}}