{"id":285332,"date":"2025-03-04T19:02:27","date_gmt":"2025-03-25T14:26:58","guid":{"rendered":"https:\/\/staging.nbg.eu\/product\/magpul-ctr-moe-cheek-riser-0-5\/"},"modified":"2025-03-25T14:29:23","modified_gmt":"2025-03-25T14:29:23","slug":"magpul-rehausse-de-joue-ctr-moe-05","status":"publish","type":"product","link":"https:\/\/staging.nbg.eu\/fr\/produit\/magpul-rehausse-de-joue-ctr-moe-05\/","title":{"rendered":"Magpul &#8211; Rehausse de Joue CTR \/ MOE &#8211; 0.5&Prime;"},"content":{"rendered":"<div class=\"product-description\">\n<h2>Magpul &#8211; Rehausseur de joue CTR \/ MOE &#8211; 0,5&Prime;<\/h2>\n<p>Le rehausseur de joue Magpul CTR \/ MOE est un accessoire \u00e0 clipser con\u00e7u pour les crosses CTR, MOE\u00ae, DT et PR Carbine.<\/p>\n<ul>\n<li>\u00c9l\u00e8ve l&rsquo;appui-joue de 1,2 cm<\/li>\n<li>Adapt\u00e9 aux applications autres que AR15\/M4<\/li>\n<li>Convient aux conversions de crosses M14<\/li>\n<li>Fabriqu\u00e9 aux \u00c9tats-Unis<\/li>\n<li>NSN : MAG326-BLK 1005-01-591-6035<\/li>\n<\/ul>\n<p><strong>Remarque :<\/strong> Peut g\u00eaner le fonctionnement de la poign\u00e9e de chargement sur les plateformes AR15\/M4 sauf si la crosse est compl\u00e8tement d\u00e9ploy\u00e9e.<\/p>\n<p>Ce rehausseur de joue de Magpul modifie l&rsquo;ergonomie du fusil et permet d&rsquo;obtenir une image de vis\u00e9e plus constante.<\/p>\n<\/div>\n","protected":false},"excerpt":{"rendered":"<p>Rehausseur de joue \u00e0 clipser pour les crosses non-AR15\/M4. Augmente la hauteur de soudure de 0,5 pouce.<\/p>\n","protected":false},"featured_media":237033,"template":"","meta":{"_acf_changed":false},"product_brand":[11544],"product_cat":[12153,12193,12142],"product_tag":[],"class_list":{"0":"post-285332","1":"product","2":"type-product","3":"status-publish","4":"has-post-thumbnail","6":"product_brand-magpul","7":"product_cat-crosses-de-carabine","8":"product_cat-fusil","9":"product_cat-tuning-carabine","11":"first","12":"instock","13":"taxable","14":"shipping-taxable","15":"purchasable","16":"product-type-variable","17":"wvs-archive-product-wrapper"},"acf":[],"_links":{"self":[{"href":"https:\/\/staging.nbg.eu\/fr\/wp-json\/wp\/v2\/product\/285332","targetHints":{"allow":["GET"]}}],"collection":[{"href":"https:\/\/staging.nbg.eu\/fr\/wp-json\/wp\/v2\/product"}],"about":[{"href":"https:\/\/staging.nbg.eu\/fr\/wp-json\/wp\/v2\/types\/product"}],"wp:featuredmedia":[{"embeddable":true,"href":"https:\/\/staging.nbg.eu\/fr\/wp-json\/wp\/v2\/media\/237033"}],"wp:attachment":[{"href":"https:\/\/staging.nbg.eu\/fr\/wp-json\/wp\/v2\/media?parent=285332"}],"wp:term":[{"taxonomy":"product_brand","embeddable":true,"href":"https:\/\/staging.nbg.eu\/fr\/wp-json\/wp\/v2\/product_brand?post=285332"},{"taxonomy":"product_cat","embeddable":true,"href":"https:\/\/staging.nbg.eu\/fr\/wp-json\/wp\/v2\/product_cat?post=285332"},{"taxonomy":"product_tag","embeddable":true,"href":"https:\/\/staging.nbg.eu\/fr\/wp-json\/wp\/v2\/product_tag?post=285332"}],"curies":[{"name":"wp","href":"https:\/\/api.w.org\/{rel}","templated":true}]}}