{"id":283820,"date":"2025-03-06T09:57:41","date_gmt":"2025-03-25T09:35:00","guid":{"rendered":"https:\/\/staging.nbg.eu\/product\/clawgear-ar15-gasblock-0-750\/"},"modified":"2025-03-25T09:37:20","modified_gmt":"2025-03-25T09:37:20","slug":"clawgear-bloc-gaz-ar15-0750","status":"publish","type":"product","link":"https:\/\/staging.nbg.eu\/fr\/produit\/clawgear-bloc-gaz-ar15-0750\/","title":{"rendered":"Clawgear Bloc Gaz AR15 0.750"},"content":{"rendered":"<h2>Clawgear AR15 Bloc de gaz 0.750<\/h2>\n<p>Le bloc de gaz Clawgear AR15 0.750 pour AR15. Ce design \u00e0 profil bas avec une surface bross\u00e9e s&rsquo;adapte sous la plupart des gardes-main flottants, assurant la pr\u00e9cision du canon.<\/p>\n<h2>Caract\u00e9ristiques principales :<\/h2>\n<ul>\n<li>Construction en acier monobloc pour une durabilit\u00e9 prolong\u00e9e<\/li>\n<li>Usin\u00e9 avec pr\u00e9cision pour minimiser les fuites de gaz<\/li>\n<li>Con\u00e7u pour un diam\u00e8tre ext\u00e9rieur de canon de 0.750&Prime; au niveau du port de gaz<\/li>\n<li>R\u00e9siste aux gaz chauds m\u00eame dans des conditions s\u00e9v\u00e8res<\/li>\n<\/ul>\n<h2>Sp\u00e9cifications :<\/h2>\n<ul>\n<li>Dimensions : 2,8 x 2,8 x 2,4 cm<\/li>\n<li>Poids : 0,05 kg<\/li>\n<\/ul>\n<p>Le bloc de gaz Clawgear AR15 0.750 pour AR15 pour une performance et une fiabilit\u00e9 am\u00e9lior\u00e9es.<\/p>\n","protected":false},"excerpt":{"rendered":"<p>Bloc de gaz AR15 \u00e0 profil bas, convient aux canons de 0,750&#8243;. Construction robuste en acier.<\/p>\n","protected":false},"featured_media":240386,"template":"","meta":{"_acf_changed":false},"product_brand":[11224],"product_cat":[12192,12193,12142],"product_tag":[],"class_list":{"0":"post-283820","1":"product","2":"type-product","3":"status-publish","4":"has-post-thumbnail","6":"product_brand-clawgear","7":"product_cat-blocs-de-gaz","8":"product_cat-fusil","9":"product_cat-tuning-carabine","11":"first","12":"instock","13":"taxable","14":"shipping-taxable","15":"purchasable","16":"product-type-simple"},"acf":[],"_links":{"self":[{"href":"https:\/\/staging.nbg.eu\/fr\/wp-json\/wp\/v2\/product\/283820","targetHints":{"allow":["GET"]}}],"collection":[{"href":"https:\/\/staging.nbg.eu\/fr\/wp-json\/wp\/v2\/product"}],"about":[{"href":"https:\/\/staging.nbg.eu\/fr\/wp-json\/wp\/v2\/types\/product"}],"wp:featuredmedia":[{"embeddable":true,"href":"https:\/\/staging.nbg.eu\/fr\/wp-json\/wp\/v2\/media\/240386"}],"wp:attachment":[{"href":"https:\/\/staging.nbg.eu\/fr\/wp-json\/wp\/v2\/media?parent=283820"}],"wp:term":[{"taxonomy":"product_brand","embeddable":true,"href":"https:\/\/staging.nbg.eu\/fr\/wp-json\/wp\/v2\/product_brand?post=283820"},{"taxonomy":"product_cat","embeddable":true,"href":"https:\/\/staging.nbg.eu\/fr\/wp-json\/wp\/v2\/product_cat?post=283820"},{"taxonomy":"product_tag","embeddable":true,"href":"https:\/\/staging.nbg.eu\/fr\/wp-json\/wp\/v2\/product_tag?post=283820"}],"curies":[{"name":"wp","href":"https:\/\/api.w.org\/{rel}","templated":true}]}}