{"id":282223,"date":"2025-03-06T10:40:18","date_gmt":"2025-03-06T10:40:18","guid":{"rendered":"https:\/\/staging.nbg.eu\/product\/ftcs-rear-sights-mounting-for-optics-ak-pmk-2-0-picatinny\/"},"modified":"2025-03-24T13:24:14","modified_gmt":"2025-03-24T13:24:14","slug":"ftcs-montage-hausse-pour-optiques-ak-pmk-20-picatinny","status":"publish","type":"product","link":"https:\/\/staging.nbg.eu\/fr\/produit\/ftcs-montage-hausse-pour-optiques-ak-pmk-20-picatinny\/","title":{"rendered":"FTCS &#8211; Montage Hausse pour Optiques AK, PMK 2.0 Picatinny"},"content":{"rendered":"<div class=\"product-description\">\n<h2>FTCS &#8211; Montage de viseurs arri\u00e8re pour optiques AK, PMK 2.0 Picatinny<\/h2>\n<p>Adaptez votre carabine de la famille AK avec le support FTCS PMK 2.0 Picatinny. Cet adaptateur permet de monter des optiques modernes sans modifier l&rsquo;ergonomie et l&rsquo;\u00e9quilibre de votre arme.<\/p>\n<ul>\n<li>Compatible avec AK\/AKS, AKM\/AKMS, AK-74\/AKS-74, et autres<\/li>\n<li>Rail standard Picatinny\/RIS (70mm de longueur, 7 emplacements)<\/li>\n<li>Construction en aluminium avec rev\u00eatement Cerakote H-146 Graphite Noir<\/li>\n<li>Conserve la fonctionnalit\u00e9 des viseurs m\u00e9talliques d&rsquo;origine<\/li>\n<li>Syst\u00e8me de montage \u00e0 trois boulons<\/li>\n<li>Poids de 34g<\/li>\n<\/ul>\n<p>Le PMK 2.0 est une alternative aux rails de couvercle de tube de gaz ou aux syst\u00e8mes int\u00e9gr\u00e9s. Son alignement central pr\u00e9serve l&rsquo;\u00e9quilibre de l&rsquo;arme. Combinez les optiques traditionnelles et modernes avec FTCS.<\/p>\n<\/div>\n","protected":false},"excerpt":{"rendered":"<p>Support de vis\u00e9e arri\u00e8re pour optiques AK. Rail Picatinny, aluminium durable, finition Cerakote.<\/p>\n","protected":false},"featured_media":241482,"template":"","meta":{"_acf_changed":false},"product_brand":[11308],"product_cat":[12193,12127,12142],"product_tag":[],"class_list":{"0":"post-282223","1":"product","2":"type-product","3":"status-publish","4":"has-post-thumbnail","6":"product_brand-ftcs","7":"product_cat-fusil","8":"product_cat-tuning-ak","9":"product_cat-tuning-carabine","11":"first","12":"instock","13":"taxable","14":"shipping-taxable","15":"purchasable","16":"product-type-simple"},"acf":[],"_links":{"self":[{"href":"https:\/\/staging.nbg.eu\/fr\/wp-json\/wp\/v2\/product\/282223","targetHints":{"allow":["GET"]}}],"collection":[{"href":"https:\/\/staging.nbg.eu\/fr\/wp-json\/wp\/v2\/product"}],"about":[{"href":"https:\/\/staging.nbg.eu\/fr\/wp-json\/wp\/v2\/types\/product"}],"wp:featuredmedia":[{"embeddable":true,"href":"https:\/\/staging.nbg.eu\/fr\/wp-json\/wp\/v2\/media\/241482"}],"wp:attachment":[{"href":"https:\/\/staging.nbg.eu\/fr\/wp-json\/wp\/v2\/media?parent=282223"}],"wp:term":[{"taxonomy":"product_brand","embeddable":true,"href":"https:\/\/staging.nbg.eu\/fr\/wp-json\/wp\/v2\/product_brand?post=282223"},{"taxonomy":"product_cat","embeddable":true,"href":"https:\/\/staging.nbg.eu\/fr\/wp-json\/wp\/v2\/product_cat?post=282223"},{"taxonomy":"product_tag","embeddable":true,"href":"https:\/\/staging.nbg.eu\/fr\/wp-json\/wp\/v2\/product_tag?post=282223"}],"curies":[{"name":"wp","href":"https:\/\/api.w.org\/{rel}","templated":true}]}}