{"id":282067,"date":"2025-03-06T10:01:39","date_gmt":"2025-03-24T12:40:27","guid":{"rendered":"https:\/\/staging.nbg.eu\/product\/clawgear-m-lok-10-slot-rail-qd-integrated\/"},"modified":"2025-03-24T12:43:09","modified_gmt":"2025-03-24T12:43:09","slug":"rail-clawgear-m-lok-10-emplacements-qd-integre","status":"publish","type":"product","link":"https:\/\/staging.nbg.eu\/fr\/produit\/rail-clawgear-m-lok-10-emplacements-qd-integre\/","title":{"rendered":"Rail Clawgear M-LOK 10 Emplacements QD Int\u00e9gr\u00e9"},"content":{"rendered":"<h2>Rail Clawgear M-LOK 10 emplacements avec QD int\u00e9gr\u00e9<\/h2>\n<p>Rail Picatinny pour interface M-LOK. Comprend 10 emplacements et un point de montage QD int\u00e9gr\u00e9 pour attaches de sangle. Fabriqu\u00e9 en aluminium avec finition anodis\u00e9e dure conforme aux normes militaires.<\/p>\n<ul>\n<li>Inclut le mat\u00e9riel de montage avec \u00e9crous en T en acier inoxydable<\/li>\n<li>Conception r\u00e9sistante \u00e0 la corrosion<\/li>\n<li>Couple maximal : 4Nm ou 35in\/lb<\/li>\n<\/ul>\n<p><strong>Conseil :<\/strong> Utilisez le manche court de la cl\u00e9 Allen pour le serrage si aucune cl\u00e9 dynamom\u00e9trique n&rsquo;est disponible.<\/p>\n<p><em>Dimensions (emball\u00e9) :<\/em> 17 x 10,7 x 1 cm<br \/>\n<em>Poids :<\/em> 45g (53g emball\u00e9)<\/p>\n","protected":false},"excerpt":{"rendered":"<p>Rail Picatinny M-LOK avec 10 emplacements et fixation QD. Aluminium r\u00e9sistant.<\/p>\n","protected":false},"featured_media":240502,"template":"","meta":{"_acf_changed":false},"product_brand":[11224],"product_cat":[12156,12193,12141,12142],"product_tag":[],"class_list":{"0":"post-282067","1":"product","2":"type-product","3":"status-publish","4":"has-post-thumbnail","6":"product_brand-clawgear","7":"product_cat-bretelles","8":"product_cat-fusil","9":"product_cat-rails","10":"product_cat-tuning-carabine","12":"first","13":"instock","14":"taxable","15":"shipping-taxable","16":"purchasable","17":"product-type-simple"},"acf":[],"_links":{"self":[{"href":"https:\/\/staging.nbg.eu\/fr\/wp-json\/wp\/v2\/product\/282067","targetHints":{"allow":["GET"]}}],"collection":[{"href":"https:\/\/staging.nbg.eu\/fr\/wp-json\/wp\/v2\/product"}],"about":[{"href":"https:\/\/staging.nbg.eu\/fr\/wp-json\/wp\/v2\/types\/product"}],"wp:featuredmedia":[{"embeddable":true,"href":"https:\/\/staging.nbg.eu\/fr\/wp-json\/wp\/v2\/media\/240502"}],"wp:attachment":[{"href":"https:\/\/staging.nbg.eu\/fr\/wp-json\/wp\/v2\/media?parent=282067"}],"wp:term":[{"taxonomy":"product_brand","embeddable":true,"href":"https:\/\/staging.nbg.eu\/fr\/wp-json\/wp\/v2\/product_brand?post=282067"},{"taxonomy":"product_cat","embeddable":true,"href":"https:\/\/staging.nbg.eu\/fr\/wp-json\/wp\/v2\/product_cat?post=282067"},{"taxonomy":"product_tag","embeddable":true,"href":"https:\/\/staging.nbg.eu\/fr\/wp-json\/wp\/v2\/product_tag?post=282067"}],"curies":[{"name":"wp","href":"https:\/\/api.w.org\/{rel}","templated":true}]}}