{"id":278696,"date":"2025-03-02T06:06:39","date_gmt":"2025-03-21T10:58:51","guid":{"rendered":"https:\/\/staging.nbg.eu\/product\/144-area-419-billet-loading-block-clear-anodized\/"},"modified":"2025-05-09T17:05:32","modified_gmt":"2025-05-09T17:05:32","slug":"144-area-419-bloc-de-chargement-billet-anodise-transparent","status":"publish","type":"product","link":"https:\/\/staging.nbg.eu\/fr\/produit\/144-area-419-bloc-de-chargement-billet-anodise-transparent\/","title":{"rendered":"144. Area 419 &#8211; Bloc de Chargement Billet \u2013 Anodis\u00e9 Transparent"},"content":{"rendered":"<h2>Bloc de chargement Area 419 en aluminium usin\u00e9 &#8211; Anodis\u00e9 transparent<\/h2>\n<p>Le bloc de chargement Area 419 anodis\u00e9 comprend :<\/p>\n<ul>\n<li>50 emplacements pour cartouches 308, Magnum ou Lapua<\/li>\n<li>Construction en aluminium 6061-T6 avec finition anodis\u00e9e transparente<\/li>\n<li>Dimensions : 24,13 cm x 10,16 cm x 1,59 cm<\/li>\n<li>Trous de 1,27 cm de profondeur avec ajustement serr\u00e9<\/li>\n<li>Creux centraux pour retenir les grains de poudre<\/li>\n<li>Patins antid\u00e9rapants en caoutchouc sur le dessous<\/li>\n<\/ul>\n<p>Diam\u00e8tres de trous disponibles : 223 (0,99 cm), ARC\/Grendel (1,15 cm), 308 (1,23 cm), 284 (1,31 cm), Magnum (1,42 cm), Lapua (1,52 cm), et Cheytac (1,66 cm).<\/p>\n<p>Poids : 635 g<\/p>\n<p>Bloc de chargement Area 419 en aluminium usin\u00e9.<\/p>\n","protected":false},"excerpt":{"rendered":"<p>Bloc de chargement anodis\u00e9 durable pour 50 cartouches. Usin\u00e9 avec pr\u00e9cision, antid\u00e9rapant.<\/p>\n","protected":false},"featured_media":233215,"template":"","meta":{"_acf_changed":false},"product_brand":[11038],"product_cat":[12143,12189],"product_tag":[],"class_list":{"0":"post-278696","1":"product","2":"type-product","3":"status-publish","4":"has-post-thumbnail","6":"product_brand-area-419","7":"product_cat-accessoires-de-rechargement","8":"product_cat-rechargement","10":"first","11":"instock","12":"taxable","13":"shipping-taxable","14":"purchasable","15":"product-type-variable","16":"wvs-archive-product-wrapper"},"acf":[],"_links":{"self":[{"href":"https:\/\/staging.nbg.eu\/fr\/wp-json\/wp\/v2\/product\/278696","targetHints":{"allow":["GET"]}}],"collection":[{"href":"https:\/\/staging.nbg.eu\/fr\/wp-json\/wp\/v2\/product"}],"about":[{"href":"https:\/\/staging.nbg.eu\/fr\/wp-json\/wp\/v2\/types\/product"}],"wp:featuredmedia":[{"embeddable":true,"href":"https:\/\/staging.nbg.eu\/fr\/wp-json\/wp\/v2\/media\/233215"}],"wp:attachment":[{"href":"https:\/\/staging.nbg.eu\/fr\/wp-json\/wp\/v2\/media?parent=278696"}],"wp:term":[{"taxonomy":"product_brand","embeddable":true,"href":"https:\/\/staging.nbg.eu\/fr\/wp-json\/wp\/v2\/product_brand?post=278696"},{"taxonomy":"product_cat","embeddable":true,"href":"https:\/\/staging.nbg.eu\/fr\/wp-json\/wp\/v2\/product_cat?post=278696"},{"taxonomy":"product_tag","embeddable":true,"href":"https:\/\/staging.nbg.eu\/fr\/wp-json\/wp\/v2\/product_tag?post=278696"}],"curies":[{"name":"wp","href":"https:\/\/api.w.org\/{rel}","templated":true}]}}