{"id":278184,"date":"2025-03-07T10:00:31","date_gmt":"2025-03-21T09:43:21","guid":{"rendered":"https:\/\/staging.nbg.eu\/product\/hornady-6mm-arc-80gr-eld-vt\/"},"modified":"2025-03-21T09:45:36","modified_gmt":"2025-03-21T09:45:36","slug":"hornady-6mm-arc-80gr-eld-vt","status":"publish","type":"product","link":"https:\/\/staging.nbg.eu\/fr\/produit\/hornady-6mm-arc-80gr-eld-vt\/","title":{"rendered":"Hornady &#8211; 6mm ARC 80gr. ELD-VT"},"content":{"rendered":"<div class=\"product-description\">\n<h2>Hornady &#8211; 6mm ARC 80gr. ELD-VT<\/h2>\n<p>Munitions Hornady 6mm ARC 80gr. ELD-VT. Ces cartouches sont con\u00e7ues pour les tireurs de comp\u00e9tition et les chasseurs de nuisibles.<\/p>\n<h3>Caract\u00e9ristiques principales :<\/h3>\n<ul>\n<li><strong>Composants :<\/strong> Charg\u00e9es avec des mat\u00e9riaux de qualit\u00e9 pour une pr\u00e9cision \u00e9lev\u00e9e.<\/li>\n<li><strong>Propergols :<\/strong> Br\u00fblent proprement et sont stables \u00e0 diff\u00e9rentes temp\u00e9ratures pour des performances constantes.<\/li>\n<li><strong>Polyvalence :<\/strong> Adapt\u00e9es au tir de comp\u00e9tition et \u00e0 la chasse aux nuisibles.<\/li>\n<li><strong>Pr\u00e9cision :<\/strong> Con\u00e7ues pour \u00eatre pr\u00e9cises \u00e0 diff\u00e9rentes distances.<\/li>\n<\/ul>\n<p>Munitions Hornady 6mm ARC 80gr. ELD-VT pour le tir de pr\u00e9cision.<\/p>\n<\/div>\n","protected":false},"excerpt":{"rendered":"<p>Munitions de pr\u00e9cision 6mm ARC. Pr\u00e9cision de qualit\u00e9 match, constante \u00e0 toutes temp\u00e9ratures.<\/p>\n","protected":false},"featured_media":246050,"template":"","meta":{"_acf_changed":false},"product_brand":[11454],"product_cat":[12168,12205],"product_tag":[],"class_list":{"0":"post-278184","1":"product","2":"type-product","3":"status-publish","4":"has-post-thumbnail","6":"product_brand-hornady","7":"product_cat-munitions","8":"product_cat-munitions-de-fusil","10":"first","11":"instock","12":"taxable","13":"shipping-taxable","14":"purchasable","15":"product-type-simple"},"acf":[],"_links":{"self":[{"href":"https:\/\/staging.nbg.eu\/fr\/wp-json\/wp\/v2\/product\/278184","targetHints":{"allow":["GET"]}}],"collection":[{"href":"https:\/\/staging.nbg.eu\/fr\/wp-json\/wp\/v2\/product"}],"about":[{"href":"https:\/\/staging.nbg.eu\/fr\/wp-json\/wp\/v2\/types\/product"}],"wp:featuredmedia":[{"embeddable":true,"href":"https:\/\/staging.nbg.eu\/fr\/wp-json\/wp\/v2\/media\/246050"}],"wp:attachment":[{"href":"https:\/\/staging.nbg.eu\/fr\/wp-json\/wp\/v2\/media?parent=278184"}],"wp:term":[{"taxonomy":"product_brand","embeddable":true,"href":"https:\/\/staging.nbg.eu\/fr\/wp-json\/wp\/v2\/product_brand?post=278184"},{"taxonomy":"product_cat","embeddable":true,"href":"https:\/\/staging.nbg.eu\/fr\/wp-json\/wp\/v2\/product_cat?post=278184"},{"taxonomy":"product_tag","embeddable":true,"href":"https:\/\/staging.nbg.eu\/fr\/wp-json\/wp\/v2\/product_tag?post=278184"}],"curies":[{"name":"wp","href":"https:\/\/api.w.org\/{rel}","templated":true}]}}