{"id":278032,"date":"2025-03-07T09:56:26","date_gmt":"2025-03-21T07:56:33","guid":{"rendered":"https:\/\/staging.nbg.eu\/product\/hornady-6mm-arc-103-gr-eld%e2%80%91x-precision-hunter\/"},"modified":"2025-03-21T07:59:12","modified_gmt":"2025-03-21T07:59:12","slug":"hornady-6mm-arc-103-gr-eldx-precision-hunter","status":"publish","type":"product","link":"https:\/\/staging.nbg.eu\/fr\/produit\/hornady-6mm-arc-103-gr-eldx-precision-hunter\/","title":{"rendered":"Hornady &#8211; 6mm ARC 103 gr ELD\u2011X\u00ae Precision Hunter\u00ae"},"content":{"rendered":"<div class=\"product-description\">\n<h2>Hornady 6mm ARC 103 gr ELD\u2011X\u00ae Precision Hunter\u00ae<\/h2>\n<p>Le 6mm ARC est con\u00e7u pour les tireurs. Cette cartouche offre :<\/p>\n<ul>\n<li>Pr\u00e9cision et performance \u00e0 longue distance<\/li>\n<li>Adapt\u00e9 \u00e0 la chasse, au tir de comp\u00e9tition et \u00e0 la protection personnelle<\/li>\n<li>Optimis\u00e9 pour les plateformes AR-15 et les fusils \u00e0 verrou \u00e0 action courte<\/li>\n<li>Coefficient balistique \u00e9lev\u00e9 pour une performance terminale am\u00e9lior\u00e9e<\/li>\n<li>Conception \u00e9quilibr\u00e9e de la cartouche, de la chambre et du propulseur<\/li>\n<li>Bonne dur\u00e9e de vie du canon<\/li>\n<\/ul>\n<p>Le 6mm ARC convient \u00e0 diverses applications, de la d\u00e9fense personnelle \u00e0 la chasse \u00e0 longue distance. Compatible avec plusieurs fabricants d&rsquo;armes \u00e0 feu, dont Barrett, Mossberg et Wilson Combat.<\/p>\n<\/div>\n","protected":false},"excerpt":{"rendered":"<p>ARC 6 mm polyvalent pour AR-15 : Balles efficaces \u00e0 coefficient balistique \u00e9lev\u00e9 pour la chasse de pr\u00e9cision.<\/p>\n","protected":false},"featured_media":246025,"template":"","meta":{"_acf_changed":false},"product_brand":[11454],"product_cat":[12168,12205],"product_tag":[],"class_list":{"0":"post-278032","1":"product","2":"type-product","3":"status-publish","4":"has-post-thumbnail","6":"product_brand-hornady","7":"product_cat-munitions","8":"product_cat-munitions-de-fusil","10":"first","11":"instock","12":"taxable","13":"shipping-taxable","14":"purchasable","15":"product-type-simple"},"acf":[],"_links":{"self":[{"href":"https:\/\/staging.nbg.eu\/fr\/wp-json\/wp\/v2\/product\/278032","targetHints":{"allow":["GET"]}}],"collection":[{"href":"https:\/\/staging.nbg.eu\/fr\/wp-json\/wp\/v2\/product"}],"about":[{"href":"https:\/\/staging.nbg.eu\/fr\/wp-json\/wp\/v2\/types\/product"}],"wp:featuredmedia":[{"embeddable":true,"href":"https:\/\/staging.nbg.eu\/fr\/wp-json\/wp\/v2\/media\/246025"}],"wp:attachment":[{"href":"https:\/\/staging.nbg.eu\/fr\/wp-json\/wp\/v2\/media?parent=278032"}],"wp:term":[{"taxonomy":"product_brand","embeddable":true,"href":"https:\/\/staging.nbg.eu\/fr\/wp-json\/wp\/v2\/product_brand?post=278032"},{"taxonomy":"product_cat","embeddable":true,"href":"https:\/\/staging.nbg.eu\/fr\/wp-json\/wp\/v2\/product_cat?post=278032"},{"taxonomy":"product_tag","embeddable":true,"href":"https:\/\/staging.nbg.eu\/fr\/wp-json\/wp\/v2\/product_tag?post=278032"}],"curies":[{"name":"wp","href":"https:\/\/api.w.org\/{rel}","templated":true}]}}