{"id":277654,"date":"2025-03-07T07:46:42","date_gmt":"2025-03-07T07:46:42","guid":{"rendered":"https:\/\/staging.nbg.eu\/product\/gun-oil-go-juice-4-oz\/"},"modified":"2025-03-21T07:15:41","modified_gmt":"2025-03-21T07:15:41","slug":"huile-darme-gun-oil-go-juice-4oz","status":"publish","type":"product","link":"https:\/\/staging.nbg.eu\/fr\/produit\/huile-darme-gun-oil-go-juice-4oz\/","title":{"rendered":"Huile d&rsquo;Arme Gun Oil Go Juice 4.oz"},"content":{"rendered":"<div class=\"product-description\">\n<h2>ALG Go-Juice\u00ae (GJ\u00ae) Flacon de 120 ml<\/h2>\n<p>ALG Go-Juice\u00ae est un lubrifiant biosynth\u00e9tique pour les syst\u00e8mes de lubrification \u00e0 perte totale. Caract\u00e9ristiques :<\/p>\n<ul>\n<li>5 fois plus glissant que le CLP militaire<\/li>\n<li>R\u00e9sistance \u00e0 la corrosion<\/li>\n<li>Stabilit\u00e9 \u00e0 long terme<\/li>\n<li>Formule non toxique, sans danger pour la peau<\/li>\n<li>Pour armes automatiques et armes de poing<\/li>\n<\/ul>\n<p>D\u00e9riv\u00e9 de graines ol\u00e9agineuses OGM, Go-Juice\u00ae r\u00e9siste aux tests de vieillissement acc\u00e9l\u00e9r\u00e9 et de brouillard salin. Ce lubrifiant non p\u00e9trolier maintient le fonctionnement de l&rsquo;arme dans des conditions difficiles.<\/p>\n<\/div>\n","protected":false},"excerpt":{"rendered":"<p>\u00ab Lubrifiant biosynth\u00e9tique ultra-glissant et non toxique pour armes \u00e0 feu, assurant des performances optimales. \u00bb<\/p>\n","protected":false},"featured_media":245932,"template":"","meta":{"_acf_changed":false},"product_brand":[11381],"product_cat":[12162,12174],"product_tag":[],"class_list":{"0":"post-277654","1":"product","2":"type-product","3":"status-publish","4":"has-post-thumbnail","6":"product_brand-geissele","7":"product_cat-lubrifiants","8":"product_cat-nettoyage-darmes","10":"first","11":"instock","12":"taxable","13":"shipping-taxable","14":"purchasable","15":"product-type-simple"},"acf":[],"_links":{"self":[{"href":"https:\/\/staging.nbg.eu\/fr\/wp-json\/wp\/v2\/product\/277654","targetHints":{"allow":["GET"]}}],"collection":[{"href":"https:\/\/staging.nbg.eu\/fr\/wp-json\/wp\/v2\/product"}],"about":[{"href":"https:\/\/staging.nbg.eu\/fr\/wp-json\/wp\/v2\/types\/product"}],"wp:featuredmedia":[{"embeddable":true,"href":"https:\/\/staging.nbg.eu\/fr\/wp-json\/wp\/v2\/media\/245932"}],"wp:attachment":[{"href":"https:\/\/staging.nbg.eu\/fr\/wp-json\/wp\/v2\/media?parent=277654"}],"wp:term":[{"taxonomy":"product_brand","embeddable":true,"href":"https:\/\/staging.nbg.eu\/fr\/wp-json\/wp\/v2\/product_brand?post=277654"},{"taxonomy":"product_cat","embeddable":true,"href":"https:\/\/staging.nbg.eu\/fr\/wp-json\/wp\/v2\/product_cat?post=277654"},{"taxonomy":"product_tag","embeddable":true,"href":"https:\/\/staging.nbg.eu\/fr\/wp-json\/wp\/v2\/product_tag?post=277654"}],"curies":[{"name":"wp","href":"https:\/\/api.w.org\/{rel}","templated":true}]}}