{"id":276078,"date":"2025-03-02T17:08:39","date_gmt":"2025-03-02T17:08:39","guid":{"rendered":"https:\/\/staging.nbg.eu\/product\/bore-tech-decimator-suppressor-cleaner\/"},"modified":"2025-03-20T13:31:20","modified_gmt":"2025-03-20T13:31:20","slug":"nettoyant-pour-suppresseur-bore-tech-decimator","status":"publish","type":"product","link":"https:\/\/staging.nbg.eu\/fr\/produit\/nettoyant-pour-suppresseur-bore-tech-decimator\/","title":{"rendered":"Nettoyant pour Suppresseur Bore Tech Decimator"},"content":{"rendered":"<div class=\"product-description\">\n<h2>Nettoyant pour silencieux Bore Tech Decimator<\/h2>\n<p>Le nettoyant pour silencieux Bore Tech Decimator est une formule en deux parties con\u00e7ue pour \u00e9liminer l&rsquo;accumulation de r\u00e9sidus dans les silencieux pour armes \u00e0 feu de petit et gros calibre.<\/p>\n<ul>\n<li>Sans danger pour les silencieux<\/li>\n<li>Non dangereux et sans ammoniaque<\/li>\n<li>Sans odeur et biod\u00e9gradable<\/li>\n<li>Compatible avec l&rsquo;aluminium, l&rsquo;acier inoxydable, le titane et divers alliages<\/li>\n<\/ul>\n<p>La partie A cible les d\u00e9p\u00f4ts de carbone et de plomb, tandis que la partie B se concentre sur l&rsquo;encrassement au cuivre. Utilis\u00e9 avec le syst\u00e8me de nettoyage Decimator, il permet d&rsquo;entretenir les silencieux, les freins de bouche, les montages rapides et les cache-flammes.<\/p>\n<p>Le nettoyant pour silencieux Bore Tech Decimator aide \u00e0 maintenir les performances des silencieux.<\/p>\n<\/div>\n","protected":false},"excerpt":{"rendered":"<p>Nettoyant efficace et s\u00fbr pour suppresseur, con\u00e7u pour \u00e9liminer les encrassements extr\u00eames.<\/p>\n","protected":false},"featured_media":235246,"template":"","meta":{"_acf_changed":false},"product_brand":[],"product_cat":[12174,12209],"product_tag":[],"class_list":{"0":"post-276078","1":"product","2":"type-product","3":"status-publish","4":"has-post-thumbnail","6":"product_cat-nettoyage-darmes","7":"product_cat-non-categorise","9":"first","10":"instock","11":"taxable","12":"shipping-taxable","13":"purchasable","14":"product-type-simple"},"acf":[],"_links":{"self":[{"href":"https:\/\/staging.nbg.eu\/fr\/wp-json\/wp\/v2\/product\/276078","targetHints":{"allow":["GET"]}}],"collection":[{"href":"https:\/\/staging.nbg.eu\/fr\/wp-json\/wp\/v2\/product"}],"about":[{"href":"https:\/\/staging.nbg.eu\/fr\/wp-json\/wp\/v2\/types\/product"}],"wp:featuredmedia":[{"embeddable":true,"href":"https:\/\/staging.nbg.eu\/fr\/wp-json\/wp\/v2\/media\/235246"}],"wp:attachment":[{"href":"https:\/\/staging.nbg.eu\/fr\/wp-json\/wp\/v2\/media?parent=276078"}],"wp:term":[{"taxonomy":"product_brand","embeddable":true,"href":"https:\/\/staging.nbg.eu\/fr\/wp-json\/wp\/v2\/product_brand?post=276078"},{"taxonomy":"product_cat","embeddable":true,"href":"https:\/\/staging.nbg.eu\/fr\/wp-json\/wp\/v2\/product_cat?post=276078"},{"taxonomy":"product_tag","embeddable":true,"href":"https:\/\/staging.nbg.eu\/fr\/wp-json\/wp\/v2\/product_tag?post=276078"}],"curies":[{"name":"wp","href":"https:\/\/api.w.org\/{rel}","templated":true}]}}