{"id":275660,"date":"2025-03-07T18:52:50","date_gmt":"2025-03-20T12:40:16","guid":{"rendered":"https:\/\/staging.nbg.eu\/product\/vortex-defender-xl-micro-red-dot\/"},"modified":"2025-03-20T12:42:45","modified_gmt":"2025-03-20T12:42:45","slug":"vortex-defender-xl-point-rouge-micro","status":"publish","type":"product","link":"https:\/\/staging.nbg.eu\/fr\/produit\/vortex-defender-xl-point-rouge-micro\/","title":{"rendered":"Vortex &#8211; Defender-XL\u2122 &#8211; Point Rouge Micro"},"content":{"rendered":"<div class=\"product-description\">\n<h2>Vortex &#8211; Defender-XL\u2122 &#8211; Point rouge micro<\/h2>\n<p>Le Vortex Defender-XL\u2122 est un point rouge micro avec une grande fen\u00eatre de vis\u00e9e qui offre une meilleure vision p\u00e9riph\u00e9rique et une vitesse accrue pour les tirs de suivi.<\/p>\n<h2>Caract\u00e9ristiques principales :<\/h2>\n<ul>\n<li><strong>Point rouge 5 MOA :<\/strong> Visible dans toutes les conditions d&rsquo;\u00e9clairage<\/li>\n<li><strong>10 r\u00e9glages de luminosit\u00e9 :<\/strong> 8 pour usage diurne et 2 compatibles vision nocturne<\/li>\n<li><strong>Grande fen\u00eatre de vis\u00e9e :<\/strong> Acquisition rapide de la cible et large champ de vision<\/li>\n<li><strong>Lentille asph\u00e9rique :<\/strong> Image sans distorsion avec des couleurs plus fid\u00e8les<\/li>\n<li><strong>Insert en polym\u00e8re ShockShield\u2122 :<\/strong> Protection contre les chocs quotidiens<\/li>\n<li><strong>Texture Fast-Rack\u2122 :<\/strong> Texture pour faciliter l&rsquo;armement<\/li>\n<li><strong>Activation par mouvement :<\/strong> Allumage automatique avec arr\u00eat apr\u00e8s 10 minutes<\/li>\n<li><strong>Verrouillage des boutons :<\/strong> Emp\u00eache les ajustements accidentels<\/li>\n<li><strong>Batterie mont\u00e9e sur le dessus :<\/strong> Changement de batterie sans r\u00e9ajustement<\/li>\n<\/ul>\n<h2>Sp\u00e9cifications techniques :<\/h2>\n<ul>\n<li>Empreinte de montage : DeltaPoint\u00ae Pro<\/li>\n<li>Type de montage : Picatinny<\/li>\n<li>Grossissement : 1x<\/li>\n<li>Type de batterie : CR2032<\/li>\n<li>Autonomie : 25 000 heures<\/li>\n<li>Graduation d&rsquo;ajustement : 1 MOA<\/li>\n<li>Ajustement maximal en \u00e9l\u00e9vation : 120 MOA<\/li>\n<li>Ajustement maximal en d\u00e9rive : 115 MOA<\/li>\n<li>Longueur : 5,08 cm<\/li>\n<li>Poids : 54,7 g<\/li>\n<\/ul>\n<h2>Durabilit\u00e9 et performance :<\/h2>\n<ul>\n<li>\u00c9tanche : Joints toriques pour une performance fiable dans tous les environnements<\/li>\n<li>Anti-bu\u00e9e : Con\u00e7u pour r\u00e9sister \u00e0 une large gamme de temp\u00e9ratures<\/li>\n<li>R\u00e9sistant aux chocs : Construction robuste pour r\u00e9sister au recul et aux impacts<\/li>\n<li>Anodis\u00e9 noir mat : Finition r\u00e9sistante \u00e0 la corrosion et \u00e0 l&rsquo;usure<\/li>\n<li>Ch\u00e2ssis monobloc : Conception compacte et l\u00e9g\u00e8re<\/li>\n<li>Sans parallaxe : Parallaxe n\u00e9gligeable pour une meilleure pr\u00e9cision<\/li>\n<li>D\u00e9gagement oculaire illimit\u00e9 : D\u00e9gagement oculaire non critique pour une acquisition rapide de la cible<\/li>\n<\/ul>\n<p>Le point rouge micro Vortex Defender-XL\u2122 offre une construction robuste, des fonctionnalit\u00e9s avanc\u00e9es et des performances pr\u00e9cises.<\/p>\n<\/div>\n","protected":false},"excerpt":{"rendered":"<p>Viseur point rouge robuste et compact avec grande fen\u00eatre pour une acquisition rapide de la cible. Point de 5 MOA, 10 niveaux de luminosit\u00e9.<\/p>\n","protected":false},"featured_media":249110,"template":"","meta":{"_acf_changed":false},"product_brand":[11958],"product_cat":[12150,12170,12203,12149,12169],"product_tag":[],"class_list":{"0":"post-275660","1":"product","2":"type-product","3":"status-publish","4":"has-post-thumbnail","6":"product_brand-vortex","7":"product_cat-pistolet","8":"product_cat-points-rouges","9":"product_cat-points-rouges-fusil","10":"product_cat-points-rouges-pistolet","11":"product_cat-visee","13":"first","14":"instock","15":"sale","16":"taxable","17":"shipping-taxable","18":"purchasable","19":"product-type-variable","20":"wvs-archive-product-wrapper"},"acf":[],"_links":{"self":[{"href":"https:\/\/staging.nbg.eu\/fr\/wp-json\/wp\/v2\/product\/275660","targetHints":{"allow":["GET"]}}],"collection":[{"href":"https:\/\/staging.nbg.eu\/fr\/wp-json\/wp\/v2\/product"}],"about":[{"href":"https:\/\/staging.nbg.eu\/fr\/wp-json\/wp\/v2\/types\/product"}],"wp:featuredmedia":[{"embeddable":true,"href":"https:\/\/staging.nbg.eu\/fr\/wp-json\/wp\/v2\/media\/249110"}],"wp:attachment":[{"href":"https:\/\/staging.nbg.eu\/fr\/wp-json\/wp\/v2\/media?parent=275660"}],"wp:term":[{"taxonomy":"product_brand","embeddable":true,"href":"https:\/\/staging.nbg.eu\/fr\/wp-json\/wp\/v2\/product_brand?post=275660"},{"taxonomy":"product_cat","embeddable":true,"href":"https:\/\/staging.nbg.eu\/fr\/wp-json\/wp\/v2\/product_cat?post=275660"},{"taxonomy":"product_tag","embeddable":true,"href":"https:\/\/staging.nbg.eu\/fr\/wp-json\/wp\/v2\/product_tag?post=275660"}],"curies":[{"name":"wp","href":"https:\/\/api.w.org\/{rel}","templated":true}]}}