{"id":274954,"date":"2025-03-03T19:13:19","date_gmt":"2025-03-20T10:48:24","guid":{"rendered":"https:\/\/staging.nbg.eu\/product\/bore-tech-patch-guide\/"},"modified":"2025-03-20T10:50:43","modified_gmt":"2025-03-20T10:50:43","slug":"guide-de-patch-bore-tech","status":"publish","type":"product","link":"https:\/\/staging.nbg.eu\/fr\/produit\/guide-de-patch-bore-tech\/","title":{"rendered":"Guide de Patch Bore Tech"},"content":{"rendered":"<h2>Guide de patch Bore Tech pour AR-15\/AR-10<\/h2>\n<p>Le guide de patch Bore Tech est un syst\u00e8me brevet\u00e9 pour fixer les patches sans les mains. Il r\u00e9duit le d\u00e9sordre et simplifie le processus de nettoyage.<\/p>\n<ul>\n<li>Composants en aluminium usin\u00e9s par CNC<\/li>\n<li>Finition anodis\u00e9e pour la durabilit\u00e9<\/li>\n<li>Aligne la tige de nettoyage avec l&rsquo;\u00e2me du fusil<\/li>\n<li>Pr\u00e9vient les dommages aux tenons de verrouillage et aux bords de la chambre<\/li>\n<li>Adaptateurs avant interchangeables r\u00e9sistants aux solvants<\/li>\n<li>Disponible pour diff\u00e9rents calibres d&rsquo;AR-15 et AR-10<\/li>\n<\/ul>\n<p>Facilite le nettoyage et prot\u00e8ge votre fusil et votre tige de nettoyage. Le guide de patch Bore Tech est un outil essentiel pour les propri\u00e9taires d&rsquo;armes. Fabriqu\u00e9 aux \u00c9tats-Unis.<\/p>\n<p><strong>Choisissez Bore Tech.<\/strong><\/p>\n","protected":false},"excerpt":{"rendered":"<p>Nettoyage sans effort et sans d\u00e9sordre des AR-15\/AR-10 avec fixation des tampons mains libres.<\/p>\n","protected":false},"featured_media":235525,"template":"","meta":{"_acf_changed":false},"product_brand":[11152],"product_cat":[12174,12158,12200],"product_tag":[],"class_list":{"0":"post-274954","1":"product","2":"type-product","3":"status-publish","4":"has-post-thumbnail","6":"product_brand-boretech","7":"product_cat-nettoyage-darmes","8":"product_cat-patches-et-tire-patches","9":"product_cat-patchs","10":"pa_model-ar-10-fr","11":"pa_model-ar-15-fr","13":"first","14":"instock","15":"taxable","16":"shipping-taxable","17":"purchasable","18":"product-type-variable","19":"wvs-archive-product-wrapper"},"acf":[],"_links":{"self":[{"href":"https:\/\/staging.nbg.eu\/fr\/wp-json\/wp\/v2\/product\/274954","targetHints":{"allow":["GET"]}}],"collection":[{"href":"https:\/\/staging.nbg.eu\/fr\/wp-json\/wp\/v2\/product"}],"about":[{"href":"https:\/\/staging.nbg.eu\/fr\/wp-json\/wp\/v2\/types\/product"}],"wp:featuredmedia":[{"embeddable":true,"href":"https:\/\/staging.nbg.eu\/fr\/wp-json\/wp\/v2\/media\/235525"}],"wp:attachment":[{"href":"https:\/\/staging.nbg.eu\/fr\/wp-json\/wp\/v2\/media?parent=274954"}],"wp:term":[{"taxonomy":"product_brand","embeddable":true,"href":"https:\/\/staging.nbg.eu\/fr\/wp-json\/wp\/v2\/product_brand?post=274954"},{"taxonomy":"product_cat","embeddable":true,"href":"https:\/\/staging.nbg.eu\/fr\/wp-json\/wp\/v2\/product_cat?post=274954"},{"taxonomy":"product_tag","embeddable":true,"href":"https:\/\/staging.nbg.eu\/fr\/wp-json\/wp\/v2\/product_tag?post=274954"}],"curies":[{"name":"wp","href":"https:\/\/api.w.org\/{rel}","templated":true}]}}