{"id":274788,"date":"2025-03-03T19:50:37","date_gmt":"2025-03-03T19:50:37","guid":{"rendered":"https:\/\/staging.nbg.eu\/product\/daa-dry-fire-target-set-metric-uspsa\/"},"modified":"2025-03-20T10:17:37","modified_gmt":"2025-03-20T10:17:37","slug":"daa-ensemble-de-cibles-tir-a-sec-metric-uspsa","status":"publish","type":"product","link":"https:\/\/staging.nbg.eu\/fr\/produit\/daa-ensemble-de-cibles-tir-a-sec-metric-uspsa\/","title":{"rendered":"DAA Ensemble de Cibles Tir \u00e0 Sec (Metric &#8211; USPSA)"},"content":{"rendered":"<div class=\"product-description\">\n<h2>Ensemble de cibles pour tir \u00e0 sec DAA (M\u00e9trique &#8211; USPSA)<\/h2>\n<p>Ensemble de cibles pour l&rsquo;entra\u00eenement au tir \u00e0 sec. Ce kit comprend 17 cibles USPSA m\u00e9triques r\u00e9duites, pour la pratique en int\u00e9rieur.<\/p>\n<ul>\n<li>D\u00e9coup\u00e9es au laser dans des plaques de bois de 3 mm<\/li>\n<li>Simule des cibles \u00e0 15, 20 et 30 m\u00e8tres lorsque plac\u00e9es \u00e0 2,5-3 m\u00e8tres<\/li>\n<li>Trois tailles : 32% (24cm), 20% (15cm) et 12% (9cm) des cibles grandeur nature<\/li>\n<li>Inclut des cibles partielles pour diff\u00e9rents sc\u00e9narios d&rsquo;entra\u00eenement<\/li>\n<li>Trous de suspension pour l&rsquo;installation<\/li>\n<\/ul>\n<p>Pour l&rsquo;entra\u00eenement au tir \u00e0 sec avec des images de vis\u00e9e r\u00e9alistes. Permet de s&rsquo;entra\u00eener \u00e0 domicile avec cet ensemble de cibles.<\/p>\n<\/div>\n","protected":false},"excerpt":{"rendered":"<p>Cibles USPSA r\u00e9alistes et \u00e0 l&rsquo;\u00e9chelle pour un entra\u00eenement efficace \u00e0 sec \u00e0 domicile.<\/p>\n","protected":false},"featured_media":235971,"template":"","meta":{"_acf_changed":false},"product_brand":[11268],"product_cat":[12191,12166],"product_tag":[],"class_list":{"0":"post-274788","1":"product","2":"type-product","3":"status-publish","4":"has-post-thumbnail","6":"product_brand-doublealpha","7":"product_cat-cibles","8":"product_cat-cibles-papier","10":"first","11":"outofstock","12":"taxable","13":"shipping-taxable","14":"purchasable","15":"product-type-simple"},"acf":[],"_links":{"self":[{"href":"https:\/\/staging.nbg.eu\/fr\/wp-json\/wp\/v2\/product\/274788","targetHints":{"allow":["GET"]}}],"collection":[{"href":"https:\/\/staging.nbg.eu\/fr\/wp-json\/wp\/v2\/product"}],"about":[{"href":"https:\/\/staging.nbg.eu\/fr\/wp-json\/wp\/v2\/types\/product"}],"wp:featuredmedia":[{"embeddable":true,"href":"https:\/\/staging.nbg.eu\/fr\/wp-json\/wp\/v2\/media\/235971"}],"wp:attachment":[{"href":"https:\/\/staging.nbg.eu\/fr\/wp-json\/wp\/v2\/media?parent=274788"}],"wp:term":[{"taxonomy":"product_brand","embeddable":true,"href":"https:\/\/staging.nbg.eu\/fr\/wp-json\/wp\/v2\/product_brand?post=274788"},{"taxonomy":"product_cat","embeddable":true,"href":"https:\/\/staging.nbg.eu\/fr\/wp-json\/wp\/v2\/product_cat?post=274788"},{"taxonomy":"product_tag","embeddable":true,"href":"https:\/\/staging.nbg.eu\/fr\/wp-json\/wp\/v2\/product_tag?post=274788"}],"curies":[{"name":"wp","href":"https:\/\/api.w.org\/{rel}","templated":true}]}}