{"id":274649,"date":"2025-03-06T20:28:07","date_gmt":"2025-03-20T10:00:00","guid":{"rendered":"https:\/\/staging.nbg.eu\/product\/3m-peltor-protac-iii-slim-headset\/"},"modified":"2025-03-20T10:02:45","modified_gmt":"2025-03-20T10:02:45","slug":"casque-3m-peltor-protac-iii-slim","status":"publish","type":"product","link":"https:\/\/staging.nbg.eu\/fr\/produit\/casque-3m-peltor-protac-iii-slim\/","title":{"rendered":"Casque 3M PELTOR ProTac III Slim"},"content":{"rendered":"<div class=\"product-description\">\n<h2>Casque 3M\u2122 PELTOR\u2122 ProTac III Slim<\/h2>\n<p>Le casque ProTac III Slim offre une protection auditive. Ce casque professionnel propose :<\/p>\n<ul>\n<li>Indice de r\u00e9duction du bruit (NRR) de 23 dB<\/li>\n<li>Microphones environnementaux pour une protection auditive d\u00e9pendante du niveau<\/li>\n<li>Capacit\u00e9 d&rsquo;\u00e9coute ambiante pour la conscience situationnelle<\/li>\n<li>Technologie limitant le volume des haut-parleurs \u00e0 82 dBA<\/li>\n<li>Entr\u00e9e st\u00e9r\u00e9o 3,5 mm pour \u00e9coute seule d&rsquo;appareils externes (t\u00e9l\u00e9phones portables, radios bidirectionnelles, iPods)<\/li>\n<\/ul>\n<p>Caract\u00e9ristiques :<\/p>\n<ul>\n<li>Design noir<\/li>\n<li>Suspension de serre-t\u00eate<\/li>\n<li>Connexion filaire<\/li>\n<\/ul>\n<p>Adapt\u00e9 aux professionnels n\u00e9cessitant des capacit\u00e9s de communication sans compromettre la protection auditive.<\/p>\n<\/div>\n","protected":false},"excerpt":{"rendered":"<p>Protection auditive intelligente avec \u00e9coute ambiante et connectivit\u00e9 aux appareils.<\/p>\n","protected":false},"featured_media":245676,"template":"","meta":{"_acf_changed":false},"product_brand":[11016],"product_cat":[12160,12155],"product_tag":[],"class_list":{"0":"post-274649","1":"product","2":"type-product","3":"status-publish","4":"has-post-thumbnail","6":"product_brand-3m","7":"product_cat-equipement","8":"product_cat-protection-auditive","10":"first","11":"instock","12":"taxable","13":"shipping-taxable","14":"purchasable","15":"product-type-simple"},"acf":[],"_links":{"self":[{"href":"https:\/\/staging.nbg.eu\/fr\/wp-json\/wp\/v2\/product\/274649","targetHints":{"allow":["GET"]}}],"collection":[{"href":"https:\/\/staging.nbg.eu\/fr\/wp-json\/wp\/v2\/product"}],"about":[{"href":"https:\/\/staging.nbg.eu\/fr\/wp-json\/wp\/v2\/types\/product"}],"wp:featuredmedia":[{"embeddable":true,"href":"https:\/\/staging.nbg.eu\/fr\/wp-json\/wp\/v2\/media\/245676"}],"wp:attachment":[{"href":"https:\/\/staging.nbg.eu\/fr\/wp-json\/wp\/v2\/media?parent=274649"}],"wp:term":[{"taxonomy":"product_brand","embeddable":true,"href":"https:\/\/staging.nbg.eu\/fr\/wp-json\/wp\/v2\/product_brand?post=274649"},{"taxonomy":"product_cat","embeddable":true,"href":"https:\/\/staging.nbg.eu\/fr\/wp-json\/wp\/v2\/product_cat?post=274649"},{"taxonomy":"product_tag","embeddable":true,"href":"https:\/\/staging.nbg.eu\/fr\/wp-json\/wp\/v2\/product_tag?post=274649"}],"curies":[{"name":"wp","href":"https:\/\/api.w.org\/{rel}","templated":true}]}}