{"id":242303,"date":"2025-03-06T16:42:42","date_gmt":"2025-03-06T16:42:42","guid":{"rendered":"https:\/\/staging.nbg.eu\/product\/garmin-xero-c1-pro-chronograph\/"},"modified":"2025-03-06T17:07:32","modified_gmt":"2025-03-06T17:07:32","slug":"garmin-xero-c1-pro-chronographe","status":"publish","type":"product","link":"https:\/\/staging.nbg.eu\/fr\/produit\/garmin-xero-c1-pro-chronographe\/","title":{"rendered":"Garmin &#8211; Xero\u00ae C1 Pro Chronographe"},"content":{"rendered":"<div class=\"product-description\">\n<h2>Chronographe Garmin Xero\u00ae C1 Pro<\/h2>\n<p>Le chronographe Garmin Xero\u00ae C1 Pro est un outil pour les calculs balistiques de pr\u00e9cision. Il convient aux rechargeurs ajustant leurs munitions ou aux archers pr\u00e9parant leurs fl\u00e8ches, fournissant les donn\u00e9es de vitesse essentielles.<\/p>\n<h2>Caract\u00e9ristiques principales :<\/h2>\n<ul>\n<li>Mesure les vitesses de projectiles de 30 m\/s \u00e0 1524 m\/s<\/li>\n<li>Conception \u00e0 boutons pour une utilisation simple<\/li>\n<li>Compatible avec l&rsquo;application smartphone ShotView\u2122 pour le suivi et l&rsquo;analyse<\/li>\n<li>Indice d&rsquo;\u00e9tanch\u00e9it\u00e9 IPX7 pour une utilisation dans diverses conditions<\/li>\n<li>Design compact et installation rapide<\/li>\n<li>Batterie longue dur\u00e9e pour jusqu&rsquo;\u00e0 2 000 tirs ou 6 heures d&rsquo;utilisation<\/li>\n<\/ul>\n<h2>Performance :<\/h2>\n<p>Le capteur du Xero C1 Pro assure une d\u00e9tection fiable des tirs. Il est compatible avec les balles, fl\u00e8ches, slugs, billes airsoft, plombs et billes de paintball. L&rsquo;\u00e9cran r\u00e9tro\u00e9clair\u00e9 permet une utilisation en int\u00e9rieur et en ext\u00e9rieur.<\/p>\n<h2>Fonctionnalit\u00e9s :<\/h2>\n<p>La synchronisation avec l&rsquo;application ShotView\u2122 permet de suivre les tirs, mesurer les \u00e9carts, ajouter des notes et analyser les performances. L&rsquo;interface de l&rsquo;application compl\u00e8te la configuration simple du chronographe.<\/p>\n<h2>Con\u00e7u pour le stand de tir :<\/h2>\n<p>Avec son indice d&rsquo;\u00e9tanch\u00e9it\u00e9 IPX7 et sa construction robuste, le Xero C1 Pro est con\u00e7u pour une utilisation fr\u00e9quente. Il est compatible avec les armes \u00e0 feu \u00e9quip\u00e9es de suppresseurs, de freins de bouche ou de compensateurs.<\/p>\n<h2>Pr\u00e9cision :<\/h2>\n<p>Le Xero C1 Pro ne n\u00e9cessite pas de fixation sur l&rsquo;arme \u00e0 feu, pr\u00e9servant le z\u00e9ro et l&rsquo;harmonique du canon. Cette conception assure des mesures pr\u00e9cises sans affecter les performances de l&rsquo;arme \u00e0 feu.<\/p>\n<p>Le chronographe Garmin Xero\u00ae C1 Pro combine pr\u00e9cision et innovation pour am\u00e9liorer vos comp\u00e9tences de tir.<\/p>\n<\/div>\n","protected":false},"excerpt":{"rendered":"<p>Chronographe pr\u00e9cis pour mesurer la vitesse des projectiles. Compact, durable et compatible avec une application \u2013 Parfait pour les tireurs et les archers.<\/p>\n","protected":false},"featured_media":241966,"template":"","meta":{"_acf_changed":false},"product_brand":[],"product_cat":[12143,12160,12196,12189],"product_tag":[],"class_list":{"0":"post-242303","1":"product","2":"type-product","3":"status-publish","4":"has-post-thumbnail","6":"product_cat-accessoires-de-rechargement","7":"product_cat-equipement","8":"product_cat-outils","9":"product_cat-rechargement","11":"first","12":"instock","13":"taxable","14":"shipping-taxable","15":"purchasable","16":"product-type-simple"},"acf":[],"_links":{"self":[{"href":"https:\/\/staging.nbg.eu\/fr\/wp-json\/wp\/v2\/product\/242303","targetHints":{"allow":["GET"]}}],"collection":[{"href":"https:\/\/staging.nbg.eu\/fr\/wp-json\/wp\/v2\/product"}],"about":[{"href":"https:\/\/staging.nbg.eu\/fr\/wp-json\/wp\/v2\/types\/product"}],"wp:featuredmedia":[{"embeddable":true,"href":"https:\/\/staging.nbg.eu\/fr\/wp-json\/wp\/v2\/media\/241966"}],"wp:attachment":[{"href":"https:\/\/staging.nbg.eu\/fr\/wp-json\/wp\/v2\/media?parent=242303"}],"wp:term":[{"taxonomy":"product_brand","embeddable":true,"href":"https:\/\/staging.nbg.eu\/fr\/wp-json\/wp\/v2\/product_brand?post=242303"},{"taxonomy":"product_cat","embeddable":true,"href":"https:\/\/staging.nbg.eu\/fr\/wp-json\/wp\/v2\/product_cat?post=242303"},{"taxonomy":"product_tag","embeddable":true,"href":"https:\/\/staging.nbg.eu\/fr\/wp-json\/wp\/v2\/product_tag?post=242303"}],"curies":[{"name":"wp","href":"https:\/\/api.w.org\/{rel}","templated":true}]}}