{"id":236091,"date":"2025-03-03T20:03:09","date_gmt":"2025-03-03T20:03:09","guid":{"rendered":"https:\/\/staging.nbg.eu\/?post_type=product&#038;p=236091"},"modified":"2025-09-30T13:11:48","modified_gmt":"2025-09-30T10:11:48","slug":"papier-abrasif-modulaire-grips-kmr-s-argent","status":"publish","type":"product","link":"https:\/\/staging.nbg.eu\/fr\/produit\/papier-abrasif-modulaire-grips-kmr-s-argent\/","title":{"rendered":"Papier Abrasif Modulaire GRIPS KMR S Argent"},"content":{"rendered":"<h2>Poign\u00e9es modulaires en papier de verre KMR S &#8211; Noir<\/h2>\n<p>Poign\u00e9es pour pistolet KMR S-02. Fabriqu\u00e9es en duralumin anodis\u00e9, ces poign\u00e9es longues offrent une prise en main et un confort am\u00e9lior\u00e9s.<\/p>\n<h2>Caract\u00e9ristiques :<\/h2>\n<ul>\n<li>Con\u00e7ues exclusivement pour les mod\u00e8les KMR S-02 .22 LR<\/li>\n<li>Construction en duralumin anodis\u00e9<\/li>\n<li>Con\u00e7ues pour une utilisation sans guide-chargeur<\/li>\n<li>Vis torx incluses pour l&rsquo;installation<\/li>\n<li>Finition noire avec logo KMR<\/li>\n<\/ul>\n<p>Note : Ces poign\u00e9es sont sp\u00e9cifiquement con\u00e7ues pour le cadre en aluminium de 26 mm de largeur du KMR S-02 et ne sont pas compatibles avec les tailles de cadre W-02 ou L-02. Pour am\u00e9liorer la prise en main et la pr\u00e9cision de tir du pistolet KMR S-02.<\/p>\n<dl class=\"data-sheet\">\n<dt class=\"name\">Pour armes KMR<\/dt>\n<dd class=\"value\">KMR S-01 LANCE (OR)<br \/>\nKMR S-02 JUSQU&rsquo;\u00c0 2023<\/dd>\n<dt class=\"name\">S\u00e9lection par armes CZ<\/dt>\n<dd class=\"value\">CZ SHADOW 1<br \/>\nCZ SHADOW 2<br \/>\nCZ SHADOW 2 (OR)<br \/>\nCZ SP-01<\/dd>\n<\/dl>\n","protected":false},"excerpt":{"rendered":"<p>Poign\u00e9e modulaire noire KMR S-02, compatible avec cadre en aluminium.<br \/>\n0611-03101-0101<\/p>\n","protected":false},"featured_media":73893,"template":"","meta":{"_acf_changed":false},"product_brand":[11499],"product_cat":[12145],"product_tag":[],"class_list":{"0":"post-236091","1":"product","2":"type-product","3":"status-publish","4":"has-post-thumbnail","6":"product_brand-kmr-precision","7":"product_cat-pieces-kmr","9":"first","10":"instock","11":"taxable","12":"shipping-taxable","13":"purchasable","14":"product-type-simple"},"acf":[],"_links":{"self":[{"href":"https:\/\/staging.nbg.eu\/fr\/wp-json\/wp\/v2\/product\/236091","targetHints":{"allow":["GET"]}}],"collection":[{"href":"https:\/\/staging.nbg.eu\/fr\/wp-json\/wp\/v2\/product"}],"about":[{"href":"https:\/\/staging.nbg.eu\/fr\/wp-json\/wp\/v2\/types\/product"}],"wp:featuredmedia":[{"embeddable":true,"href":"https:\/\/staging.nbg.eu\/fr\/wp-json\/wp\/v2\/media\/73893"}],"wp:attachment":[{"href":"https:\/\/staging.nbg.eu\/fr\/wp-json\/wp\/v2\/media?parent=236091"}],"wp:term":[{"taxonomy":"product_brand","embeddable":true,"href":"https:\/\/staging.nbg.eu\/fr\/wp-json\/wp\/v2\/product_brand?post=236091"},{"taxonomy":"product_cat","embeddable":true,"href":"https:\/\/staging.nbg.eu\/fr\/wp-json\/wp\/v2\/product_cat?post=236091"},{"taxonomy":"product_tag","embeddable":true,"href":"https:\/\/staging.nbg.eu\/fr\/wp-json\/wp\/v2\/product_tag?post=236091"}],"curies":[{"name":"wp","href":"https:\/\/api.w.org\/{rel}","templated":true}]}}