{"id":22544,"date":"2024-08-19T17:28:32","date_gmt":"2024-08-19T17:28:32","guid":{"rendered":"https:\/\/staging.nbg.eu\/product\/produit-2\/"},"modified":"2024-09-09T15:08:06","modified_gmt":"2024-09-09T15:08:06","slug":"goupille-ressort-darretoir-de-culasse-kmr","status":"publish","type":"product","link":"https:\/\/staging.nbg.eu\/fr\/produit\/goupille-ressort-darretoir-de-culasse-kmr\/","title":{"rendered":"Goupille Ressort d&rsquo;Arr\u00eatoir de Culasse KMR"},"content":{"rendered":"<p>Goupille de ressort d&rsquo;arr\u00eat de glissi\u00e8re KMR de pr\u00e9cision : Ajustement durable et pr\u00e9cis.<\/p>\n","protected":false},"excerpt":{"rendered":"<p>Pi\u00e8ce de pistolet KMR vitale, fabriqu\u00e9e avec pr\u00e9cision.<\/p>\n","protected":false},"featured_media":60768,"template":"","meta":{"_acf_changed":false},"product_brand":[],"product_cat":[12145],"product_tag":[],"class_list":{"0":"post-22544","1":"product","2":"type-product","3":"status-publish","4":"has-post-thumbnail","6":"product_cat-pieces-kmr","8":"first","9":"instock","10":"taxable","11":"shipping-taxable","12":"product-type-simple"},"acf":[],"_links":{"self":[{"href":"https:\/\/staging.nbg.eu\/fr\/wp-json\/wp\/v2\/product\/22544","targetHints":{"allow":["GET"]}}],"collection":[{"href":"https:\/\/staging.nbg.eu\/fr\/wp-json\/wp\/v2\/product"}],"about":[{"href":"https:\/\/staging.nbg.eu\/fr\/wp-json\/wp\/v2\/types\/product"}],"wp:featuredmedia":[{"embeddable":true,"href":"https:\/\/staging.nbg.eu\/fr\/wp-json\/wp\/v2\/media\/60768"}],"wp:attachment":[{"href":"https:\/\/staging.nbg.eu\/fr\/wp-json\/wp\/v2\/media?parent=22544"}],"wp:term":[{"taxonomy":"product_brand","embeddable":true,"href":"https:\/\/staging.nbg.eu\/fr\/wp-json\/wp\/v2\/product_brand?post=22544"},{"taxonomy":"product_cat","embeddable":true,"href":"https:\/\/staging.nbg.eu\/fr\/wp-json\/wp\/v2\/product_cat?post=22544"},{"taxonomy":"product_tag","embeddable":true,"href":"https:\/\/staging.nbg.eu\/fr\/wp-json\/wp\/v2\/product_tag?post=22544"}],"curies":[{"name":"wp","href":"https:\/\/api.w.org\/{rel}","templated":true}]}}