{"id":213906,"date":"2024-10-31T21:14:39","date_gmt":"2025-02-19T16:23:08","guid":{"rendered":"https:\/\/staging.nbg.eu\/product\/sabre-red-spray-52cft10-mk3-crossfire-gel-1-5oz-45ml\/"},"modified":"2025-02-19T16:25:39","modified_gmt":"2025-02-19T16:25:39","slug":"spray-sabre-red-52cft10-mk3-crossfire-gel-15oz45ml","status":"publish","type":"product","link":"https:\/\/staging.nbg.eu\/fr\/produit\/spray-sabre-red-52cft10-mk3-crossfire-gel-15oz45ml\/","title":{"rendered":"Spray Sabre Red 52CFT10 MK3 Crossfire GEL 1.5oz\/45ml"},"content":{"rendered":"<div class=\"product-description\">\n<h2>Sabre Red 52CFT10-G MK-3 Crossfire Stream<\/h2>\n<p>Ce spray au poivre de 1,5 oz offre une puissance d&rsquo;arr\u00eat accrue avec une teneur en capsa\u00efcino\u00efdes plus \u00e9lev\u00e9e. Caract\u00e9ristiques :<\/p>\n<ul>\n<li>Technologie SABRE Crossfire\u00ae pour un d\u00e9ploiement sous tous les angles<\/li>\n<li>8 pulv\u00e9risations d&rsquo;une seconde avec une port\u00e9e de 15-20 pieds<\/li>\n<li>Formulation 1,33% MC<\/li>\n<li>Dur\u00e9e de conservation de 5 ans<\/li>\n<li>Certifi\u00e9 ISO 9001:2008<\/li>\n<li>Tests oculaires, cutan\u00e9s et par inhalation<\/li>\n<li>Colorant UV pour l&rsquo;identification des suspects<\/li>\n<li>Non inflammable et compatible EID<\/li>\n<\/ul>\n<p>Pour les forces de l&rsquo;ordre et la protection personnelle. Fabriqu\u00e9 aux \u00c9tats-Unis par Security Equipment Corp.<\/p>\n<\/div>\n","protected":false},"excerpt":{"rendered":"<p>Spray au poivre puissant de qualit\u00e9 polici\u00e8re. Technologie Crossfire, port\u00e9e de 4,5 \u00e0 6 m\u00e8tres.<\/p>\n","protected":false},"featured_media":75070,"template":"","meta":{"_acf_changed":false},"product_brand":[11754],"product_cat":[12183],"product_tag":[],"class_list":{"0":"post-213906","1":"product","2":"type-product","3":"status-publish","4":"has-post-thumbnail","6":"product_brand-sabre","7":"product_cat-edc","9":"first","10":"instock","11":"taxable","12":"shipping-taxable","13":"purchasable","14":"product-type-simple"},"acf":[],"_links":{"self":[{"href":"https:\/\/staging.nbg.eu\/fr\/wp-json\/wp\/v2\/product\/213906","targetHints":{"allow":["GET"]}}],"collection":[{"href":"https:\/\/staging.nbg.eu\/fr\/wp-json\/wp\/v2\/product"}],"about":[{"href":"https:\/\/staging.nbg.eu\/fr\/wp-json\/wp\/v2\/types\/product"}],"wp:featuredmedia":[{"embeddable":true,"href":"https:\/\/staging.nbg.eu\/fr\/wp-json\/wp\/v2\/media\/75070"}],"wp:attachment":[{"href":"https:\/\/staging.nbg.eu\/fr\/wp-json\/wp\/v2\/media?parent=213906"}],"wp:term":[{"taxonomy":"product_brand","embeddable":true,"href":"https:\/\/staging.nbg.eu\/fr\/wp-json\/wp\/v2\/product_brand?post=213906"},{"taxonomy":"product_cat","embeddable":true,"href":"https:\/\/staging.nbg.eu\/fr\/wp-json\/wp\/v2\/product_cat?post=213906"},{"taxonomy":"product_tag","embeddable":true,"href":"https:\/\/staging.nbg.eu\/fr\/wp-json\/wp\/v2\/product_tag?post=213906"}],"curies":[{"name":"wp","href":"https:\/\/api.w.org\/{rel}","templated":true}]}}