{"id":211493,"date":"2024-01-24T19:30:39","date_gmt":"2025-02-19T13:02:00","guid":{"rendered":"https:\/\/staging.nbg.eu\/product\/iosso-bolt-carrier-brush\/"},"modified":"2025-02-19T13:14:24","modified_gmt":"2025-02-19T13:14:24","slug":"brosse-pour-porte-boulon-iosso","status":"publish","type":"product","link":"https:\/\/staging.nbg.eu\/fr\/produit\/brosse-pour-porte-boulon-iosso\/","title":{"rendered":"Brosse pour Porte-Boulon Iosso"},"content":{"rendered":"<p style=\"text-align: center\"><strong><span style=\"font-size: 170%\">Brosses pour transporteur de culasse losso<\/span><\/strong><\/p>\n<p>Ce kit contient des packs de brosses pour transporteur de culasse et chambre. Elles sont dimensionn\u00e9es avec une tol\u00e9rance \u00e9troite pour un nettoyage pr\u00e9cis. Elles sont fabriqu\u00e9es en fibres bleues, \u00e9paisses et rigides qui conservent leur forme. Cela permet un mouvement de va-et-vient contrairement aux brosses traditionnelles en laiton et bronze. Elles peuvent \u00eatre utilis\u00e9es plusieurs fois avant de s&rsquo;user.<\/p>\n<table width=\"305\">\n<tbody>\n<tr>\n<td width=\"305\"><strong>AR-15 Transporteur de culasse avec tige, lot de 2<\/strong><\/td>\n<\/tr>\n<tr>\n<td><strong>AR.308 Transporteur de culasse de fusil avec tige, lot de 2<\/strong><\/td>\n<\/tr>\n<\/tbody>\n<\/table>\n","protected":false},"excerpt":{"rendered":"<p><strong>Dimensionn\u00e9 avec une tol\u00e9rance \u00e9troite pour un nettoyage de pr\u00e9cision<\/strong><\/p>\n","protected":false},"featured_media":107706,"template":"","meta":{"_acf_changed":false},"product_brand":[11481],"product_cat":[12201,12174],"product_tag":[],"class_list":{"0":"post-211493","1":"product","2":"type-product","3":"status-publish","4":"has-post-thumbnail","6":"product_brand-iosso","7":"product_cat-brosses","8":"product_cat-nettoyage-darmes","9":"pa_model-ar-308-fr","10":"pa_model-ar-15-fr","12":"first","13":"instock","14":"taxable","15":"shipping-taxable","16":"purchasable","17":"product-type-variable","18":"wvs-archive-product-wrapper"},"acf":[],"_links":{"self":[{"href":"https:\/\/staging.nbg.eu\/fr\/wp-json\/wp\/v2\/product\/211493","targetHints":{"allow":["GET"]}}],"collection":[{"href":"https:\/\/staging.nbg.eu\/fr\/wp-json\/wp\/v2\/product"}],"about":[{"href":"https:\/\/staging.nbg.eu\/fr\/wp-json\/wp\/v2\/types\/product"}],"wp:featuredmedia":[{"embeddable":true,"href":"https:\/\/staging.nbg.eu\/fr\/wp-json\/wp\/v2\/media\/107706"}],"wp:attachment":[{"href":"https:\/\/staging.nbg.eu\/fr\/wp-json\/wp\/v2\/media?parent=211493"}],"wp:term":[{"taxonomy":"product_brand","embeddable":true,"href":"https:\/\/staging.nbg.eu\/fr\/wp-json\/wp\/v2\/product_brand?post=211493"},{"taxonomy":"product_cat","embeddable":true,"href":"https:\/\/staging.nbg.eu\/fr\/wp-json\/wp\/v2\/product_cat?post=211493"},{"taxonomy":"product_tag","embeddable":true,"href":"https:\/\/staging.nbg.eu\/fr\/wp-json\/wp\/v2\/product_tag?post=211493"}],"curies":[{"name":"wp","href":"https:\/\/api.w.org\/{rel}","templated":true}]}}