{"id":208644,"date":"2024-07-29T13:02:15","date_gmt":"2024-07-29T13:02:15","guid":{"rendered":"https:\/\/staging.nbg.eu\/product\/bore-tech-friction-guard-xp-120ml\/"},"modified":"2025-02-16T16:54:39","modified_gmt":"2025-02-16T16:54:39","slug":"protecteur-anti-friction-bore-tech-xp-120ml","status":"publish","type":"product","link":"https:\/\/staging.nbg.eu\/fr\/produit\/protecteur-anti-friction-bore-tech-xp-120ml\/","title":{"rendered":"Protecteur Anti-Friction Bore Tech XP 120ml"},"content":{"rendered":"<h2>Huile pour arme Bore Tech Friction Guard XP &#8211; 120ml<\/h2>\n<p>L&rsquo;huile pour arme Bore Tech Friction Guard XP est un m\u00e9lange synth\u00e9tique qui d\u00e9passe les exigences MIL-PRF-63460E, offrant :<\/p>\n<ul>\n<li>Lubrification de -73\u00b0C \u00e0 316\u00b0C<\/li>\n<li>R\u00e9duction de 95% de la friction et de l&rsquo;usure<\/li>\n<li>Protection contre la corrosion<\/li>\n<li>P\u00e9n\u00e9tration et adh\u00e9sion aux surfaces m\u00e9talliques<\/li>\n<li>Film protecteur contre l&rsquo;usure<\/li>\n<li>R\u00e9sistance aux temp\u00e9ratures extr\u00eames<\/li>\n<li>Protection de plus de 100 heures au test de brouillard salin<\/li>\n<li>D\u00e9placement de l&rsquo;humidit\u00e9<\/li>\n<li>R\u00e9pulsion de la poussi\u00e8re et des d\u00e9bris<\/li>\n<\/ul>\n<p>Convient aux tireurs, chasseurs et amateurs d&rsquo;armes. Friction Guard XP entretient le canon de votre arme \u00e0 feu et la prot\u00e8ge pendant l&rsquo;utilisation et le stockage.<\/p>\n","protected":false},"excerpt":{"rendered":"<p>Huile synth\u00e9tique haute performance pour armes offrant une lubrification et une protection sup\u00e9rieures.<\/p>\n","protected":false},"featured_media":150482,"template":"","meta":{"_acf_changed":false},"product_brand":[11152],"product_cat":[12162,12174],"product_tag":[],"class_list":{"0":"post-208644","1":"product","2":"type-product","3":"status-publish","4":"has-post-thumbnail","6":"product_brand-boretech","7":"product_cat-lubrifiants","8":"product_cat-nettoyage-darmes","10":"first","11":"instock","12":"taxable","13":"shipping-taxable","14":"purchasable","15":"product-type-simple"},"acf":[],"_links":{"self":[{"href":"https:\/\/staging.nbg.eu\/fr\/wp-json\/wp\/v2\/product\/208644","targetHints":{"allow":["GET"]}}],"collection":[{"href":"https:\/\/staging.nbg.eu\/fr\/wp-json\/wp\/v2\/product"}],"about":[{"href":"https:\/\/staging.nbg.eu\/fr\/wp-json\/wp\/v2\/types\/product"}],"wp:featuredmedia":[{"embeddable":true,"href":"https:\/\/staging.nbg.eu\/fr\/wp-json\/wp\/v2\/media\/150482"}],"wp:attachment":[{"href":"https:\/\/staging.nbg.eu\/fr\/wp-json\/wp\/v2\/media?parent=208644"}],"wp:term":[{"taxonomy":"product_brand","embeddable":true,"href":"https:\/\/staging.nbg.eu\/fr\/wp-json\/wp\/v2\/product_brand?post=208644"},{"taxonomy":"product_cat","embeddable":true,"href":"https:\/\/staging.nbg.eu\/fr\/wp-json\/wp\/v2\/product_cat?post=208644"},{"taxonomy":"product_tag","embeddable":true,"href":"https:\/\/staging.nbg.eu\/fr\/wp-json\/wp\/v2\/product_tag?post=208644"}],"curies":[{"name":"wp","href":"https:\/\/api.w.org\/{rel}","templated":true}]}}