{"id":205368,"date":"2024-08-16T18:01:15","date_gmt":"2025-02-13T15:24:14","guid":{"rendered":"https:\/\/staging.nbg.eu\/product\/rhh-ipsc-holster-mount-509\/"},"modified":"2025-02-13T15:25:42","modified_gmt":"2025-02-13T15:25:42","slug":"support-holster-ipsc-rhh-509","status":"publish","type":"product","link":"https:\/\/staging.nbg.eu\/fr\/produit\/support-holster-ipsc-rhh-509\/","title":{"rendered":"Support Holster IPSC RHH .509"},"content":{"rendered":"<div class=\"product-description\">\n<h2>Support de holster RHH IPSC .509<\/h2>\n<p>Le support de holster RHH IPSC .509 offre des options de personnalisation pour votre configuration de holster :<\/p>\n<ul>\n<li><strong>Inclinaison r\u00e9glable :<\/strong> Ajustez l&rsquo;angle dans toute direction selon vos pr\u00e9f\u00e9rences, avec possibilit\u00e9 de modifications \u00e0 tout moment.<\/li>\n<li><strong>Configuration multi-axes :<\/strong> Combinez avec le r\u00e9glage de la hauteur pour des changements continus sur trois axes tout en maintenant la hauteur souhait\u00e9e.<\/li>\n<li><strong>Contr\u00f4le de l&rsquo;inclinaison lat\u00e9rale :<\/strong> Ajustez l&rsquo;inclinaison du holster en serrant les vis. Inclut deux jeux de vis et de rondelles pour diff\u00e9rentes distances du corps.<\/li>\n<li><strong>R\u00e9glage flexible de la hauteur :<\/strong> Plusieurs trous de vis vous permettent d&rsquo;optimiser la hauteur du holster par rapport \u00e0 votre ceinture pour faciliter le d\u00e9gainage de l&rsquo;arme.<\/li>\n<\/ul>\n<p><strong>Poids :<\/strong> 0,19 kg<\/p>\n<p>Le support de holster RHH IPSC .509 permet une configuration de tir personnalis\u00e9e et efficace.<\/p>\n<\/div>\n","protected":false},"excerpt":{"rendered":"<p>Support de holster IPSC r\u00e9glable : inclinaison, hauteur et angle personnalisables.<\/p>\n","protected":false},"featured_media":23131,"template":"","meta":{"_acf_changed":false},"product_brand":[11635],"product_cat":[12180,12185],"product_tag":[],"class_list":{"0":"post-205368","1":"product","2":"type-product","3":"status-publish","4":"has-post-thumbnail","6":"product_brand-rh-holsters","7":"product_cat-accessoires-detui","8":"product_cat-etui-de-sport","10":"first","11":"instock","12":"taxable","13":"shipping-taxable","14":"purchasable","15":"product-type-simple"},"acf":[],"_links":{"self":[{"href":"https:\/\/staging.nbg.eu\/fr\/wp-json\/wp\/v2\/product\/205368","targetHints":{"allow":["GET"]}}],"collection":[{"href":"https:\/\/staging.nbg.eu\/fr\/wp-json\/wp\/v2\/product"}],"about":[{"href":"https:\/\/staging.nbg.eu\/fr\/wp-json\/wp\/v2\/types\/product"}],"wp:featuredmedia":[{"embeddable":true,"href":"https:\/\/staging.nbg.eu\/fr\/wp-json\/wp\/v2\/media\/23131"}],"wp:attachment":[{"href":"https:\/\/staging.nbg.eu\/fr\/wp-json\/wp\/v2\/media?parent=205368"}],"wp:term":[{"taxonomy":"product_brand","embeddable":true,"href":"https:\/\/staging.nbg.eu\/fr\/wp-json\/wp\/v2\/product_brand?post=205368"},{"taxonomy":"product_cat","embeddable":true,"href":"https:\/\/staging.nbg.eu\/fr\/wp-json\/wp\/v2\/product_cat?post=205368"},{"taxonomy":"product_tag","embeddable":true,"href":"https:\/\/staging.nbg.eu\/fr\/wp-json\/wp\/v2\/product_tag?post=205368"}],"curies":[{"name":"wp","href":"https:\/\/api.w.org\/{rel}","templated":true}]}}