{"id":203082,"date":"2024-08-01T13:29:21","date_gmt":"2025-02-13T10:03:26","guid":{"rendered":"https:\/\/staging.nbg.eu\/product\/rh-owb-sport-holster\/"},"modified":"2025-02-13T10:06:06","modified_gmt":"2025-02-13T10:06:06","slug":"holster-sport-exterieur-main-droite","status":"publish","type":"product","link":"https:\/\/staging.nbg.eu\/fr\/produit\/holster-sport-exterieur-main-droite\/","title":{"rendered":"Holster Sport Exterieur Main Droite"},"content":{"rendered":"<div class=\"product-description\">\n<h2>\u00c9tui de sport RH OWB<\/h2>\n<p>\u00c9tui de sport RH OWB pour le tir IPSC. Fabriqu\u00e9 en kydex, cet \u00e9tui offre un ajustement s\u00fbr pour votre arme avec une r\u00e9sistance r\u00e9glable pour le d\u00e9gainage.<\/p>\n<h2>Caract\u00e9ristiques principales :<\/h2>\n<ul>\n<li>Fabriqu\u00e9 sur mesure pour tout mod\u00e8le d&rsquo;arme<\/li>\n<li>Disponible en plusieurs couleurs<\/li>\n<li>Con\u00e7u pour \u00eatre port\u00e9 sur des ceintures de tir renforc\u00e9es<\/li>\n<li>Positionn\u00e9 plus bas sur la ceinture pour un d\u00e9gainage plus rapide<\/li>\n<li>Choix de syst\u00e8mes de fixation :\n<ul>\n<li>Blade-Tech Tek-Lok<\/li>\n<li>Support RHH IPSC (enti\u00e8rement r\u00e9glable)<\/li>\n<\/ul>\n<\/li>\n<li>Tension de prise r\u00e9glable<\/li>\n<li>Conception sans protection anti-transpiration pour faciliter le d\u00e9gainage<\/li>\n<\/ul>\n<h2>Caract\u00e9ristiques du support RHH IPSC :<\/h2>\n<ul>\n<li>R\u00e9glage continu de l&rsquo;angle de l&rsquo;\u00e9tui<\/li>\n<li>Distance r\u00e9glable par rapport au corps<\/li>\n<li>Possibilit\u00e9 de r\u00e9glage en hauteur<\/li>\n<li>Disponible en noir, bleu et violet<\/li>\n<\/ul>\n<p>Cet \u00e9tui convient aux tireurs d\u00e9butants et avanc\u00e9s. Il \u00e9pouse la forme de votre arme. Il peut \u00eatre associ\u00e9 \u00e0 nos porte-chargeurs et supports magn\u00e9tiques assortis.<\/p>\n<p>\u00c9tui personnalis\u00e9 utilis\u00e9 par des comp\u00e9titeurs IPSC tch\u00e8ques. Choisissez l&rsquo;\u00e9tui de sport RH OWB pour une personnalisation et des performances dans vos activit\u00e9s de tir sportif.<\/p>\n<\/div>\n","protected":false},"excerpt":{"rendered":"<p>Holster de sport RH OWB : \u00c9tui kydex personnalis\u00e9 IPSC pour des d\u00e9gainements rapides et pr\u00e9cis.<\/p>\n","protected":false},"featured_media":152788,"template":"","meta":{"_acf_changed":false},"product_brand":[11635],"product_cat":[12185,12147],"product_tag":[],"class_list":{"0":"post-203082","1":"product","2":"type-product","3":"status-publish","4":"has-post-thumbnail","6":"product_brand-rh-holsters","7":"product_cat-etui-de-sport","8":"product_cat-holster","9":"pa_model-cz-75-shadow-2-fr","10":"pa_model-glock-17-fr","11":"pa_model-glock-34-fr","12":"pa_model-kmr-spectra-fr","13":"pa_model-kmr-umbra-fr","14":"pa_strong-hand-left-fr","15":"pa_strong-hand-right-fr","17":"first","18":"instock","19":"taxable","20":"shipping-taxable","21":"purchasable","22":"product-type-variable","23":"wvs-archive-product-wrapper"},"acf":[],"_links":{"self":[{"href":"https:\/\/staging.nbg.eu\/fr\/wp-json\/wp\/v2\/product\/203082","targetHints":{"allow":["GET"]}}],"collection":[{"href":"https:\/\/staging.nbg.eu\/fr\/wp-json\/wp\/v2\/product"}],"about":[{"href":"https:\/\/staging.nbg.eu\/fr\/wp-json\/wp\/v2\/types\/product"}],"wp:featuredmedia":[{"embeddable":true,"href":"https:\/\/staging.nbg.eu\/fr\/wp-json\/wp\/v2\/media\/152788"}],"wp:attachment":[{"href":"https:\/\/staging.nbg.eu\/fr\/wp-json\/wp\/v2\/media?parent=203082"}],"wp:term":[{"taxonomy":"product_brand","embeddable":true,"href":"https:\/\/staging.nbg.eu\/fr\/wp-json\/wp\/v2\/product_brand?post=203082"},{"taxonomy":"product_cat","embeddable":true,"href":"https:\/\/staging.nbg.eu\/fr\/wp-json\/wp\/v2\/product_cat?post=203082"},{"taxonomy":"product_tag","embeddable":true,"href":"https:\/\/staging.nbg.eu\/fr\/wp-json\/wp\/v2\/product_tag?post=203082"}],"curies":[{"name":"wp","href":"https:\/\/api.w.org\/{rel}","templated":true}]}}