{"id":200333,"date":"2024-08-16T18:04:47","date_gmt":"2025-02-11T17:40:07","guid":{"rendered":"https:\/\/staging.nbg.eu\/product\/rcs-gear-plastic-hook-40mm\/"},"modified":"2025-02-11T17:42:16","modified_gmt":"2025-02-11T17:42:16","slug":"crochet-plastique-rcs-gear-40mm","status":"publish","type":"product","link":"https:\/\/staging.nbg.eu\/fr\/produit\/crochet-plastique-rcs-gear-40mm\/","title":{"rendered":"Crochet Plastique RCS Gear 40mm"},"content":{"rendered":"<div class=\"product-description\">\n<h2>Crochet en plastique RCS Gear 40mm<\/h2>\n<p>Le crochet en plastique RCS Gear 40mm est un accessoire con\u00e7u pour fixer les holsters AIWB \u00e0 sidecar.<\/p>\n<h2>Caract\u00e9ristiques principales :<\/h2>\n<ul>\n<li>Syst\u00e8me de fixation rapide<\/li>\n<li>Construction en plastique<\/li>\n<li>Compatible avec les holsters AIWB \u00e0 sidecar<\/li>\n<li>Disponible en tailles 40mm et 45mm<\/li>\n<li>Poids de 0,02 kg<\/li>\n<\/ul>\n<p>Le crochet en plastique RCS Gear permet de fixer un holster. Il se fixe rapidement et est con\u00e7u pour \u00eatre durable. Ce crochet est un accessoire pour les utilisateurs d&rsquo;armes \u00e0 feu.<\/p>\n<\/div>\n","protected":false},"excerpt":{"rendered":"<p>Crochet en plastique durable de 40 mm pour holsters AIWB. Conception \u00e0 clic rapide.<\/p>\n","protected":false},"featured_media":31660,"template":"","meta":{"_acf_changed":false},"product_brand":[],"product_cat":[12185,12147],"product_tag":[],"class_list":{"0":"post-200333","1":"product","2":"type-product","3":"status-publish","4":"has-post-thumbnail","6":"product_cat-etui-de-sport","7":"product_cat-holster","9":"first","10":"instock","11":"taxable","12":"shipping-taxable","13":"purchasable","14":"product-type-simple"},"acf":[],"_links":{"self":[{"href":"https:\/\/staging.nbg.eu\/fr\/wp-json\/wp\/v2\/product\/200333","targetHints":{"allow":["GET"]}}],"collection":[{"href":"https:\/\/staging.nbg.eu\/fr\/wp-json\/wp\/v2\/product"}],"about":[{"href":"https:\/\/staging.nbg.eu\/fr\/wp-json\/wp\/v2\/types\/product"}],"wp:featuredmedia":[{"embeddable":true,"href":"https:\/\/staging.nbg.eu\/fr\/wp-json\/wp\/v2\/media\/31660"}],"wp:attachment":[{"href":"https:\/\/staging.nbg.eu\/fr\/wp-json\/wp\/v2\/media?parent=200333"}],"wp:term":[{"taxonomy":"product_brand","embeddable":true,"href":"https:\/\/staging.nbg.eu\/fr\/wp-json\/wp\/v2\/product_brand?post=200333"},{"taxonomy":"product_cat","embeddable":true,"href":"https:\/\/staging.nbg.eu\/fr\/wp-json\/wp\/v2\/product_cat?post=200333"},{"taxonomy":"product_tag","embeddable":true,"href":"https:\/\/staging.nbg.eu\/fr\/wp-json\/wp\/v2\/product_tag?post=200333"}],"curies":[{"name":"wp","href":"https:\/\/api.w.org\/{rel}","templated":true}]}}