{"id":199695,"date":"2024-07-29T13:09:29","date_gmt":"2025-02-11T11:06:41","guid":{"rendered":"https:\/\/staging.nbg.eu\/product\/single-pistol-belt-pouch\/"},"modified":"2025-02-11T11:08:59","modified_gmt":"2025-02-11T11:08:59","slug":"pochette-individuelle-pour-pistolet-sur-ceinture","status":"publish","type":"product","link":"https:\/\/staging.nbg.eu\/fr\/produit\/pochette-individuelle-pour-pistolet-sur-ceinture\/","title":{"rendered":"Pochette Individuelle pour Pistolet sur Ceinture"},"content":{"rendered":"<div class=\"product-description\">\n<h2>Pochette de ceinture pour un pistolet<\/h2>\n<p>Cette pochette Ten-Speed\u00ae contient un chargeur de pistolet unique, offrant un acc\u00e8s imm\u00e9diat pour le service ou le port dissimul\u00e9.<\/p>\n<ul>\n<li>S&rsquo;adapte aux ceintures jusqu&rsquo;\u00e0 5 cm de large<\/li>\n<li>Port confortable toute la journ\u00e9e sans bords coupants<\/li>\n<li>Avant \u00e9lastique avec stratifi\u00e9 ULTRAcomp\u2122<\/li>\n<li>Syst\u00e8me de fermeture \u00e0 crochets et boucles<\/li>\n<li>Convient aux chargeurs simples ou doubles (jusqu&rsquo;\u00e0 la taille HK45\/USP)<\/li>\n<li>Convient \u00e9galement aux lampes, outils multifonctions ou articles similaires<\/li>\n<li>Fixation de ceinture amovible pour montage horizontal<\/li>\n<\/ul>\n<p>Dimensions : 5,7 cm x 11,4 cm | Poids : 20 grammes<\/p>\n<p>Cette pochette est l\u00e9g\u00e8re, durable et adaptable.<\/p>\n<\/div>\n","protected":false},"excerpt":{"rendered":"<p>Pochette de ceinture fine et s\u00e9curis\u00e9e pour chargeur de pistolet ou outil. Acc\u00e8s rapide.<\/p>\n","protected":false},"featured_media":164224,"template":"","meta":{"_acf_changed":false},"product_brand":[11128],"product_cat":[12160,12151,12136],"product_tag":[],"class_list":{"0":"post-199695","1":"product","2":"type-product","3":"status-publish","4":"has-post-thumbnail","6":"product_brand-blue-force-gear","7":"product_cat-equipement","8":"product_cat-pochettes","9":"product_cat-porte-chargeurs","11":"first","12":"instock","13":"taxable","14":"shipping-taxable","15":"purchasable","16":"product-type-simple"},"acf":[],"_links":{"self":[{"href":"https:\/\/staging.nbg.eu\/fr\/wp-json\/wp\/v2\/product\/199695","targetHints":{"allow":["GET"]}}],"collection":[{"href":"https:\/\/staging.nbg.eu\/fr\/wp-json\/wp\/v2\/product"}],"about":[{"href":"https:\/\/staging.nbg.eu\/fr\/wp-json\/wp\/v2\/types\/product"}],"wp:featuredmedia":[{"embeddable":true,"href":"https:\/\/staging.nbg.eu\/fr\/wp-json\/wp\/v2\/media\/164224"}],"wp:attachment":[{"href":"https:\/\/staging.nbg.eu\/fr\/wp-json\/wp\/v2\/media?parent=199695"}],"wp:term":[{"taxonomy":"product_brand","embeddable":true,"href":"https:\/\/staging.nbg.eu\/fr\/wp-json\/wp\/v2\/product_brand?post=199695"},{"taxonomy":"product_cat","embeddable":true,"href":"https:\/\/staging.nbg.eu\/fr\/wp-json\/wp\/v2\/product_cat?post=199695"},{"taxonomy":"product_tag","embeddable":true,"href":"https:\/\/staging.nbg.eu\/fr\/wp-json\/wp\/v2\/product_tag?post=199695"}],"curies":[{"name":"wp","href":"https:\/\/api.w.org\/{rel}","templated":true}]}}