{"id":199033,"date":"2024-06-17T21:23:15","date_gmt":"2025-02-11T09:30:49","guid":{"rendered":"https:\/\/staging.nbg.eu\/product\/blue-force-gear-trauma-kit-now-medium\/"},"modified":"2025-02-11T09:33:02","modified_gmt":"2025-02-11T09:33:02","slug":"trousse-de-traumatologie-blue-force-gear-now-moyenne","status":"publish","type":"product","link":"https:\/\/staging.nbg.eu\/fr\/produit\/trousse-de-traumatologie-blue-force-gear-now-moyenne\/","title":{"rendered":"Trousse de Traumatologie Blue Force Gear NOW! &#8211; Moyenne"},"content":{"rendered":"<h2>Kit de traumatologie Blue Force Gear &#8211; Moyen, Vide<\/h2>\n<p>Le Kit de traumatologie &#8211; MOYEN est un kit m\u00e9dical d&rsquo;urgence con\u00e7u pour un d\u00e9ploiement \u00e0 une main. Initialement cr\u00e9\u00e9 pour le contenu des trousses de premiers secours de l&rsquo;arm\u00e9e, il s&rsquo;adapte \u00e0 diverses configurations m\u00e9dicales.<\/p>\n<ul>\n<li>Conception en deux parties : pochette ext\u00e9rieure MOLLE avec syst\u00e8me de fixation Helium Whisper et panneau int\u00e9rieur amovible pour les fournitures<\/li>\n<li>Pochette ext\u00e9rieure effil\u00e9e pour une r\u00e9tention s\u00fbre et un retrait facile<\/li>\n<li>Support int\u00e9rieur \u00e0 d\u00e9ploiement rapide avec point d&rsquo;index \u00e0 bille (BLIP) pour une utilisation dans des conditions difficiles<\/li>\n<li>Champs MOLLE pour la fixation externe d&rsquo;un garrot<\/li>\n<li>Conception polyvalente adapt\u00e9e \u00e0 l&rsquo;usage militaire, des forces de l&rsquo;ordre et civil<\/li>\n<\/ul>\n<p>Un des kits de traumatologie \u00e0 d\u00e9ploiement le plus rapide du march\u00e9, con\u00e7u pour les situations critiques o\u00f9 chaque seconde compte.<\/p>\n","protected":false},"excerpt":{"rendered":"<p>Pochette m\u00e9dicale \u00e0 d\u00e9ploiement rapide avec rabat int\u00e9rieur amovible pour une personnalisation sur mesure.<\/p>\n","protected":false},"featured_media":153798,"template":"","meta":{"_acf_changed":false},"product_brand":[11128],"product_cat":[12160,12195],"product_tag":[],"class_list":{"0":"post-199033","1":"product","2":"type-product","3":"status-publish","4":"has-post-thumbnail","6":"product_brand-blue-force-gear","7":"product_cat-equipement","8":"product_cat-medical","10":"first","11":"instock","12":"taxable","13":"shipping-taxable","14":"purchasable","15":"product-type-variable","16":"wvs-archive-product-wrapper"},"acf":[],"_links":{"self":[{"href":"https:\/\/staging.nbg.eu\/fr\/wp-json\/wp\/v2\/product\/199033","targetHints":{"allow":["GET"]}}],"collection":[{"href":"https:\/\/staging.nbg.eu\/fr\/wp-json\/wp\/v2\/product"}],"about":[{"href":"https:\/\/staging.nbg.eu\/fr\/wp-json\/wp\/v2\/types\/product"}],"wp:featuredmedia":[{"embeddable":true,"href":"https:\/\/staging.nbg.eu\/fr\/wp-json\/wp\/v2\/media\/153798"}],"wp:attachment":[{"href":"https:\/\/staging.nbg.eu\/fr\/wp-json\/wp\/v2\/media?parent=199033"}],"wp:term":[{"taxonomy":"product_brand","embeddable":true,"href":"https:\/\/staging.nbg.eu\/fr\/wp-json\/wp\/v2\/product_brand?post=199033"},{"taxonomy":"product_cat","embeddable":true,"href":"https:\/\/staging.nbg.eu\/fr\/wp-json\/wp\/v2\/product_cat?post=199033"},{"taxonomy":"product_tag","embeddable":true,"href":"https:\/\/staging.nbg.eu\/fr\/wp-json\/wp\/v2\/product_tag?post=199033"}],"curies":[{"name":"wp","href":"https:\/\/api.w.org\/{rel}","templated":true}]}}