{"id":181348,"date":"2024-04-19T07:15:03","date_gmt":"2025-01-30T06:22:59","guid":{"rendered":"https:\/\/staging.nbg.eu\/product\/blue-force-gear-burnsed-socket\/"},"modified":"2025-01-30T06:25:03","modified_gmt":"2025-01-30T06:25:03","slug":"blue-force-gear-douille-burnsed","status":"publish","type":"product","link":"https:\/\/staging.nbg.eu\/fr\/produit\/blue-force-gear-douille-burnsed\/","title":{"rendered":"Blue Force Gear Douille Burnsed"},"content":{"rendered":"<div class=\"col-md-6 col-sm-6 col-xs-12 content-section\">\n<div class=\"inner-content-section\">\n<div class=\"page-title-wrapper product\">\n<p class=\"page-title\" style=\"text-align: center\"><span style=\"color: #282828\"><strong><span class=\"base\" style=\"font-size: 170%\" data-ui-id=\"page-title-wrapper\">Douille Burnsed<\/span><\/strong><\/span><\/p>\n<\/div>\n<div class=\"col-md-6 col-sm-6 col-xs-12 content-section\">\n<div class=\"inner-content-section\">\n<div class=\"product attribute overview\">\n<div class=\"value\">\n<p><span style=\"font-size: 110%\"><span style=\"color: #282828\"><strong>La Douille Burnsed\u2122 par Blue Force Gear<\/strong><\/span> &#8211; La Douille Burnsed est une pi\u00e8ce autonome qui transforme une sangle Vickers Combat Applications en une sangle convertible 2 \u00e0 1 point lorsqu&rsquo;elle est utilis\u00e9e avec un \u00e9merillon \u00e0 bouton-poussoir ou un \u00e9merillon RED. La Douille Burnsed\u2122 a \u00e9t\u00e9 con\u00e7ue en 2005 comme une pi\u00e8ce cl\u00e9 pour la sangle SOC-C\u2122 brevet\u00e9e, qui permet une conversion de 1 \u00e0 2 \u00e0 3 points.<\/span><\/p>\n<p><span style=\"font-size: 110%\"><strong><span style=\"color: #282828\">Rendez votre sangle plus polyvalente &#8211;<\/span> <\/strong>Faites simplement glisser la Douille Burnsed vers l&rsquo;arri\u00e8re de la sangle en direction du r\u00e9cepteur arri\u00e8re ou de l&#8217;emplacement typique de la sangle \u00e0 point unique, puis d\u00e9tachez l&rsquo;\u00e9merillon \u00e0 bouton-poussoir avant de l&rsquo;avant de l&rsquo;arme et attachez-le \u00e0 la Douille Burnsed.<\/span><br \/>\n<span style=\"font-size: 110%\">***Sangle non incluse. Inclut uniquement 1 pi\u00e8ce de quincaillerie Douille Burnsed***<\/span><\/p>\n<p><span style=\"font-size: 110%\"><strong>Deux options de mat\u00e9riau<\/strong><\/span><\/p>\n<ul>\n<li><strong>Aluminium usin\u00e9<\/strong> &#8211; pour une connexion ultra-durable, cette Douille Burnsed usin\u00e9e est anodis\u00e9e dure en noir mat.<\/li>\n<li><strong>Polym\u00e8re moul\u00e9<\/strong> &#8211; pour un point de connexion de sangle l\u00e9ger et simple disponible en noir.<\/li>\n<\/ul>\n<p><span style=\"font-size: 110%\"><span style=\"color: #282828\"><strong>Fabriqu\u00e9 aux \u00c9tats-Unis<\/strong><\/span> &#8211; Comme tous les produits Blue Force Gear, il est fabriqu\u00e9 avec excellence aux \u00c9tats-Unis et b\u00e9n\u00e9ficie de notre garantie \u00e0 vie limit\u00e9e.<\/span><\/p>\n<\/div>\n<\/div>\n<\/div>\n<\/div>\n<\/div>\n<\/div>\n<hr \/>\n<p style=\"text-align: center\"><span style=\"text-decoration: underline;font-size: 160%\"><strong>SP\u00c9CIFICATIONS<\/strong><\/span><\/p>\n<hr \/>\n<table width=\"680\">\n<tbody>\n<tr>\n<td width=\"127\"><span style=\"color: #282828\"><strong><span style=\"font-size: 110%\">Caract\u00e9ristiques<\/span><\/strong><\/span><\/td>\n<td width=\"553\"><span style=\"font-size: 110%\">Fonctionne en conjonction avec n&rsquo;importe quel \u00e9merillon \u00e0 bouton-poussoir ou \u00e9merillon EDTM pour une sangle convertible 2 \u00e0 1 point (vendu s\u00e9par\u00e9ment). Permet le port d&rsquo;une arme toute la journ\u00e9e en mode 2 points pour un contr\u00f4le et un confort maximaux et se convertit rapidement en une sangle \u00e0 point unique pour les environnements dynamiques.<\/span><\/td>\n<\/tr>\n<tr>\n<td><span style=\"color: #282828\"><strong><span style=\"font-size: 110%\">Poids<\/span><\/strong><\/span><\/td>\n<td><span style=\"font-size: 110%\">13g<\/span><\/td>\n<\/tr>\n<tr>\n<td><span style=\"color: #282828\"><strong><span style=\"font-size: 110%\">Taille<\/span><\/strong><\/span><\/td>\n<td width=\"553\"><span style=\"font-size: 110%\">0,75&Prime; x 1,5&Prime; x 0,5&Prime; &#8211; S&rsquo;adapte \u00e0 toute sangle de 1&Prime; ou 1,25&Prime; (Sangle Victory SeriesTM, Vickers Combat Applications SlingTM)<\/span><\/td>\n<\/tr>\n<tr>\n<td rowspan=\"2\"><span style=\"color: #282828\"><strong><span style=\"font-size: 110%\">Mat\u00e9riau(x)<\/span><\/strong><\/span><\/td>\n<td><span style=\"font-size: 110%\">\u2022 Aluminium usin\u00e9<\/span><\/td>\n<\/tr>\n<tr>\n<td><span style=\"font-size: 110%\">\u2022 Polym\u00e8re moul\u00e9<\/span><\/td>\n<\/tr>\n<tr>\n<td rowspan=\"2\"><span style=\"color: #282828\"><strong><span style=\"font-size: 110%\">Informations suppl\u00e9mentaires<\/span><\/strong><\/span><\/td>\n<td><span style=\"font-size: 110%\">En r\u00e8gle g\u00e9n\u00e9rale, lubrifiez les \u00e9merillons \u00e0 bouton-poussoir et la Douille<\/span><\/td>\n<\/tr>\n<tr>\n<td><span style=\"font-size: 110%\">Burnsed chaque fois que l&rsquo;arme h\u00f4te est lubrifi\u00e9e.<\/span><\/td>\n<\/tr>\n<\/tbody>\n<\/table>\n<p>&nbsp;<\/p>\n","protected":false},"excerpt":{"rendered":"<p><span style=\"font-size: 110%\"><strong>Rendez votre \u00e9charpe de portage plus polyvalente<\/strong><\/span><\/p>\n","protected":false},"featured_media":163250,"template":"","meta":{"_acf_changed":false},"product_brand":[11128],"product_cat":[12156,12160],"product_tag":[],"class_list":{"0":"post-181348","1":"product","2":"type-product","3":"status-publish","4":"has-post-thumbnail","6":"product_brand-blue-force-gear","7":"product_cat-bretelles","8":"product_cat-equipement","10":"first","11":"instock","12":"taxable","13":"shipping-taxable","14":"purchasable","15":"product-type-simple"},"acf":[],"_links":{"self":[{"href":"https:\/\/staging.nbg.eu\/fr\/wp-json\/wp\/v2\/product\/181348","targetHints":{"allow":["GET"]}}],"collection":[{"href":"https:\/\/staging.nbg.eu\/fr\/wp-json\/wp\/v2\/product"}],"about":[{"href":"https:\/\/staging.nbg.eu\/fr\/wp-json\/wp\/v2\/types\/product"}],"wp:featuredmedia":[{"embeddable":true,"href":"https:\/\/staging.nbg.eu\/fr\/wp-json\/wp\/v2\/media\/163250"}],"wp:attachment":[{"href":"https:\/\/staging.nbg.eu\/fr\/wp-json\/wp\/v2\/media?parent=181348"}],"wp:term":[{"taxonomy":"product_brand","embeddable":true,"href":"https:\/\/staging.nbg.eu\/fr\/wp-json\/wp\/v2\/product_brand?post=181348"},{"taxonomy":"product_cat","embeddable":true,"href":"https:\/\/staging.nbg.eu\/fr\/wp-json\/wp\/v2\/product_cat?post=181348"},{"taxonomy":"product_tag","embeddable":true,"href":"https:\/\/staging.nbg.eu\/fr\/wp-json\/wp\/v2\/product_tag?post=181348"}],"curies":[{"name":"wp","href":"https:\/\/api.w.org\/{rel}","templated":true}]}}