{"id":173054,"date":"2024-08-16T19:55:05","date_gmt":"2025-01-23T11:16:51","guid":{"rendered":"https:\/\/staging.nbg.eu\/product\/barwarus-bw-t4-handguards-with-m-lok\/"},"modified":"2025-01-23T11:18:16","modified_gmt":"2025-01-23T11:18:16","slug":"barwarus-bw-t4-garde-mains-avec-m-lok","status":"publish","type":"product","link":"https:\/\/staging.nbg.eu\/fr\/produit\/barwarus-bw-t4-garde-mains-avec-m-lok\/","title":{"rendered":"Barwarus BW-T4 Garde-Mains avec M-Lok"},"content":{"rendered":"<div class=\"product-description\">\n<h2>Garde-mains Barwarus BW-T4 avec M-Lok<\/h2>\n<p>Kit de garde-mains BW-T4 pour fusils de type AK \u00e0 long canon (40,6 cm). Ce syst\u00e8me brevet\u00e9 permet l&rsquo;int\u00e9gration d&rsquo;accessoires M-LOK.<\/p>\n<ul>\n<li>Compatible avec divers mod\u00e8les AK (S\u00e9rie AKUSA 100, AK-74, Saiga, Vepr, et autres)<\/li>\n<li>Fabriqu\u00e9 en alliage 6082-T6<\/li>\n<li>Finition Cerakote noire<\/li>\n<li>Emplacements M-LOK int\u00e9gr\u00e9s sur tous les c\u00f4t\u00e9s<\/li>\n<li>Am\u00e9liore le refroidissement du canon et la dissipation de la chaleur<\/li>\n<li>Conception l\u00e9g\u00e8re<\/li>\n<li>Utilisable \u00e0 des temp\u00e9ratures extr\u00eames (-50\u00b0C \u00e0 +50\u00b0C)<\/li>\n<\/ul>\n<p>Les garde-mains Barwarus BW-T4 offrent une personnalisation, une gestion de la chaleur et une durabilit\u00e9.<\/p>\n<\/div>\n","protected":false},"excerpt":{"rendered":"<p>Garde-mains Barwarus BW-T4 : Compatible M-Lok, am\u00e9lioration pour AK offrant un meilleur refroidissement et des options de montage d&rsquo;accessoires am\u00e9lior\u00e9es.<\/p>\n","protected":false},"featured_media":23615,"template":"","meta":{"_acf_changed":false},"product_brand":[11105],"product_cat":[12141,12127,12142],"product_tag":[],"class_list":{"0":"post-173054","1":"product","2":"type-product","3":"status-publish","4":"has-post-thumbnail","6":"product_brand-barwarus","7":"product_cat-rails","8":"product_cat-tuning-ak","9":"product_cat-tuning-carabine","11":"first","12":"instock","13":"taxable","14":"shipping-taxable","15":"product-type-variable","16":"wvs-archive-product-wrapper"},"acf":[],"_links":{"self":[{"href":"https:\/\/staging.nbg.eu\/fr\/wp-json\/wp\/v2\/product\/173054","targetHints":{"allow":["GET"]}}],"collection":[{"href":"https:\/\/staging.nbg.eu\/fr\/wp-json\/wp\/v2\/product"}],"about":[{"href":"https:\/\/staging.nbg.eu\/fr\/wp-json\/wp\/v2\/types\/product"}],"wp:featuredmedia":[{"embeddable":true,"href":"https:\/\/staging.nbg.eu\/fr\/wp-json\/wp\/v2\/media\/23615"}],"wp:attachment":[{"href":"https:\/\/staging.nbg.eu\/fr\/wp-json\/wp\/v2\/media?parent=173054"}],"wp:term":[{"taxonomy":"product_brand","embeddable":true,"href":"https:\/\/staging.nbg.eu\/fr\/wp-json\/wp\/v2\/product_brand?post=173054"},{"taxonomy":"product_cat","embeddable":true,"href":"https:\/\/staging.nbg.eu\/fr\/wp-json\/wp\/v2\/product_cat?post=173054"},{"taxonomy":"product_tag","embeddable":true,"href":"https:\/\/staging.nbg.eu\/fr\/wp-json\/wp\/v2\/product_tag?post=173054"}],"curies":[{"name":"wp","href":"https:\/\/api.w.org\/{rel}","templated":true}]}}