{"id":171476,"date":"2024-08-16T19:44:20","date_gmt":"2025-01-21T16:24:49","guid":{"rendered":"https:\/\/staging.nbg.eu\/product\/barwarus-bw-t33-picatinny-rail-cover\/"},"modified":"2025-01-21T16:27:02","modified_gmt":"2025-01-21T16:27:02","slug":"barwarus-bw-t33-cache-rail-picatinny","status":"publish","type":"product","link":"https:\/\/staging.nbg.eu\/fr\/produit\/barwarus-bw-t33-cache-rail-picatinny\/","title":{"rendered":"Barwarus BW-T33 Cache Rail Picatinny"},"content":{"rendered":"<div class=\"product-description\">\n<h2>Barwarus BW-T33 Cache-rail Picatinny<\/h2>\n<p>Cache-poussi\u00e8re Barwarus BW-T33 avec rail Picatinny int\u00e9gr\u00e9 pour fusils de type AK. Compatible avec les carabines et fusils de sport bas\u00e9s sur le Kalachnikov, ce cache permet le montage facile de divers dispositifs de vis\u00e9e.<\/p>\n<ul>\n<li>Usin\u00e9 en alliage d&rsquo;aluminium 7075 T6<\/li>\n<li>Longueur du rail Picatinny : 170mm \u00b15mm<\/li>\n<li>Maintient le z\u00e9ro apr\u00e8s ouvertures\/fermetures r\u00e9p\u00e9t\u00e9es<\/li>\n<li>Se fixe avec cinq vis<\/li>\n<li>Poids : 55 oz \u00b10,03 oz<\/li>\n<li>Dimensions : 21,7&Prime; \u00b10,5&Prime;<\/li>\n<li>Temp\u00e9rature de fonctionnement : -50\u00b0C \u00e0 +50\u00b0C<\/li>\n<\/ul>\n<p>Note : Couple max 25 lb. Un limage peut \u00eatre n\u00e9cessaire.<\/p>\n<\/div>\n","protected":false},"excerpt":{"rendered":"<p>Cache-rail Picatinny AK durable. Monte les optiques, pr\u00e9serve le z\u00e9ro.<\/p>\n","protected":false},"featured_media":23454,"template":"","meta":{"_acf_changed":false},"product_brand":[11105],"product_cat":[12141,12127,12142],"product_tag":[],"class_list":{"0":"post-171476","1":"product","2":"type-product","3":"status-publish","4":"has-post-thumbnail","6":"product_brand-barwarus","7":"product_cat-rails","8":"product_cat-tuning-ak","9":"product_cat-tuning-carabine","11":"first","12":"instock","13":"taxable","14":"shipping-taxable","15":"product-type-variable","16":"wvs-archive-product-wrapper"},"acf":[],"_links":{"self":[{"href":"https:\/\/staging.nbg.eu\/fr\/wp-json\/wp\/v2\/product\/171476","targetHints":{"allow":["GET"]}}],"collection":[{"href":"https:\/\/staging.nbg.eu\/fr\/wp-json\/wp\/v2\/product"}],"about":[{"href":"https:\/\/staging.nbg.eu\/fr\/wp-json\/wp\/v2\/types\/product"}],"wp:featuredmedia":[{"embeddable":true,"href":"https:\/\/staging.nbg.eu\/fr\/wp-json\/wp\/v2\/media\/23454"}],"wp:attachment":[{"href":"https:\/\/staging.nbg.eu\/fr\/wp-json\/wp\/v2\/media?parent=171476"}],"wp:term":[{"taxonomy":"product_brand","embeddable":true,"href":"https:\/\/staging.nbg.eu\/fr\/wp-json\/wp\/v2\/product_brand?post=171476"},{"taxonomy":"product_cat","embeddable":true,"href":"https:\/\/staging.nbg.eu\/fr\/wp-json\/wp\/v2\/product_cat?post=171476"},{"taxonomy":"product_tag","embeddable":true,"href":"https:\/\/staging.nbg.eu\/fr\/wp-json\/wp\/v2\/product_tag?post=171476"}],"curies":[{"name":"wp","href":"https:\/\/api.w.org\/{rel}","templated":true}]}}