{"id":170963,"date":"2024-08-16T20:04:24","date_gmt":"2025-01-21T10:25:46","guid":{"rendered":"https:\/\/staging.nbg.eu\/product\/barwarus-alpha-1-set-bw-t33-alpha-1\/"},"modified":"2025-01-21T10:28:02","modified_gmt":"2025-01-21T10:28:02","slug":"barwarus-alpha-1-set-bw-t33-et-alpha-1","status":"publish","type":"product","link":"https:\/\/staging.nbg.eu\/fr\/produit\/barwarus-alpha-1-set-bw-t33-et-alpha-1\/","title":{"rendered":"Barwarus ALPHA-1 SET (BW-T33 et ALPHA-1)"},"content":{"rendered":"<div class=\"product-description\">\n<h2>Ensemble ALPHA-1 Barwarus (BW-T33 et ALPHA-1)<\/h2>\n<p>Am\u00e9liorez votre fusil AK avec l&rsquo;ensemble ALPHA-1 Barwarus, comprenant les gardes-main ALPHA-1 et le cache-poussi\u00e8re BW-T33. Cet ensemble inclut :<\/p>\n<ul>\n<li>Gardes-main courts ALPHA-1 avec rails Picatinny (sup\u00e9rieur et inf\u00e9rieur)<\/li>\n<li>Cache-poussi\u00e8re BW-T33 avec rail Picatinny int\u00e9gr\u00e9<\/li>\n<\/ul>\n<p>Fabriqu\u00e9s en aluminium 6082-T6 et finis avec Cerakote, les gardes-main ALPHA-1 offrent durabilit\u00e9 et fonctionnalit\u00e9. Compatibles avec les mod\u00e8les AK \u00e0 bo\u00eetier estamp\u00e9, notamment AK 103, 104, 105, 74S, 74M, AKM, AKMS et Saiga.<\/p>\n<p>Le cache-poussi\u00e8re BW-T33, en alliage d&rsquo;aluminium 7075 T6, fournit une plate-forme stable pour les optiques sans interf\u00e9rer avec les viseurs m\u00e9talliques. L&rsquo;ensemble ALPHA-1 Barwarus offre pr\u00e9cision et polyvalence.<\/p>\n<\/div>\n","protected":false},"excerpt":{"rendered":"<p>Am\u00e9lioration premium pour AK : Garde-main \u00e0 quatre rails et cache-poussi\u00e8re avec rail<\/p>\n","protected":false},"featured_media":280686,"template":"","meta":{"_acf_changed":false},"product_brand":[11105],"product_cat":[12141,12127,12142],"product_tag":[],"class_list":{"0":"post-170963","1":"product","2":"type-product","3":"status-publish","4":"has-post-thumbnail","6":"product_brand-barwarus","7":"product_cat-rails","8":"product_cat-tuning-ak","9":"product_cat-tuning-carabine","11":"first","12":"instock","13":"taxable","14":"shipping-taxable","15":"product-type-variable","16":"wvs-archive-product-wrapper"},"acf":[],"_links":{"self":[{"href":"https:\/\/staging.nbg.eu\/fr\/wp-json\/wp\/v2\/product\/170963","targetHints":{"allow":["GET"]}}],"collection":[{"href":"https:\/\/staging.nbg.eu\/fr\/wp-json\/wp\/v2\/product"}],"about":[{"href":"https:\/\/staging.nbg.eu\/fr\/wp-json\/wp\/v2\/types\/product"}],"wp:featuredmedia":[{"embeddable":true,"href":"https:\/\/staging.nbg.eu\/fr\/wp-json\/wp\/v2\/media\/280686"}],"wp:attachment":[{"href":"https:\/\/staging.nbg.eu\/fr\/wp-json\/wp\/v2\/media?parent=170963"}],"wp:term":[{"taxonomy":"product_brand","embeddable":true,"href":"https:\/\/staging.nbg.eu\/fr\/wp-json\/wp\/v2\/product_brand?post=170963"},{"taxonomy":"product_cat","embeddable":true,"href":"https:\/\/staging.nbg.eu\/fr\/wp-json\/wp\/v2\/product_cat?post=170963"},{"taxonomy":"product_tag","embeddable":true,"href":"https:\/\/staging.nbg.eu\/fr\/wp-json\/wp\/v2\/product_tag?post=170963"}],"curies":[{"name":"wp","href":"https:\/\/api.w.org\/{rel}","templated":true}]}}