{"id":141586,"date":"2025-01-01T20:56:43","date_gmt":"2025-01-10T22:54:51","guid":{"rendered":"https:\/\/staging.nbg.eu\/product\/area-419-ruger-american-short-action-scope-base\/"},"modified":"2025-01-10T22:56:41","modified_gmt":"2025-01-10T22:56:41","slug":"area-419-base-de-lunette-ruger-american-action-courte","status":"publish","type":"product","link":"https:\/\/staging.nbg.eu\/fr\/produit\/area-419-base-de-lunette-ruger-american-action-courte\/","title":{"rendered":"Area 419 &#8211; Base de Lunette Ruger American Action Courte"},"content":{"rendered":"<div class=\"product-description\">\n<h2>Area 419 &#8211; Base de lunette pour Ruger American \u00e0 action courte<\/h2>\n<p>Base de lunette pour le fusil Ruger American. Fabriqu\u00e9e \u00e0 partir d&rsquo;une seule pi\u00e8ce d&rsquo;aluminium T7075, cette base est :<\/p>\n<ul>\n<li>Usin\u00e9e en interne pour un ajustement pr\u00e9cis<\/li>\n<li>Solide et durable<\/li>\n<li>Anodis\u00e9e noire de type III<\/li>\n<li>Con\u00e7ue avec une inclinaison de 20MOA pour des tirs \u00e0 plus longue distance<\/li>\n<\/ul>\n<p>Inclut une cl\u00e9 pour serrer les vis de fixation (recommand\u00e9 : 15 in\/lb). Pour le tir \u00e0 longue distance.<\/p>\n<h3>Sp\u00e9cifications :<\/h3>\n<ul>\n<li>Poids : 0,2 lbs<\/li>\n<li>Dimensions : 8,5 \u00d7 1 \u00d7 1 pouces<\/li>\n<li>Fabricant : Area 419<\/li>\n<li>Taille : 20MOA<\/li>\n<\/ul>\n<\/div>\n","protected":false},"excerpt":{"rendered":"<p>Base de lunette 20MOA usin\u00e9e avec pr\u00e9cision pour les carabines Ruger American.<\/p>\n","protected":false},"featured_media":112122,"template":"","meta":{"_acf_changed":false},"product_brand":[11038],"product_cat":[12193,12141,390],"product_tag":[],"class_list":{"0":"post-141586","1":"product","2":"type-product","3":"status-publish","4":"has-post-thumbnail","6":"product_brand-area-419","7":"product_cat-fusil","8":"product_cat-rails","9":"product_cat-aiming","11":"first","12":"instock","13":"taxable","14":"shipping-taxable","15":"purchasable","16":"product-type-simple"},"acf":[],"_links":{"self":[{"href":"https:\/\/staging.nbg.eu\/fr\/wp-json\/wp\/v2\/product\/141586","targetHints":{"allow":["GET"]}}],"collection":[{"href":"https:\/\/staging.nbg.eu\/fr\/wp-json\/wp\/v2\/product"}],"about":[{"href":"https:\/\/staging.nbg.eu\/fr\/wp-json\/wp\/v2\/types\/product"}],"wp:featuredmedia":[{"embeddable":true,"href":"https:\/\/staging.nbg.eu\/fr\/wp-json\/wp\/v2\/media\/112122"}],"wp:attachment":[{"href":"https:\/\/staging.nbg.eu\/fr\/wp-json\/wp\/v2\/media?parent=141586"}],"wp:term":[{"taxonomy":"product_brand","embeddable":true,"href":"https:\/\/staging.nbg.eu\/fr\/wp-json\/wp\/v2\/product_brand?post=141586"},{"taxonomy":"product_cat","embeddable":true,"href":"https:\/\/staging.nbg.eu\/fr\/wp-json\/wp\/v2\/product_cat?post=141586"},{"taxonomy":"product_tag","embeddable":true,"href":"https:\/\/staging.nbg.eu\/fr\/wp-json\/wp\/v2\/product_tag?post=141586"}],"curies":[{"name":"wp","href":"https:\/\/api.w.org\/{rel}","templated":true}]}}