{"id":141476,"date":"2025-01-04T07:53:30","date_gmt":"2025-01-10T22:37:00","guid":{"rendered":"https:\/\/staging.nbg.eu\/product\/area-419-s-m-a-l-single-mlok-arcalock-rail\/"},"modified":"2025-01-10T22:38:51","modified_gmt":"2025-01-10T22:38:51","slug":"area-419-smal-rail-arcalock-mlok-simple","status":"publish","type":"product","link":"https:\/\/staging.nbg.eu\/fr\/produit\/area-419-smal-rail-arcalock-mlok-simple\/","title":{"rendered":"Area 419 &#8211; S.M.A.L. &#8211; Rail ARCALOCK MLOK Simple"},"content":{"rendered":"<div class=\"product-description\">\n<h2>Area 419 &#8211; S.M.A.L. &#8211; Rail ARCALOCK MLOK unique<\/h2>\n<p>Le rail S.M.A.L. (ARCALOCK MLOK unique) est con\u00e7u pour monter des t\u00e9l\u00e9m\u00e8tres, jumelles, lunettes d&rsquo;observation et SBR avec un encombrement minimal.<\/p>\n<ul>\n<li>Points de montage MLOK avec mat\u00e9riel inclus<\/li>\n<li>Point de montage central 1\/4-20 (mat\u00e9riel inclus)<\/li>\n<li>Usin\u00e9 aux \u00c9tats-Unis en aluminium 6061-T6<\/li>\n<li>Finition anodis\u00e9e noire<\/li>\n<\/ul>\n<h3>Sp\u00e9cifications :<\/h3>\n<ul>\n<li>Poids : 0,18 kg<\/li>\n<li>Dimensions : 15,24 \u00d7 10,16 \u00d7 2,54 cm<\/li>\n<\/ul>\n<p>Le rail S.M.A.L. offre une solution de montage polyvalente pour votre \u00e9quipement de pr\u00e9cision.<\/p>\n<\/div>\n","protected":false},"excerpt":{"rendered":"<p>Rail compact MLOK ARCALOCK pour un montage polyvalent. Fabriqu\u00e9 aux \u00c9tats-Unis en aluminium 6061-T6.<\/p>\n","protected":false},"featured_media":115740,"template":"","meta":{"_acf_changed":false},"product_brand":[11038],"product_cat":[12193,12141,390],"product_tag":[],"class_list":{"0":"post-141476","1":"product","2":"type-product","3":"status-publish","4":"has-post-thumbnail","6":"product_brand-area-419","7":"product_cat-fusil","8":"product_cat-rails","9":"product_cat-aiming","11":"first","12":"instock","13":"taxable","14":"shipping-taxable","15":"purchasable","16":"product-type-simple"},"acf":[],"_links":{"self":[{"href":"https:\/\/staging.nbg.eu\/fr\/wp-json\/wp\/v2\/product\/141476","targetHints":{"allow":["GET"]}}],"collection":[{"href":"https:\/\/staging.nbg.eu\/fr\/wp-json\/wp\/v2\/product"}],"about":[{"href":"https:\/\/staging.nbg.eu\/fr\/wp-json\/wp\/v2\/types\/product"}],"wp:featuredmedia":[{"embeddable":true,"href":"https:\/\/staging.nbg.eu\/fr\/wp-json\/wp\/v2\/media\/115740"}],"wp:attachment":[{"href":"https:\/\/staging.nbg.eu\/fr\/wp-json\/wp\/v2\/media?parent=141476"}],"wp:term":[{"taxonomy":"product_brand","embeddable":true,"href":"https:\/\/staging.nbg.eu\/fr\/wp-json\/wp\/v2\/product_brand?post=141476"},{"taxonomy":"product_cat","embeddable":true,"href":"https:\/\/staging.nbg.eu\/fr\/wp-json\/wp\/v2\/product_cat?post=141476"},{"taxonomy":"product_tag","embeddable":true,"href":"https:\/\/staging.nbg.eu\/fr\/wp-json\/wp\/v2\/product_tag?post=141476"}],"curies":[{"name":"wp","href":"https:\/\/api.w.org\/{rel}","templated":true}]}}