{"id":141374,"date":"2025-01-04T07:20:19","date_gmt":"2025-01-10T22:32:30","guid":{"rendered":"https:\/\/staging.nbg.eu\/product\/area-419-arcalock-clamp\/"},"modified":"2025-01-10T22:34:22","modified_gmt":"2025-01-10T22:34:22","slug":"area-419-collier-arcalock","status":"publish","type":"product","link":"https:\/\/staging.nbg.eu\/fr\/produit\/area-419-collier-arcalock\/","title":{"rendered":"Area 419 &#8211; Collier ARCALOCK"},"content":{"rendered":"<div class=\"product-description\">\n<h2>Area 419 &#8211; Pince ARCALOCK<\/h2>\n<p>La pince ARCALOCK d&rsquo;Area 419 fonctionne sur tous les rails \u00e0 queue d&rsquo;aronde ARCA\/1,5&Prime; standard, offrant une solution m\u00e9caniquement verrouill\u00e9e pour la stabilit\u00e9.<\/p>\n<ul>\n<li>Conception de vis \u00e0 deux \u00e9tages pour un mouvement rapide et un couple suppl\u00e9mentaire<\/li>\n<li>Compatible avec les bipodes Atlas et adaptable pour les bipodes Harris<\/li>\n<li>Fonctionnalit\u00e9 de but\u00e9e de barricade<\/li>\n<li>R\u00e9trocompatible avec les rails ARCA standard<\/li>\n<li>Usin\u00e9 en aluminium 6061-T6 avec anodisation de type III<\/li>\n<li>Poids de 72,5 grammes<\/li>\n<\/ul>\n<p>La pince ARCALOCK d&rsquo;Area 419 est con\u00e7ue pour am\u00e9liorer la stabilit\u00e9 et la pr\u00e9cision des carabines de pr\u00e9cision.<\/p>\n<\/div>\n","protected":false},"excerpt":{"rendered":"<p>Fixation ARCA s\u00e9curis\u00e9e avec m\u00e9canisme de verrouillage pour fusils de pr\u00e9cision.<\/p>\n","protected":false},"featured_media":115247,"template":"","meta":{"_acf_changed":false},"product_brand":[11038],"product_cat":[12193,12141],"product_tag":[],"class_list":{"0":"post-141374","1":"product","2":"type-product","3":"status-publish","4":"has-post-thumbnail","6":"product_brand-area-419","7":"product_cat-fusil","8":"product_cat-rails","10":"first","11":"instock","12":"taxable","13":"shipping-taxable","14":"purchasable","15":"product-type-simple"},"acf":[],"_links":{"self":[{"href":"https:\/\/staging.nbg.eu\/fr\/wp-json\/wp\/v2\/product\/141374","targetHints":{"allow":["GET"]}}],"collection":[{"href":"https:\/\/staging.nbg.eu\/fr\/wp-json\/wp\/v2\/product"}],"about":[{"href":"https:\/\/staging.nbg.eu\/fr\/wp-json\/wp\/v2\/types\/product"}],"wp:featuredmedia":[{"embeddable":true,"href":"https:\/\/staging.nbg.eu\/fr\/wp-json\/wp\/v2\/media\/115247"}],"wp:attachment":[{"href":"https:\/\/staging.nbg.eu\/fr\/wp-json\/wp\/v2\/media?parent=141374"}],"wp:term":[{"taxonomy":"product_brand","embeddable":true,"href":"https:\/\/staging.nbg.eu\/fr\/wp-json\/wp\/v2\/product_brand?post=141374"},{"taxonomy":"product_cat","embeddable":true,"href":"https:\/\/staging.nbg.eu\/fr\/wp-json\/wp\/v2\/product_cat?post=141374"},{"taxonomy":"product_tag","embeddable":true,"href":"https:\/\/staging.nbg.eu\/fr\/wp-json\/wp\/v2\/product_tag?post=141374"}],"curies":[{"name":"wp","href":"https:\/\/api.w.org\/{rel}","templated":true}]}}