{"id":141256,"date":"2025-01-04T07:26:25","date_gmt":"2025-01-10T21:45:49","guid":{"rendered":"https:\/\/staging.nbg.eu\/product\/area-419-arcalock-clamp-black\/"},"modified":"2025-01-10T21:47:42","modified_gmt":"2025-01-10T21:47:42","slug":"area-419-collier-arcalock-noir","status":"publish","type":"product","link":"https:\/\/staging.nbg.eu\/fr\/produit\/area-419-collier-arcalock-noir\/","title":{"rendered":"Area 419 &#8211; Collier ARCALOCK noir"},"content":{"rendered":"<div class=\"product-description\">\n<h2>Area 419 &#8211; Pince ARCALOCK (Noir)<\/h2>\n<p>Am\u00e9liorez votre configuration de fusil de pr\u00e9cision avec la pince ARCALOCK d&rsquo;Area 419 en noir. Cette pince fonctionne sur tous les rails \u00e0 queue d&rsquo;aronde ARCA\/1,5&Prime; standard, offrant une solution verrouill\u00e9e m\u00e9caniquement pour une stabilit\u00e9 accrue.<\/p>\n<ul>\n<li>Vis \u00e0 deux \u00e9tages pour un mouvement rapide et un couple suppl\u00e9mentaire<\/li>\n<li>Compatible avec les bipodes Atlas et adaptable aux bipodes Harris<\/li>\n<li>R\u00e9trocompatible avec les rails ARCA standard<\/li>\n<li>Usin\u00e9 en aluminium 6061-T6 avec finition anodis\u00e9e noire de type III<\/li>\n<li>Vis en acier inoxydable 303<\/li>\n<li>Poids : 72,5 grammes<\/li>\n<\/ul>\n<p>La pince ARCALOCK d&rsquo;Area 419 offre stabilit\u00e9 et polyvalence, con\u00e7ue et fabriqu\u00e9e aux \u00c9tats-Unis.<\/p>\n<\/div>\n","protected":false},"excerpt":{"rendered":"<p>Pince de rail ARCA s\u00e9curis\u00e9e avec bouton noir pour fusils de pr\u00e9cision.<\/p>\n","protected":false},"featured_media":115371,"template":"","meta":{"_acf_changed":false},"product_brand":[11038],"product_cat":[12193,12141,390],"product_tag":[],"class_list":{"0":"post-141256","1":"product","2":"type-product","3":"status-publish","4":"has-post-thumbnail","6":"product_brand-area-419","7":"product_cat-fusil","8":"product_cat-rails","9":"product_cat-aiming","11":"first","12":"instock","13":"taxable","14":"shipping-taxable","15":"purchasable","16":"product-type-simple"},"acf":[],"_links":{"self":[{"href":"https:\/\/staging.nbg.eu\/fr\/wp-json\/wp\/v2\/product\/141256","targetHints":{"allow":["GET"]}}],"collection":[{"href":"https:\/\/staging.nbg.eu\/fr\/wp-json\/wp\/v2\/product"}],"about":[{"href":"https:\/\/staging.nbg.eu\/fr\/wp-json\/wp\/v2\/types\/product"}],"wp:featuredmedia":[{"embeddable":true,"href":"https:\/\/staging.nbg.eu\/fr\/wp-json\/wp\/v2\/media\/115371"}],"wp:attachment":[{"href":"https:\/\/staging.nbg.eu\/fr\/wp-json\/wp\/v2\/media?parent=141256"}],"wp:term":[{"taxonomy":"product_brand","embeddable":true,"href":"https:\/\/staging.nbg.eu\/fr\/wp-json\/wp\/v2\/product_brand?post=141256"},{"taxonomy":"product_cat","embeddable":true,"href":"https:\/\/staging.nbg.eu\/fr\/wp-json\/wp\/v2\/product_cat?post=141256"},{"taxonomy":"product_tag","embeddable":true,"href":"https:\/\/staging.nbg.eu\/fr\/wp-json\/wp\/v2\/product_tag?post=141256"}],"curies":[{"name":"wp","href":"https:\/\/api.w.org\/{rel}","templated":true}]}}