{"id":140961,"date":"2025-01-04T08:28:27","date_gmt":"2025-01-04T08:28:27","guid":{"rendered":"https:\/\/staging.nbg.eu\/product\/area-419-arcalock-dual-clamp-with-picatinny\/"},"modified":"2025-01-10T19:09:44","modified_gmt":"2025-01-10T19:09:44","slug":"area-419-double-collier-arcalock-avec-picatinny","status":"publish","type":"product","link":"https:\/\/staging.nbg.eu\/fr\/produit\/area-419-double-collier-arcalock-avec-picatinny\/","title":{"rendered":"Area 419 &#8211; Double Collier ARCALOCK avec Picatinny"},"content":{"rendered":"<div class=\"product-description\">\n<h2>Area 419 &#8211; ARCALOCK Double Pince avec Picatinny<\/h2>\n<p>Cette pince usin\u00e9e avec pr\u00e9cision, fabriqu\u00e9e aux \u00c9tats-Unis, offre une double fonctionnalit\u00e9 pour les rails ARCALOCK et Picatinny.<\/p>\n<ul>\n<li>Tension r\u00e9glable pour s&rsquo;adapter aux deux surfaces<\/li>\n<li>Interrupteur ARCALOCK \u00ab\u00a0Marche\/Arr\u00eat\u00a0\u00bb pour la compatibilit\u00e9 avec diff\u00e9rents fabricants<\/li>\n<li>Composants en acier tremp\u00e9 pour une meilleure fixation Picatinny<\/li>\n<li>Fixation ARMS 17S pour utilisation avec des bipodes courants<\/li>\n<\/ul>\n<p>Fabriqu\u00e9e en aluminium 6061-T6 et en acier inoxydable, elle p\u00e8se 0,57 kg et mesure 15,2 cm \u00d7 8,9 cm \u00d7 5,1 cm. Pour le tir \u00e0 moyenne et longue distance.<\/p>\n<p><strong>Note :<\/strong> Non compatible avec tous les dispositifs ARCALOCK Area 419, y compris les Garmin XERO Arms et RailChanger X.<\/p>\n<\/div>\n","protected":false},"excerpt":{"rendered":"<p>Pince polyvalente ARCALOCK\/Picatinny pour le tir de pr\u00e9cision.<\/p>\n","protected":false},"featured_media":115950,"template":"","meta":{"_acf_changed":false},"product_brand":[11038],"product_cat":[12193,12141],"product_tag":[],"class_list":{"0":"post-140961","1":"product","2":"type-product","3":"status-publish","4":"has-post-thumbnail","6":"product_brand-area-419","7":"product_cat-fusil","8":"product_cat-rails","10":"first","11":"outofstock","12":"taxable","13":"shipping-taxable","14":"purchasable","15":"product-type-simple"},"acf":[],"_links":{"self":[{"href":"https:\/\/staging.nbg.eu\/fr\/wp-json\/wp\/v2\/product\/140961","targetHints":{"allow":["GET"]}}],"collection":[{"href":"https:\/\/staging.nbg.eu\/fr\/wp-json\/wp\/v2\/product"}],"about":[{"href":"https:\/\/staging.nbg.eu\/fr\/wp-json\/wp\/v2\/types\/product"}],"wp:featuredmedia":[{"embeddable":true,"href":"https:\/\/staging.nbg.eu\/fr\/wp-json\/wp\/v2\/media\/115950"}],"wp:attachment":[{"href":"https:\/\/staging.nbg.eu\/fr\/wp-json\/wp\/v2\/media?parent=140961"}],"wp:term":[{"taxonomy":"product_brand","embeddable":true,"href":"https:\/\/staging.nbg.eu\/fr\/wp-json\/wp\/v2\/product_brand?post=140961"},{"taxonomy":"product_cat","embeddable":true,"href":"https:\/\/staging.nbg.eu\/fr\/wp-json\/wp\/v2\/product_cat?post=140961"},{"taxonomy":"product_tag","embeddable":true,"href":"https:\/\/staging.nbg.eu\/fr\/wp-json\/wp\/v2\/product_tag?post=140961"}],"curies":[{"name":"wp","href":"https:\/\/api.w.org\/{rel}","templated":true}]}}