{"id":140855,"date":"2025-01-04T07:33:44","date_gmt":"2025-01-10T19:01:11","guid":{"rendered":"https:\/\/staging.nbg.eu\/product\/area-419-arcalock-qd-clamp\/"},"modified":"2025-10-12T20:36:46","modified_gmt":"2025-10-12T17:36:46","slug":"area-419-collier-qd-arcalock","status":"publish","type":"product","link":"https:\/\/staging.nbg.eu\/fr\/produit\/area-419-collier-qd-arcalock\/","title":{"rendered":"Area 419 &#8211; Collier QD ARCALOCK"},"content":{"rendered":"<div class=\"product-description\">\n<h2>Area 419 &#8211; Pince QD ARCALOCK<\/h2>\n<p>La pince QD ARCALOCK d&rsquo;Area 419 fonctionne sur tous les rails \u00e0 queue d&rsquo;aronde ARCA\/1,5&Prime; standard, offrant une solution verrouill\u00e9e m\u00e9caniquement pour une stabilit\u00e9 accrue.<\/p>\n<ul>\n<li>Conception de vis \u00e0 deux \u00e9tages pour un mouvement rapide et un couple suppl\u00e9mentaire<\/li>\n<li>Compatible avec les bipodes Atlas et adaptable aux bipodes Harris<\/li>\n<li>R\u00e9trocompatible avec les rails ARCA standard<\/li>\n<li>Usin\u00e9 en aluminium 6061-T6 avec anodisation noire de type III<\/li>\n<li>Vis en acier inoxydable 303 pour la durabilit\u00e9<\/li>\n<li>L\u00e9g\u00e8re, pesant seulement 72,5 grammes<\/li>\n<\/ul>\n<p>La pince QD ARCALOCK est con\u00e7ue et fabriqu\u00e9e aux \u00c9tats-Unis par Area 419.<\/p>\n<\/div>\n","protected":false},"excerpt":{"rendered":"<p>Pince ARCA \u00e0 d\u00e9tachement rapide avec m\u00e9canisme de verrouillage pour un montage s\u00e9curis\u00e9.<\/p>\n","protected":false},"featured_media":115493,"template":"","meta":{"_acf_changed":false},"product_brand":[11038],"product_cat":[12193,12141,390],"product_tag":[],"class_list":{"0":"post-140855","1":"product","2":"type-product","3":"status-publish","4":"has-post-thumbnail","6":"product_brand-area-419","7":"product_cat-fusil","8":"product_cat-rails","9":"product_cat-aiming","11":"first","12":"instock","13":"taxable","14":"shipping-taxable","15":"purchasable","16":"product-type-simple"},"acf":[],"_links":{"self":[{"href":"https:\/\/staging.nbg.eu\/fr\/wp-json\/wp\/v2\/product\/140855","targetHints":{"allow":["GET"]}}],"collection":[{"href":"https:\/\/staging.nbg.eu\/fr\/wp-json\/wp\/v2\/product"}],"about":[{"href":"https:\/\/staging.nbg.eu\/fr\/wp-json\/wp\/v2\/types\/product"}],"wp:featuredmedia":[{"embeddable":true,"href":"https:\/\/staging.nbg.eu\/fr\/wp-json\/wp\/v2\/media\/115493"}],"wp:attachment":[{"href":"https:\/\/staging.nbg.eu\/fr\/wp-json\/wp\/v2\/media?parent=140855"}],"wp:term":[{"taxonomy":"product_brand","embeddable":true,"href":"https:\/\/staging.nbg.eu\/fr\/wp-json\/wp\/v2\/product_brand?post=140855"},{"taxonomy":"product_cat","embeddable":true,"href":"https:\/\/staging.nbg.eu\/fr\/wp-json\/wp\/v2\/product_cat?post=140855"},{"taxonomy":"product_tag","embeddable":true,"href":"https:\/\/staging.nbg.eu\/fr\/wp-json\/wp\/v2\/product_tag?post=140855"}],"curies":[{"name":"wp","href":"https:\/\/api.w.org\/{rel}","templated":true}]}}