{"id":140745,"date":"2025-01-04T10:50:43","date_gmt":"2025-01-04T10:50:43","guid":{"rendered":"https:\/\/staging.nbg.eu\/product\/area-419-mlok-nut-and-screw-set\/"},"modified":"2025-01-10T18:39:03","modified_gmt":"2025-01-10T18:39:03","slug":"area-419-kit-ecrou-et-vis-mlok","status":"publish","type":"product","link":"https:\/\/staging.nbg.eu\/fr\/produit\/area-419-kit-ecrou-et-vis-mlok\/","title":{"rendered":"Area 419 &#8211; Kit Ecrou et Vis MLOK"},"content":{"rendered":"<div class=\"product-description\">\n<h2>Area 419 &#8211; Ensemble d&rsquo;\u00e9crous et de vis MLOK<\/h2>\n<p>Ensemble de mat\u00e9riel pour accessoires M-LOK. Ce kit assure une fixation s\u00fbre pour tous les \u00e9quipements compatibles M-LOK.<\/p>\n<h3>Caract\u00e9ristiques principales :<\/h3>\n<ul>\n<li>Comprend 4 \u00e9crous MLOK et 4 vis<\/li>\n<li>Fabriqu\u00e9 en acier 4140 Chromoly<\/li>\n<li>Finition phosphate de mangan\u00e8se selon sp\u00e9cifications militaires pour la r\u00e9sistance \u00e0 la corrosion<\/li>\n<li>Compatible avec tous les accessoires M-LOK<\/li>\n<li>Con\u00e7u pour un ajustement et un fonctionnement optimal<\/li>\n<\/ul>\n<h3>Sp\u00e9cifications :<\/h3>\n<ul>\n<li>Poids : 0,045 kg<\/li>\n<li>Dimensions : 0,76 \u00d7 0,76 \u00d7 0,76 cm<\/li>\n<\/ul>\n<p>Ensemble de remplacement d&rsquo;\u00e9crous en T M-LOK. Produit Area 419 pour une performance durable.<\/p>\n<\/div>\n","protected":false},"excerpt":{"rendered":"<p>Ensemble de quincaillerie M-LOK en acier 4140 : 4 \u00e9crous, 4 vis. Finition aux normes militaires.<\/p>\n","protected":false},"featured_media":117738,"template":"","meta":{"_acf_changed":false},"product_brand":[11038],"product_cat":[12193,12141],"product_tag":[],"class_list":{"0":"post-140745","1":"product","2":"type-product","3":"status-publish","4":"has-post-thumbnail","6":"product_brand-area-419","7":"product_cat-fusil","8":"product_cat-rails","10":"first","11":"instock","12":"taxable","13":"shipping-taxable","14":"purchasable","15":"product-type-simple"},"acf":[],"_links":{"self":[{"href":"https:\/\/staging.nbg.eu\/fr\/wp-json\/wp\/v2\/product\/140745","targetHints":{"allow":["GET"]}}],"collection":[{"href":"https:\/\/staging.nbg.eu\/fr\/wp-json\/wp\/v2\/product"}],"about":[{"href":"https:\/\/staging.nbg.eu\/fr\/wp-json\/wp\/v2\/types\/product"}],"wp:featuredmedia":[{"embeddable":true,"href":"https:\/\/staging.nbg.eu\/fr\/wp-json\/wp\/v2\/media\/117738"}],"wp:attachment":[{"href":"https:\/\/staging.nbg.eu\/fr\/wp-json\/wp\/v2\/media?parent=140745"}],"wp:term":[{"taxonomy":"product_brand","embeddable":true,"href":"https:\/\/staging.nbg.eu\/fr\/wp-json\/wp\/v2\/product_brand?post=140745"},{"taxonomy":"product_cat","embeddable":true,"href":"https:\/\/staging.nbg.eu\/fr\/wp-json\/wp\/v2\/product_cat?post=140745"},{"taxonomy":"product_tag","embeddable":true,"href":"https:\/\/staging.nbg.eu\/fr\/wp-json\/wp\/v2\/product_tag?post=140745"}],"curies":[{"name":"wp","href":"https:\/\/api.w.org\/{rel}","templated":true}]}}