{"id":140552,"date":"2025-01-04T07:09:46","date_gmt":"2025-01-10T17:48:21","guid":{"rendered":"https:\/\/staging.nbg.eu\/product\/area-419-arcalock-arm-for-garmin-xero\/"},"modified":"2025-01-10T17:50:31","modified_gmt":"2025-01-10T17:50:31","slug":"area-419-bras-arcalock-pour-garmin-xero","status":"publish","type":"product","link":"https:\/\/staging.nbg.eu\/fr\/produit\/area-419-bras-arcalock-pour-garmin-xero\/","title":{"rendered":"Area 419 &#8211; Bras ARCALOCK pour Garmin Xero"},"content":{"rendered":"<div class=\"product-description\">\n<h2>Area 419 &#8211; Bras ARCALOCK pour Garmin Xero C1<\/h2>\n<p>Augmentez la polyvalence de votre Garmin Xero C1 avec notre bras ARCALOCK. Cet accessoire permet plusieurs options de montage :<\/p>\n<ul>\n<li>En ligne avec le canon (montage en plongeur ou lat\u00e9ral)<\/li>\n<li>D\u00e9cal\u00e9 en utilisant un rail ARCA ou un rail pic allong\u00e9<\/li>\n<li>D\u00e9tachable pour une utilisation sur tout tr\u00e9pied compatible ARCA<\/li>\n<\/ul>\n<p>Fabriqu\u00e9 en aluminium usin\u00e9, ce bras pr\u00e9sente un motif de montage 17S compatible avec nos pinces Arcalock ou notre pince \u00e0 levier picatinny \u00e0 d\u00e9connexion rapide. Le compl\u00e9ment pour votre chronographe Garmin Xero C1.<\/p>\n<h3>Sp\u00e9cifications :<\/h3>\n<ul>\n<li>Poids : 454 g<\/li>\n<li>Dimensions : 15,24 cm \u00d7 10,16 cm \u00d7 2,54 cm<\/li>\n<\/ul>\n<\/div>\n","protected":false},"excerpt":{"rendered":"<p>Support polyvalent pour Garmin Xero C1 : Compatible avec le canon, le rail ou le tr\u00e9pied.<\/p>\n","protected":false},"featured_media":114881,"template":"","meta":{"_acf_changed":false},"product_brand":[11038],"product_cat":[12193,12141],"product_tag":[],"class_list":{"0":"post-140552","1":"product","2":"type-product","3":"status-publish","4":"has-post-thumbnail","6":"product_brand-area-419","7":"product_cat-fusil","8":"product_cat-rails","10":"first","11":"instock","12":"taxable","13":"shipping-taxable","14":"purchasable","15":"product-type-variable","16":"wvs-archive-product-wrapper"},"acf":[],"_links":{"self":[{"href":"https:\/\/staging.nbg.eu\/fr\/wp-json\/wp\/v2\/product\/140552","targetHints":{"allow":["GET"]}}],"collection":[{"href":"https:\/\/staging.nbg.eu\/fr\/wp-json\/wp\/v2\/product"}],"about":[{"href":"https:\/\/staging.nbg.eu\/fr\/wp-json\/wp\/v2\/types\/product"}],"wp:featuredmedia":[{"embeddable":true,"href":"https:\/\/staging.nbg.eu\/fr\/wp-json\/wp\/v2\/media\/114881"}],"wp:attachment":[{"href":"https:\/\/staging.nbg.eu\/fr\/wp-json\/wp\/v2\/media?parent=140552"}],"wp:term":[{"taxonomy":"product_brand","embeddable":true,"href":"https:\/\/staging.nbg.eu\/fr\/wp-json\/wp\/v2\/product_brand?post=140552"},{"taxonomy":"product_cat","embeddable":true,"href":"https:\/\/staging.nbg.eu\/fr\/wp-json\/wp\/v2\/product_cat?post=140552"},{"taxonomy":"product_tag","embeddable":true,"href":"https:\/\/staging.nbg.eu\/fr\/wp-json\/wp\/v2\/product_tag?post=140552"}],"curies":[{"name":"wp","href":"https:\/\/api.w.org\/{rel}","templated":true}]}}